{"id":164276,"date":"2026-04-08T16:17:20","date_gmt":"2026-04-08T14:17:20","guid":{"rendered":"https:\/\/secureus.se\/magicard-300-duo-id-kortsskrivare-med-kodare-for-magnetremsa-smartkort-elatec-dubbelsidig\/"},"modified":"2026-04-27T12:37:51","modified_gmt":"2026-04-27T10:37:51","slug":"magicard-300-duo-id-kortsskrivare-med-kodare-for-magnetremsa-smartkort-elatec-dubbelsidig","status":"publish","type":"product","link":"https:\/\/secureus.se\/fr\/magicard-300-duo-id-kortsskrivare-med-kodare-for-magnetremsa-smartkort-elatec-dubbelsidig\/","title":{"rendered":"Imprimante de cartes d&#039;identit\u00e9 Magicard 300 DUO avec encodeur pour cartes \u00e0 bande magn\u00e9tique et cartes \u00e0 puce (Elatec) \u2013 Double face"},"content":{"rendered":"<h3 data-section-id=\"1c21mlj\" data-start=\"813\" data-end=\"893\">Magicard 300 DUO \u2013 Imprimante de cartes d&#039;identit\u00e9 avec encodeur \u00e0 bande magn\u00e9tique et \u00e0 puce<\/h3>\n<p data-start=\"895\" data-end=\"1141\">L&#039;imprimante Magicard 300 DUO (P-MAG-3300-0024) est une solution compl\u00e8te pour les organisations exigeant une flexibilit\u00e9 maximale. Gr\u00e2ce \u00e0 l&#039;encodage de bandes magn\u00e9tiques et de cartes \u00e0 puce via Elatec, elle permet de produire des cartes compatibles avec les syst\u00e8mes anciens et modernes.<\/p>\n<p data-start=\"1143\" data-end=\"1295\">Ce mod\u00e8le est donc particuli\u00e8rement adapt\u00e9 aux entreprises qui passent des cartes magn\u00e9tiques \u00e0 la RFID ou qui ont besoin de prendre en charge plusieurs technologies simultan\u00e9ment.<\/p>\n<hr data-start=\"1297\" data-end=\"1300\" \/>\n<h3 data-section-id=\"1fkbgtw\" data-start=\"1302\" data-end=\"1355\">Flexibilit\u00e9 totale \u2013 deux technologies dans une seule imprimante<\/h3>\n<p data-start=\"1357\" data-end=\"1383\">L&#039;imprimante est \u00e9quip\u00e9e de\u00a0:<\/p>\n<ul data-start=\"1385\" data-end=\"1473\">\n<li data-section-id=\"1txky9z\" data-start=\"1385\" data-end=\"1427\">Encodeurs \u00e0 bande magn\u00e9tique (HiCo et LoCo)<\/li>\n<li data-section-id=\"phtq8q\" data-start=\"1428\" data-end=\"1473\">Encodage par carte \u00e0 puce (Elatec \u2013 RFID et puce)<\/li>\n<\/ul>\n<p data-start=\"1475\" data-end=\"1500\">Il vous permet de cr\u00e9er\u00a0:<\/p>\n<ul data-start=\"1502\" data-end=\"1634\">\n<li data-section-id=\"1h53p7w\" data-start=\"1502\" data-end=\"1516\">Carte d&#039;acc\u00e8s<\/li>\n<li data-section-id=\"ojsrmd\" data-start=\"1517\" data-end=\"1550\">Carte de membre du personnel avec autorisations<\/li>\n<li data-section-id=\"15h7qs1\" data-start=\"1551\" data-end=\"1566\">Carte de membre<\/li>\n<li data-section-id=\"vjf6bz\" data-start=\"1567\" data-end=\"1602\">Fiches du syst\u00e8me de pointage et de pr\u00e9sence<\/li>\n<li data-section-id=\"1sbzrin\" data-start=\"1603\" data-end=\"1634\">Cartes RFID et \u00e0 puce<\/li>\n<\/ul>\n<p data-start=\"1636\" data-end=\"1703\">Une solution \u00e9volutive qui couvre les syst\u00e8mes existants et nouveaux.<\/p>\n<hr data-start=\"1705\" data-end=\"1708\" \/>\n<h3 data-section-id=\"vxhmmy\" data-start=\"1710\" data-end=\"1745\">Qualit\u00e9 d&#039;impression professionnelle<\/h3>\n<p data-start=\"1747\" data-end=\"1809\">La Magicard 300 produit des impressions \u00e0 300 x 300 ppp, offrant\u00a0:<\/p>\n<ul data-start=\"1811\" data-end=\"1879\">\n<li data-section-id=\"phpm8s\" data-start=\"1811\" data-end=\"1834\">Photos nettes<\/li>\n<li data-section-id=\"w9cw7n\" data-start=\"1835\" data-end=\"1855\">Logos Sharp<\/li>\n<li data-section-id=\"1u9ihby\" data-start=\"1856\" data-end=\"1879\">Bonne reproduction des couleurs<\/li>\n<\/ul>\n<p data-start=\"1881\" data-end=\"1995\">Parfait pour la production quotidienne de cartes o\u00f9 la fonctionnalit\u00e9 et l&#039;apparence sont toutes deux importantes.<\/p>\n<hr data-start=\"1997\" data-end=\"2000\" \/>\n<h3 data-section-id=\"jeuuy4\" data-start=\"2002\" data-end=\"2043\">Impression recto verso pour plus de fonctionnalit\u00e9s<\/h3>\n<p data-start=\"2045\" data-end=\"2097\">L&#039;impression recto verso vous permet d&#039;utiliser toute la surface de la carte\u00a0:<\/p>\n<ul data-start=\"2099\" data-end=\"2186\">\n<li data-section-id=\"hm56il\" data-start=\"2099\" data-end=\"2131\">Recto : photo et identit\u00e9<\/li>\n<li data-section-id=\"h879by\" data-start=\"2132\" data-end=\"2186\">Au verso : r\u00e8gles, code-barres ou informations suppl\u00e9mentaires<\/li>\n<\/ul>\n<p data-start=\"2188\" data-end=\"2231\">Fournit des cartes plus professionnelles et utiles.<\/p>\n<hr data-start=\"2233\" data-end=\"2236\" \/>\n<h3 data-section-id=\"1witxs8\" data-start=\"2238\" data-end=\"2272\">Production efficace et stable<\/h3>\n<p data-start=\"2274\" data-end=\"2319\">La Magicard 300 est con\u00e7ue pour un fonctionnement continu\u00a0:<\/p>\n<ul data-start=\"2321\" data-end=\"2430\">\n<li data-section-id=\"78jwjh\" data-start=\"2321\" data-end=\"2356\">Jusqu&#039;\u00e0 160 cartes de couleur par heure<\/li>\n<li data-section-id=\"1t4kpyp\" data-start=\"2357\" data-end=\"2398\">Jusqu&#039;\u00e0 720 cartes monochromes par heure<\/li>\n<li data-section-id=\"1n6agks\" data-start=\"2399\" data-end=\"2430\">Environ 23 secondes par carte de couleur<\/li>\n<\/ul>\n<p data-start=\"2432\" data-end=\"2529\">Id\u00e9al pour les entreprises ayant des besoins r\u00e9guliers d&#039;impression de cartes.<\/p>\n<hr data-start=\"2531\" data-end=\"2534\" \/>\n<h3 data-section-id=\"6vgjf0\" data-start=\"2536\" data-end=\"2556\">S\u00e9curit\u00e9 int\u00e9gr\u00e9e<\/h3>\n<ul data-start=\"2558\" data-end=\"2701\">\n<li data-section-id=\"m6s4sw\" data-start=\"2558\" data-end=\"2616\"><strong data-start=\"2560\" data-end=\"2587\">Filigrane HoloKote\u00ae<\/strong> prot\u00e8ge les cartes contre la copie<\/li>\n<li data-section-id=\"1tgs8is\" data-start=\"2617\" data-end=\"2647\">Possibilit\u00e9 de votre propre design<\/li>\n<li data-section-id=\"16g0s5p\" data-start=\"2648\" data-end=\"2701\"><strong data-start=\"2650\" data-end=\"2671\">Destruction num\u00e9rique<\/strong> supprime les donn\u00e9es apr\u00e8s impression<\/li>\n<\/ul>\n<p data-start=\"2703\" data-end=\"2782\">Assure \u00e0 la fois la protection visuelle et la s\u00e9curit\u00e9 des donn\u00e9es.<\/p>\n<hr data-start=\"2784\" data-end=\"2787\" \/>\n<h3 data-section-id=\"l8c361\" data-start=\"2789\" data-end=\"2827\">Installation et int\u00e9gration faciles<\/h3>\n<ul data-start=\"2829\" data-end=\"2905\">\n<li data-section-id=\"142d0jd\" data-start=\"2829\" data-end=\"2849\">USB et Ethernet<\/li>\n<li data-section-id=\"14vqazo\" data-start=\"2850\" data-end=\"2865\">Plug &amp; play<\/li>\n<li data-section-id=\"1t6mqmk\" data-start=\"2866\" data-end=\"2905\">Facile \u00e0 utiliser sans connaissances informatiques avanc\u00e9es<\/li>\n<\/ul>\n<p data-start=\"2907\" data-end=\"2953\">Convient aux petites et moyennes entreprises.<\/p>\n<hr data-start=\"2955\" data-end=\"2958\" \/>\n<h3 data-section-id=\"16h16n3\" data-start=\"2960\" data-end=\"2999\">Solution stable et \u00e9conomique<\/h3>\n<p data-start=\"3001\" data-end=\"3054\">La Magicard 300 est con\u00e7ue pour une utilisation \u00e0 long terme\u00a0:<\/p>\n<ul data-start=\"3056\" data-end=\"3136\">\n<li data-section-id=\"1mvpx1e\" data-start=\"3056\" data-end=\"3079\">Qualit\u00e9 de fabrication robuste<\/li>\n<li data-section-id=\"1itc5tk\" data-start=\"3080\" data-end=\"3115\">Utilisation efficace des rubans<\/li>\n<li data-section-id=\"1j0twub\" data-start=\"3116\" data-end=\"3136\">Faibles co\u00fbts d&#039;exploitation<\/li>\n<\/ul>\n<p data-start=\"3138\" data-end=\"3239\">L&#039;imprimante optimise \u00e9galement le ruban encreur afin de minimiser le gaspillage.<\/p>\n<hr data-start=\"3241\" data-end=\"3244\" \/>\n<h3 data-section-id=\"iwf276\" data-start=\"3246\" data-end=\"3270\">Garantie et s\u00e9curit\u00e9<\/h3>\n<ul data-start=\"3272\" data-end=\"3353\">\n<li data-section-id=\"l98imx\" data-start=\"3272\" data-end=\"3289\">Garantie de 3 ans<\/li>\n<li data-section-id=\"1dh68nb\" data-start=\"3290\" data-end=\"3322\">Acc\u00e8s au soutien mondial<\/li>\n<li data-section-id=\"n39f82\" data-start=\"3323\" data-end=\"3353\">Possibilit\u00e9 d&#039;extension<\/li>\n<\/ul>\n<p data-start=\"3355\" data-end=\"3460\">S&#039;applique en cas d&#039;utilisation de consommables d&#039;origine et d&#039;entretien appropri\u00e9.<\/p>\n<hr data-start=\"3462\" data-end=\"3465\" \/>\n<h3 data-section-id=\"12w8785\" data-start=\"3467\" data-end=\"3512\">Sp\u00e9cifications techniques (r\u00e9sum\u00e9)<\/h3>\n<ul data-start=\"3514\" data-end=\"3834\">\n<li data-section-id=\"1hz4hq0\" data-start=\"3514\" data-end=\"3552\">Mod\u00e8le : Magicard 300 DUO Mag Smart<\/li>\n<li data-section-id=\"1qqryrm\" data-start=\"3553\" data-end=\"3587\">Num\u00e9ro d&#039;article : P-MAG-3300-0024<\/li>\n<li data-section-id=\"1vn1bje\" data-start=\"3588\" data-end=\"3613\">Impression recto verso<\/li>\n<li data-section-id=\"1nsuhxh\" data-start=\"3614\" data-end=\"3643\">R\u00e9solution : 300 x 300 ppp<\/li>\n<li data-section-id=\"1c6m1mp\" data-start=\"3644\" data-end=\"3682\">Vitesse : jusqu&#039;\u00e0 160 cartes\/heure<\/li>\n<li data-section-id=\"2o8h57\" data-start=\"3683\" data-end=\"3728\">Codage : Bande magn\u00e9tique + carte \u00e0 puce (Elatec)<\/li>\n<li data-section-id=\"6qlhy1\" data-start=\"3729\" data-end=\"3758\">Capacit\u00e9 : 100 entr\u00e9es \/ 70 sorties<\/li>\n<li data-section-id=\"1fr1ygq\" data-start=\"3759\" data-end=\"3786\">Format de carte : CR80 \/ CR79<\/li>\n<li data-section-id=\"794tec\" data-start=\"3787\" data-end=\"3816\">Connexion : USB, Ethernet<\/li>\n<li data-section-id=\"qnevs9\" data-start=\"3817\" data-end=\"3834\">Poids : environ 5 kg<\/li>\n<\/ul>\n<hr data-start=\"3836\" data-end=\"3839\" \/>\n<h3 data-section-id=\"11hcs70\" data-start=\"3841\" data-end=\"3865\">Important \u00e0 consid\u00e9rer<\/h3>\n<ul data-start=\"3867\" data-end=\"3968\">\n<li data-section-id=\"ddg5am\" data-start=\"3867\" data-end=\"3888\">Ruban non inclus<\/li>\n<li data-section-id=\"ul3fqp\" data-start=\"3889\" data-end=\"3936\">Consommables Magicard d&#039;origine recommand\u00e9s<\/li>\n<li data-section-id=\"1wxbumd\" data-start=\"3937\" data-end=\"3968\">Nettoyage r\u00e9gulier requis<\/li>\n<\/ul>\n<hr data-start=\"3970\" data-end=\"3973\" \/>\n<h3 data-section-id=\"ethgyn\" data-start=\"3975\" data-end=\"3990\">Parfait pour<\/h3>\n<ul data-start=\"3992\" data-end=\"4162\">\n<li data-section-id=\"16s7ssg\" data-start=\"3992\" data-end=\"4039\">Entreprises disposant \u00e0 la fois d&#039;anciens et de nouveaux syst\u00e8mes de contr\u00f4le d&#039;acc\u00e8s<\/li>\n<li data-section-id=\"zg5dek\" data-start=\"4040\" data-end=\"4079\">Les organisations qui passent \u00e0 la RFID<\/li>\n<li data-section-id=\"nm32nw\" data-start=\"4080\" data-end=\"4107\">Cartes de membre et d&#039;acc\u00e8s<\/li>\n<li data-section-id=\"1twnyix\" data-start=\"4108\" data-end=\"4136\">\u00c9coles et institutions<\/li>\n<li data-section-id=\"tgwext\" data-start=\"4137\" data-end=\"4162\">Production quotidienne de cartes<\/li>\n<\/ul>\n<hr data-start=\"4164\" data-end=\"4167\" \/>\n<h2 data-section-id=\"1nhgcqf\" data-start=\"4169\" data-end=\"4195\"><span role=\"text\"><strong data-start=\"4172\" data-end=\"4195\">Positionnement rapide<\/strong><\/span><\/h2>\n<p data-start=\"4197\" data-end=\"4232\">Voici le mod\u00e8le id\u00e9al pour vous qui :<\/p>\n<ul data-start=\"4233\" data-end=\"4372\">\n<li data-section-id=\"21umtb\" data-start=\"4233\" data-end=\"4278\">besoin <strong data-start=\"4243\" data-end=\"4276\">cartes magn\u00e9tiques et cartes \u00e0 puce<\/strong><\/li>\n<li data-section-id=\"p6a8wn\" data-start=\"4279\" data-end=\"4329\">vouloir <strong data-start=\"4289\" data-end=\"4327\">flexibilit\u00e9 maximale dans une imprimante<\/strong><\/li>\n<li data-section-id=\"3m396d\" data-start=\"4330\" data-end=\"4372\">je recherche un <strong data-start=\"4341\" data-end=\"4372\">solution tout-en-un abordable<\/strong><\/li>\n<\/ul>","protected":false},"excerpt":{"rendered":"<p data-start=\"317\" data-end=\"551\">L&#039;imprimante Magicard 300 DUO avec encodeur pour cartes \u00e0 bande magn\u00e9tique et cartes \u00e0 puce (Elatec) est une solution flexible pour les organisations utilisant \u00e0 la fois des syst\u00e8mes de cartes traditionnels et modernes. Elle est id\u00e9ale pour les syst\u00e8mes de contr\u00f4le d&#039;acc\u00e8s, les cartes de membre et les solutions combin\u00e9es.<\/p>\n<ul data-start=\"553\" data-end=\"781\">\n<li data-section-id=\"1uls68x\" data-start=\"553\" data-end=\"586\">Impression recto verso (duplex)<\/li>\n<li data-section-id=\"1fl0y0c\" data-start=\"587\" data-end=\"627\">Encodeur \u00e0 bande magn\u00e9tique (HiCo \/ LoCo)<\/li>\n<li data-section-id=\"1qzgasc\" data-start=\"628\" data-end=\"673\">Codage de cartes \u00e0 puce via Elatec (RFID \/ puce)<\/li>\n<li data-section-id=\"vguep3\" data-start=\"674\" data-end=\"708\">300 x 300 ppp pour les cartes transparentes<\/li>\n<li data-section-id=\"78jwjh\" data-start=\"709\" data-end=\"744\">Jusqu&#039;\u00e0 160 cartes de couleur par heure<\/li>\n<li data-section-id=\"sg0mgt\" data-start=\"745\" data-end=\"781\">Filigrane de s\u00e9curit\u00e9 HoloKote\u00ae<\/li>\n<\/ul>","protected":false},"featured_media":164270,"template":"","meta":{"_acf_changed":false},"product_brand":[],"product_cat":[3208],"product_tag":[],"class_list":{"0":"post-164276","1":"product","2":"type-product","3":"status-publish","4":"has-post-thumbnail","6":"product_cat-magicard","7":"product_shipping_class-tunga-paket","8":"pa_brands-magicard","9":"tm-no-options","11":"first","12":"instock","13":"sale","14":"taxable","15":"shipping-taxable","16":"purchasable","17":"product-type-simple"},"acf":[],"_links":{"self":[{"href":"https:\/\/secureus.se\/fr\/wp-json\/wp\/v2\/product\/164276","targetHints":{"allow":["GET"]}}],"collection":[{"href":"https:\/\/secureus.se\/fr\/wp-json\/wp\/v2\/product"}],"about":[{"href":"https:\/\/secureus.se\/fr\/wp-json\/wp\/v2\/types\/product"}],"wp:featuredmedia":[{"embeddable":true,"href":"https:\/\/secureus.se\/fr\/wp-json\/wp\/v2\/media\/164270"}],"wp:attachment":[{"href":"https:\/\/secureus.se\/fr\/wp-json\/wp\/v2\/media?parent=164276"}],"wp:term":[{"taxonomy":"product_brand","embeddable":true,"href":"https:\/\/secureus.se\/fr\/wp-json\/wp\/v2\/product_brand?post=164276"},{"taxonomy":"product_cat","embeddable":true,"href":"https:\/\/secureus.se\/fr\/wp-json\/wp\/v2\/product_cat?post=164276"},{"taxonomy":"product_tag","embeddable":true,"href":"https:\/\/secureus.se\/fr\/wp-json\/wp\/v2\/product_tag?post=164276"}],"curies":[{"name":"wp","href":"https:\/\/api.w.org\/{rel}","templated":true}]}}