{"id":164285,"date":"2026-04-08T17:17:05","date_gmt":"2026-04-08T15:17:05","guid":{"rendered":"https:\/\/secureus.se\/?post_type=product&#038;p=164285"},"modified":"2026-04-08T17:50:10","modified_gmt":"2026-04-08T15:50:10","slug":"magicard-prima-802-duo-retransfer-id-kortsskrivare-dubbelsidig","status":"publish","type":"product","link":"https:\/\/secureus.se\/fr\/magicard-prima-802-duo-retransfer-id-kortsskrivare-dubbelsidig\/","title":{"rendered":"Imprimante de cartes d&#039;identit\u00e9 \u00e0 retransfert Magicard Prima 802 DUO \u2013 Double face"},"content":{"rendered":"<h3 data-section-id=\"1mcir3c\" data-start=\"852\" data-end=\"932\">Magicard Prima 8 DUO \u2013 Imprimante \u00e0 retransfert pour une qualit\u00e9 et une s\u00e9curit\u00e9 maximales<\/h3>\n<p data-start=\"934\" data-end=\"1222\">L&#039;imprimante Magicard Prima 802 DUO est une imprimante de cartes d&#039;identit\u00e9 \u00e0 retransfert de pointe, con\u00e7ue pour les organisations exigeant une qualit\u00e9 d&#039;impression et une s\u00e9curit\u00e9 optimales. Elle est fr\u00e9quemment utilis\u00e9e dans les agences gouvernementales, les grandes entreprises et les environnements \u00e0 haut risque o\u00f9 la qualit\u00e9 et la protection des cartes sont essentielles.<\/p>\n<p data-start=\"1224\" data-end=\"1477\">Contrairement aux imprimantes directes sur carte traditionnelles, la Prima 8 imprime d&#039;abord le motif sur un film de transfert qui est ensuite appliqu\u00e9 sur la carte. On obtient ainsi une impression couvrant toute la surface de la carte sans bords blancs, ainsi qu&#039;une finition plus durable et professionnelle.<\/p>\n<hr data-start=\"1479\" data-end=\"1482\" \/>\n<h3 data-section-id=\"a2krbe\" data-start=\"1484\" data-end=\"1524\">Impression bord \u00e0 bord de qualit\u00e9 photo<\/h3>\n<p data-start=\"1526\" data-end=\"1550\">La technologie de retransfert permet\u00a0:<\/p>\n<ul data-start=\"1552\" data-end=\"1700\">\n<li data-section-id=\"xdfeyn\" data-start=\"1552\" data-end=\"1594\">Impression bord \u00e0 bord<\/li>\n<li data-section-id=\"1hyzrqj\" data-start=\"1595\" data-end=\"1624\">Qualit\u00e9 d&#039;image comparable \u00e0 une photo<\/li>\n<li data-section-id=\"s419eu\" data-start=\"1625\" data-end=\"1659\">Des couleurs plus profondes et une surface plus lisse<\/li>\n<li data-section-id=\"1oltawy\" data-start=\"1660\" data-end=\"1700\">Des r\u00e9sultats parfaits m\u00eame sur des planches irr\u00e9guli\u00e8res<\/li>\n<\/ul>\n<p data-start=\"1702\" data-end=\"1778\">Cela rend Prima 8 id\u00e9al pour les cartes d&#039;identit\u00e9 o\u00f9 le design et la qualit\u00e9 sont essentiels.<\/p>\n<hr data-start=\"1780\" data-end=\"1783\" \/>\n<h3 data-section-id=\"etgvti\" data-start=\"1785\" data-end=\"1823\">Haute s\u00e9curit\u00e9 avec protection UV et lamination<\/h3>\n<p data-start=\"1825\" data-end=\"1872\">La carte Magicard Prima 8 offre plusieurs niveaux de s\u00e9curit\u00e9\u00a0:<\/p>\n<ul data-start=\"1874\" data-end=\"2054\">\n<li data-section-id=\"qdmnfd\" data-start=\"1874\" data-end=\"1924\"><strong data-start=\"1876\" data-end=\"1891\">Impression UV<\/strong> pour les textes et logos cach\u00e9s<\/li>\n<li data-section-id=\"tlgm0b\" data-start=\"1925\" data-end=\"1968\">Possibilit\u00e9 de <strong data-start=\"1942\" data-end=\"1966\">stratifi\u00e9s holographiques<\/strong><\/li>\n<li data-section-id=\"1dmbtqo\" data-start=\"1969\" data-end=\"2020\">Dispositifs de s\u00e9curit\u00e9 en ligne et post-traitement<\/li>\n<li data-section-id=\"dpl8k7\" data-start=\"2021\" data-end=\"2054\">Verrouillage logique int\u00e9gr\u00e9 de l&#039;imprimante<\/li>\n<\/ul>\n<p data-start=\"2056\" data-end=\"2181\">Les \u00e9l\u00e9ments UV ne deviennent visibles que sous une lumi\u00e8re UV et sont souvent utilis\u00e9s dans les cartes de s\u00e9curit\u00e9.<\/p>\n<hr data-start=\"2183\" data-end=\"2186\" \/>\n<h3 data-section-id=\"1xxz08b\" data-start=\"2188\" data-end=\"2228\">Haute r\u00e9solution pour les fonctions de s\u00e9curit\u00e9<\/h3>\n<ul data-start=\"2230\" data-end=\"2292\">\n<li data-section-id=\"8gw46z\" data-start=\"2230\" data-end=\"2262\">Standard : retransfert \u00e0 300 ppp<\/li>\n<li data-section-id=\"lccql3\" data-start=\"2263\" data-end=\"2292\">Optionnel\u00a0: jusqu\u2019\u00e0 600\u00a0dpi<\/li>\n<\/ul>\n<p data-start=\"2294\" data-end=\"2346\">La haute r\u00e9solution permet d&#039;imprimer\u00a0:<\/p>\n<ul data-start=\"2348\" data-end=\"2415\">\n<li data-section-id=\"fts4sn\" data-start=\"2348\" data-end=\"2361\">Microtext<\/li>\n<li data-section-id=\"nlu4r5\" data-start=\"2362\" data-end=\"2394\">\u00c9l\u00e9ments graphiques d\u00e9taill\u00e9s<\/li>\n<li data-section-id=\"1k2pr4c\" data-start=\"2395\" data-end=\"2415\">Mod\u00e8le de s\u00e9curit\u00e9<\/li>\n<\/ul>\n<p data-start=\"2417\" data-end=\"2503\">Jusqu&#039;aux tr\u00e8s petites tailles avec une grande pr\u00e9cision.<\/p>\n<hr data-start=\"2505\" data-end=\"2508\" \/>\n<h3 data-section-id=\"1opmca0\" data-start=\"2510\" data-end=\"2556\">Con\u00e7u pour la production de cartes s\u00e9curis\u00e9es et critiques<\/h3>\n<p data-start=\"2558\" data-end=\"2584\">Prima 8 est souvent utilis\u00e9 dans\u00a0:<\/p>\n<ul data-start=\"2586\" data-end=\"2715\">\n<li data-section-id=\"diqvqy\" data-start=\"2586\" data-end=\"2629\">Autorit\u00e9s et activit\u00e9s publiques<\/li>\n<li data-section-id=\"1io44te\" data-start=\"2630\" data-end=\"2655\">Projets d&#039;identification nationale<\/li>\n<li data-section-id=\"iqwugj\" data-start=\"2656\" data-end=\"2687\">Cartes de paiement et cartes de s\u00e9curit\u00e9<\/li>\n<li data-section-id=\"mrqy8x\" data-start=\"2688\" data-end=\"2715\">Cartes de transport et de voyage<\/li>\n<\/ul>\n<p data-start=\"2717\" data-end=\"2830\">Il est conforme \u00e0 la norme FIPS 201 et est utilis\u00e9 dans le monde entier dans des environnements critiques en mati\u00e8re de s\u00e9curit\u00e9.<\/p>\n<hr data-start=\"2832\" data-end=\"2835\" \/>\n<h3 data-section-id=\"1y1o3d3\" data-start=\"2837\" data-end=\"2873\">Codage et int\u00e9gration flexibles<\/h3>\n<p data-start=\"2875\" data-end=\"2902\">L&#039;imprimante peut \u00eatre \u00e9quip\u00e9e de\u00a0:<\/p>\n<ul data-start=\"2904\" data-end=\"2991\">\n<li data-section-id=\"1ejxjdq\" data-start=\"2904\" data-end=\"2935\">Codage magn\u00e9tique (HiCo \/ LoCo)<\/li>\n<li data-section-id=\"187qey3\" data-start=\"2936\" data-end=\"2975\">Carte \u00e0 puce (MIFARE, DESFire, iClass)<\/li>\n<li data-section-id=\"12uqnei\" data-start=\"2976\" data-end=\"2991\">Puce de contact<\/li>\n<\/ul>\n<p data-start=\"2993\" data-end=\"3020\">Il peut \u00e9galement \u00eatre \u00e9tendu avec :<\/p>\n<ul data-start=\"3022\" data-end=\"3069\">\n<li data-section-id=\"vpx34h\" data-start=\"3022\" data-end=\"3069\">Plastifieuse en ligne (simple ou double face)<\/li>\n<\/ul>\n<p data-start=\"3071\" data-end=\"3168\">L&#039;interface USB et Ethernet facilite l&#039;int\u00e9gration aux syst\u00e8mes existants.<\/p>\n<hr data-start=\"3170\" data-end=\"3173\" \/>\n<h3 data-section-id=\"42p044\" data-start=\"3175\" data-end=\"3220\">Fonctionnement stable et utilisation professionnelle<\/h3>\n<ul data-start=\"3222\" data-end=\"3309\">\n<li data-section-id=\"enxbqx\" data-start=\"3222\" data-end=\"3260\">Jusqu&#039;\u00e0 environ 100 cartes de couleur par heure<\/li>\n<li data-section-id=\"309hoj\" data-start=\"3261\" data-end=\"3285\">100 cartes en entr\u00e9e<\/li>\n<li data-section-id=\"j96c48\" data-start=\"3286\" data-end=\"3309\">Construction robuste<\/li>\n<\/ul>\n<p data-start=\"3311\" data-end=\"3403\">Con\u00e7u pour un fonctionnement continu en milieu professionnel.<\/p>\n<hr data-start=\"3405\" data-end=\"3408\" \/>\n<h3 data-section-id=\"iwf276\" data-start=\"3410\" data-end=\"3434\">Garantie et s\u00e9curit\u00e9<\/h3>\n<p data-start=\"3436\" data-end=\"3486\">Magicard Prima 8 est livr\u00e9 avec <strong data-start=\"3467\" data-end=\"3485\">UltraCoverPlus<\/strong>:<\/p>\n<ul data-start=\"3488\" data-end=\"3568\">\n<li data-section-id=\"l98imx\" data-start=\"3488\" data-end=\"3505\">Garantie de 3 ans<\/li>\n<li data-section-id=\"9uryuq\" data-start=\"3506\" data-end=\"3530\">T\u00eate d&#039;impression incluse<\/li>\n<li data-section-id=\"1yujaa5\" data-start=\"3531\" data-end=\"3568\">Imprimante de pr\u00eat\/\u00e9change \u00e0 chaud en cas de besoin<\/li>\n<\/ul>\n<p data-start=\"3570\" data-end=\"3614\">L&#039;une des solutions de garantie les plus performantes du march\u00e9.<\/p>\n<hr data-start=\"3616\" data-end=\"3619\" \/>\n<h3 data-section-id=\"12w8785\" data-start=\"3621\" data-end=\"3666\">Sp\u00e9cifications techniques (r\u00e9sum\u00e9)<\/h3>\n<ul data-start=\"3668\" data-end=\"4009\">\n<li data-section-id=\"uwyoo6\" data-start=\"3668\" data-end=\"3700\">Mod\u00e8le : Magicard Prima 8 DUO<\/li>\n<li data-section-id=\"w11nbs\" data-start=\"3701\" data-end=\"3723\">Technologie : Retransfert<\/li>\n<li data-section-id=\"1vn1bje\" data-start=\"3724\" data-end=\"3749\">Impression recto verso<\/li>\n<li data-section-id=\"1tfj1lu\" data-start=\"3750\" data-end=\"3791\">R\u00e9solution : 300 ppp (600 ppp en option)<\/li>\n<li data-section-id=\"h07fyl\" data-start=\"3792\" data-end=\"3824\">Vitesse : environ 100 cartes\/heure<\/li>\n<li data-section-id=\"11wk31m\" data-start=\"3825\" data-end=\"3845\">Format de carte : CR80<\/li>\n<li data-section-id=\"1g165h9\" data-start=\"3846\" data-end=\"3889\">Types de cartes : PVC, PET, polycarbonate, etc.<\/li>\n<li data-section-id=\"1065833\" data-start=\"3890\" data-end=\"3920\">Capacit\u00e9 : 100 entr\u00e9es \/ 100 sorties<\/li>\n<li data-section-id=\"794tec\" data-start=\"3921\" data-end=\"3950\">Connexion : USB, Ethernet<\/li>\n<li data-section-id=\"1ptnfmk\" data-start=\"3951\" data-end=\"4009\">Poids : environ 15,5 kg<\/li>\n<\/ul>\n<hr data-start=\"4011\" data-end=\"4014\" \/>\n<h3 data-section-id=\"11hcs70\" data-start=\"4016\" data-end=\"4040\">Important \u00e0 consid\u00e9rer<\/h3>\n<ul data-start=\"4042\" data-end=\"4165\">\n<li data-section-id=\"ga0ozm\" data-start=\"4042\" data-end=\"4087\">Ruban et film de retransfert vendus s\u00e9par\u00e9ment<\/li>\n<li data-section-id=\"1ypkhc2\" data-start=\"4088\" data-end=\"4117\">La plastification n\u00e9cessite des options suppl\u00e9mentaires<\/li>\n<li data-section-id=\"ul3fqp\" data-start=\"4118\" data-end=\"4165\">Consommables Magicard d&#039;origine recommand\u00e9s<\/li>\n<\/ul>\n<hr data-start=\"4167\" data-end=\"4170\" \/>\n<h3 data-section-id=\"ethgyn\" data-start=\"4172\" data-end=\"4187\">Parfait pour<\/h3>\n<ul data-start=\"4189\" data-end=\"4398\">\n<li data-section-id=\"cali8m\" data-start=\"4189\" data-end=\"4234\">Autorit\u00e9s et environnements classifi\u00e9s de s\u00e9curit\u00e9<\/li>\n<li data-section-id=\"1qgi1vk\" data-start=\"4235\" data-end=\"4272\">Syst\u00e8mes nationaux d&#039;identification et de permis de conduire<\/li>\n<li data-section-id=\"xl6j8q\" data-start=\"4273\" data-end=\"4307\">Cartes de d\u00e9bit et cartes de haute s\u00e9curit\u00e9<\/li>\n<li data-section-id=\"1kknc6k\" data-start=\"4308\" data-end=\"4349\">Entreprises exigeantes en mati\u00e8re de qualit\u00e9 des cartes<\/li>\n<li data-section-id=\"kle9jn\" data-start=\"4350\" data-end=\"4398\">Organisations ayant besoin de lamination UV<\/li>\n<\/ul>\n<hr data-start=\"4400\" data-end=\"4403\" \/>\n<h2 data-section-id=\"1nhgcqf\" data-start=\"4405\" data-end=\"4431\"><span role=\"text\"><strong data-start=\"4408\" data-end=\"4431\">Positionnement rapide<\/strong><\/span><\/h2>\n<p data-start=\"4433\" data-end=\"4468\">Voici le mod\u00e8le id\u00e9al pour vous qui :<\/p>\n<ul data-start=\"4469\" data-end=\"4619\">\n<li data-section-id=\"hlewy7\" data-start=\"4469\" data-end=\"4524\">vouloir <strong data-start=\"4479\" data-end=\"4522\">qualit\u00e9 de carte optimale (retransfert)<\/strong><\/li>\n<li data-section-id=\"1hmd468\" data-start=\"4525\" data-end=\"4568\">besoin <strong data-start=\"4535\" data-end=\"4566\">haute s\u00e9curit\u00e9 (UV + laminage)<\/strong><\/li>\n<li data-section-id=\"7ljec2\" data-start=\"4569\" data-end=\"4619\">travailler avec <strong data-start=\"4583\" data-end=\"4619\">cartes d&#039;identit\u00e9 ou de s\u00e9curit\u00e9 critiques<\/strong><\/li>\n<\/ul>","protected":false},"excerpt":{"rendered":"<p data-start=\"322\" data-end=\"567\">L&#039;imprimante Magicard Prima 802 DUO est une imprimante de cartes d&#039;identit\u00e9 \u00e0 retransfert de pointe, offrant une qualit\u00e9 d&#039;impression et une s\u00e9curit\u00e9 optimales. Gr\u00e2ce \u00e0 l&#039;impression bord \u00e0 bord, la protection UV et la prise en charge de la lamination, elle est id\u00e9ale pour les administrations, les entreprises et les organisations exigeantes.<\/p>\n<ul data-start=\"569\" data-end=\"820\">\n<li data-section-id=\"ad3aqu\" data-start=\"569\" data-end=\"616\">Technologie de retransfert pour l&#039;impression bord \u00e0 bord<\/li>\n<li data-section-id=\"jy87ko\" data-start=\"617\" data-end=\"656\">Production de cartes recto-verso (duplex)<\/li>\n<li data-section-id=\"14lrjjw\" data-start=\"657\" data-end=\"697\">Qualit\u00e9 photo et reproduction des couleurs de haute qualit\u00e9<\/li>\n<li data-section-id=\"19pvfgp\" data-start=\"698\" data-end=\"740\">Impression de s\u00e9curit\u00e9 UV pour \u00e9l\u00e9ments cach\u00e9s<\/li>\n<li data-section-id=\"11sw4wp\" data-start=\"741\" data-end=\"787\">Support pour la lamination et la protection holographique<\/li>\n<li data-section-id=\"19pudj1\" data-start=\"788\" data-end=\"820\">Garantie UltraCoverPlus de 3 ans<\/li>\n<\/ul>","protected":false},"featured_media":164288,"template":"","meta":{"_acf_changed":false},"product_brand":[],"product_cat":[3208],"product_tag":[],"class_list":{"0":"post-164285","1":"product","2":"type-product","3":"status-publish","4":"has-post-thumbnail","6":"product_cat-magicard","7":"product_shipping_class-tunga-paket","8":"pa_brands-magicard","9":"tm-no-options","11":"first","12":"instock","13":"sale","14":"taxable","15":"shipping-taxable","16":"purchasable","17":"product-type-simple"},"acf":[],"_links":{"self":[{"href":"https:\/\/secureus.se\/fr\/wp-json\/wp\/v2\/product\/164285","targetHints":{"allow":["GET"]}}],"collection":[{"href":"https:\/\/secureus.se\/fr\/wp-json\/wp\/v2\/product"}],"about":[{"href":"https:\/\/secureus.se\/fr\/wp-json\/wp\/v2\/types\/product"}],"wp:featuredmedia":[{"embeddable":true,"href":"https:\/\/secureus.se\/fr\/wp-json\/wp\/v2\/media\/164288"}],"wp:attachment":[{"href":"https:\/\/secureus.se\/fr\/wp-json\/wp\/v2\/media?parent=164285"}],"wp:term":[{"taxonomy":"product_brand","embeddable":true,"href":"https:\/\/secureus.se\/fr\/wp-json\/wp\/v2\/product_brand?post=164285"},{"taxonomy":"product_cat","embeddable":true,"href":"https:\/\/secureus.se\/fr\/wp-json\/wp\/v2\/product_cat?post=164285"},{"taxonomy":"product_tag","embeddable":true,"href":"https:\/\/secureus.se\/fr\/wp-json\/wp\/v2\/product_tag?post=164285"}],"curies":[{"name":"wp","href":"https:\/\/api.w.org\/{rel}","templated":true}]}}