{"id":164293,"date":"2026-04-08T17:17:09","date_gmt":"2026-04-08T15:17:09","guid":{"rendered":"https:\/\/secureus.se\/magicard-prima-451-uno-enkelsidig-lamineringsmodul-for-prima-8\/"},"modified":"2026-04-08T17:46:50","modified_gmt":"2026-04-08T15:46:50","slug":"magicard-prima-451-uno-enkelsidig-lamineringsmodul-for-prima-8","status":"publish","type":"product","link":"https:\/\/secureus.se\/fr\/magicard-prima-451-uno-enkelsidig-lamineringsmodul-for-prima-8\/","title":{"rendered":"Magicard Prima 451 UNO \u2013 Module de plastification simple face pour Prima 8"},"content":{"rendered":"<h3 data-section-id=\"1n3cgt1\" data-start=\"541\" data-end=\"594\">Magicard Prima 451 \u2013 Lamineringsmodul f\u00f6r Prima 8<\/h3>\n<p data-start=\"596\" data-end=\"823\">Magicard Prima 451 UNO \u00e4r en lamineringsmodul som anv\u00e4nds tillsammans med Magicard Prima 8 ID-kortsskrivare. Den \u00e4r inte en frist\u00e5ende enhet, utan kopplas direkt till skrivaren f\u00f6r att bli en integrerad del av kortproduktionen.<\/p>\n<p data-start=\"825\" data-end=\"954\">Efter att kortet skrivits ut i Prima 8 skickas det vidare till laminatorn, d\u00e4r ett skyddande laminat appliceras \u00f6ver kortets yta.<\/p>\n<hr data-start=\"956\" data-end=\"959\" \/>\n<h3 data-section-id=\"1r1tgt6\" data-start=\"961\" data-end=\"990\">F\u00f6rl\u00e4ng kortens livsl\u00e4ngd<\/h3>\n<p data-start=\"992\" data-end=\"1026\">Genom att applicera en skyddsfilm:<\/p>\n<ul data-start=\"1028\" data-end=\"1151\">\n<li data-section-id=\"14vkc1t\" data-start=\"1028\" data-end=\"1068\">Skyddas kortet mot repor och slitage<\/li>\n<li data-section-id=\"1jtmpnt\" data-start=\"1069\" data-end=\"1111\">Minskar risken f\u00f6r blekning och skador<\/li>\n<li data-section-id=\"ipzwfc\" data-start=\"1112\" data-end=\"1151\">F\u00f6rl\u00e4ngs kortets livsl\u00e4ngd avsev\u00e4rt<\/li>\n<\/ul>\n<p data-start=\"1153\" data-end=\"1226\">Perfekt f\u00f6r kort som anv\u00e4nds dagligen, exempelvis passerkort och ID-kort.<\/p>\n<hr data-start=\"1228\" data-end=\"1231\" \/>\n<h3 data-section-id=\"1r0opps\" data-start=\"1233\" data-end=\"1265\">\u00d6kad s\u00e4kerhet med laminering<\/h3>\n<p data-start=\"1267\" data-end=\"1320\">Laminering ger \u00e4ven ett extra skydd mot manipulation:<\/p>\n<ul data-start=\"1322\" data-end=\"1462\">\n<li data-section-id=\"50d43l\" data-start=\"1322\" data-end=\"1368\">M\u00f6jlighet att anv\u00e4nda holografiska laminat<\/li>\n<li data-section-id=\"18m8xwa\" data-start=\"1369\" data-end=\"1411\">Sv\u00e5rare att kopiera eller \u00e4ndra kortet<\/li>\n<li data-section-id=\"t8o7jq\" data-start=\"1412\" data-end=\"1462\">Ger ett mer professionellt och s\u00e4kert utseende<\/li>\n<\/ul>\n<p data-start=\"1464\" data-end=\"1523\">Detta \u00e4r s\u00e4rskilt viktigt i milj\u00f6er med h\u00f6ga s\u00e4kerhetskrav.<\/p>\n<hr data-start=\"1525\" data-end=\"1528\" \/>\n<h3 data-section-id=\"1bdglp2\" data-start=\"1530\" data-end=\"1563\">Integreras direkt med Prima 8<\/h3>\n<p data-start=\"1565\" data-end=\"1619\">Magicard Prima 451 \u00e4r designad f\u00f6r smidig integration:<\/p>\n<ul data-start=\"1621\" data-end=\"1754\">\n<li data-section-id=\"23hzlv\" data-start=\"1621\" data-end=\"1661\">Kopplas direkt till Magicard Prima 8<\/li>\n<li data-section-id=\"15m0klg\" data-start=\"1662\" data-end=\"1714\">Arbetar automatiskt i samma fl\u00f6de som utskriften<\/li>\n<li data-section-id=\"1bdxuvr\" data-start=\"1715\" data-end=\"1754\">Ingen manuell hantering mellan steg<\/li>\n<\/ul>\n<p data-start=\"1756\" data-end=\"1805\">Ger en effektiv och professionell kortproduktion.<\/p>\n<hr data-start=\"1807\" data-end=\"1810\" \/>\n<h3 data-section-id=\"ii88un\" data-start=\"1812\" data-end=\"1837\">Enkelsidig laminering<\/h3>\n<p data-start=\"1839\" data-end=\"1888\">Denna modell \u00e4r enkelsidig (UNO), vilket inneb\u00e4r:<\/p>\n<ul data-start=\"1890\" data-end=\"1996\">\n<li data-section-id=\"92ajlp\" data-start=\"1890\" data-end=\"1925\">Laminering p\u00e5 en sida av kortet<\/li>\n<li data-section-id=\"1ivtv61\" data-start=\"1926\" data-end=\"1949\">Snabbare produktion<\/li>\n<li data-section-id=\"12j667m\" data-start=\"1950\" data-end=\"1996\">Perfekt n\u00e4r endast framsidan beh\u00f6ver skydd<\/li>\n<\/ul>\n<hr data-start=\"1998\" data-end=\"2001\" \/>\n<h3 data-section-id=\"12w8785\" data-start=\"2003\" data-end=\"2048\">Tekniska specifikationer (sammanfattning)<\/h3>\n<ul data-start=\"2050\" data-end=\"2235\">\n<li data-section-id=\"7xdso4\" data-start=\"2050\" data-end=\"2084\">Modell: Magicard Prima 451 UNO<\/li>\n<li data-section-id=\"lxk7jy\" data-start=\"2085\" data-end=\"2118\">Artikelnummer: P-MAG-PRIMA451<\/li>\n<li data-section-id=\"ujw5rn\" data-start=\"2119\" data-end=\"2144\">Typ: Lamineringsmodul<\/li>\n<li data-section-id=\"1bhsvrv\" data-start=\"2145\" data-end=\"2171\">Laminering: Enkelsidig<\/li>\n<li data-section-id=\"7bvnx8\" data-start=\"2172\" data-end=\"2215\">Kompatibilitet: Endast Magicard Prima 8<\/li>\n<li data-section-id=\"1p5l0ew\" data-start=\"2216\" data-end=\"2235\">Vikt: ca 8,0 kg<\/li>\n<\/ul>\n<hr data-start=\"2237\" data-end=\"2240\" \/>\n<h3 data-section-id=\"11hcs70\" data-start=\"2242\" data-end=\"2266\">Viktigt att t\u00e4nka p\u00e5<\/h3>\n<ul data-start=\"2268\" data-end=\"2397\">\n<li data-section-id=\"atkjxm\" data-start=\"2268\" data-end=\"2320\">Detta \u00e4r en tillvalsmodul, ej frist\u00e5ende produkt<\/li>\n<li data-section-id=\"3xj7dn\" data-start=\"2321\" data-end=\"2365\">Kr\u00e4ver Magicard Prima 8 f\u00f6r att anv\u00e4ndas<\/li>\n<li data-section-id=\"1grqf0h\" data-start=\"2366\" data-end=\"2397\">Laminatfilmer s\u00e4ljs separat<\/li>\n<\/ul>\n<hr data-start=\"2399\" data-end=\"2402\" \/>\n<h3 data-section-id=\"ethgyn\" data-start=\"2404\" data-end=\"2419\">Parfait pour<\/h3>\n<ul data-start=\"2421\" data-end=\"2589\">\n<li data-section-id=\"7w669v\" data-start=\"2421\" data-end=\"2451\">ID-kort med l\u00e5ng livsl\u00e4ngd<\/li>\n<li data-section-id=\"dn5tss\" data-start=\"2452\" data-end=\"2486\">Passerkort i daglig anv\u00e4ndning<\/li>\n<li data-section-id=\"2f67aj\" data-start=\"2487\" data-end=\"2504\">S\u00e4kerhetskort<\/li>\n<li data-section-id=\"1sg2zja\" data-start=\"2505\" data-end=\"2551\">Organisationer med h\u00f6ga krav p\u00e5 slitstyrka<\/li>\n<li data-section-id=\"1o8fass\" data-start=\"2552\" data-end=\"2589\">Milj\u00f6er d\u00e4r kort anv\u00e4nds frekvent<\/li>\n<\/ul>\n<hr data-start=\"2591\" data-end=\"2594\" \/>\n<h2 data-section-id=\"1nhgcqf\" data-start=\"2596\" data-end=\"2622\"><span role=\"text\"><strong data-start=\"2599\" data-end=\"2622\">Snabb positionering<\/strong><\/span><\/h2>\n<p data-start=\"2624\" data-end=\"2656\">Detta \u00e4r r\u00e4tt val f\u00f6r dig som:<\/p>\n<ul data-start=\"2657\" data-end=\"2776\">\n<li data-section-id=\"652ri9\" data-start=\"2657\" data-end=\"2690\">anv\u00e4nder <strong data-start=\"2668\" data-end=\"2688\">Magicard Prima 8<\/strong><\/li>\n<li data-section-id=\"i69evg\" data-start=\"2691\" data-end=\"2732\">vill <strong data-start=\"2698\" data-end=\"2730\">f\u00f6rl\u00e4nga livsl\u00e4ngden p\u00e5 kort<\/strong><\/li>\n<li data-section-id=\"136q5fa\" data-start=\"2733\" data-end=\"2776\">beh\u00f6ver <strong data-start=\"2743\" data-end=\"2776\">extra s\u00e4kerhet via laminering<\/strong><\/li>\n<\/ul>","protected":false},"excerpt":{"rendered":"<p data-start=\"124\" data-end=\"325\">Le Magicard Prima 451 est un module de plastification simple face pour l&#039;imprimante de cartes d&#039;identit\u00e9 Magicard Prima 8. Il applique un film protecteur sur la carte pour une durabilit\u00e9 accrue, une dur\u00e9e de vie prolong\u00e9e et une s\u00e9curit\u00e9 renforc\u00e9e.<\/p>\n<ul data-start=\"327\" data-end=\"509\">\n<li data-section-id=\"ce0vzz\" data-start=\"327\" data-end=\"368\">Module de plastification pour Magicard Prima 8<\/li>\n<li data-section-id=\"1cinnkk\" data-start=\"369\" data-end=\"400\">Lamination simple face (UNO)<\/li>\n<li data-section-id=\"1qnxbtd\" data-start=\"401\" data-end=\"439\">Prot\u00e8ge les cartes de l&#039;usure et des rayures<\/li>\n<li data-section-id=\"8h6f1f\" data-start=\"440\" data-end=\"466\">Augmente la dur\u00e9e de vie de la carte<\/li>\n<li data-section-id=\"1kkgy16\" data-start=\"467\" data-end=\"509\">Support pour les films de s\u00e9curit\u00e9 holographiques<\/li>\n<\/ul>","protected":false},"featured_media":164291,"template":"","meta":{"_acf_changed":false},"product_brand":[],"product_cat":[3208],"product_tag":[],"class_list":{"0":"post-164293","1":"product","2":"type-product","3":"status-publish","4":"has-post-thumbnail","6":"product_cat-magicard","7":"pa_brands-magicard","8":"tm-no-options","10":"first","11":"instock","12":"sale","13":"taxable","14":"shipping-taxable","15":"purchasable","16":"product-type-simple"},"acf":[],"_links":{"self":[{"href":"https:\/\/secureus.se\/fr\/wp-json\/wp\/v2\/product\/164293","targetHints":{"allow":["GET"]}}],"collection":[{"href":"https:\/\/secureus.se\/fr\/wp-json\/wp\/v2\/product"}],"about":[{"href":"https:\/\/secureus.se\/fr\/wp-json\/wp\/v2\/types\/product"}],"wp:featuredmedia":[{"embeddable":true,"href":"https:\/\/secureus.se\/fr\/wp-json\/wp\/v2\/media\/164291"}],"wp:attachment":[{"href":"https:\/\/secureus.se\/fr\/wp-json\/wp\/v2\/media?parent=164293"}],"wp:term":[{"taxonomy":"product_brand","embeddable":true,"href":"https:\/\/secureus.se\/fr\/wp-json\/wp\/v2\/product_brand?post=164293"},{"taxonomy":"product_cat","embeddable":true,"href":"https:\/\/secureus.se\/fr\/wp-json\/wp\/v2\/product_cat?post=164293"},{"taxonomy":"product_tag","embeddable":true,"href":"https:\/\/secureus.se\/fr\/wp-json\/wp\/v2\/product_tag?post=164293"}],"curies":[{"name":"wp","href":"https:\/\/api.w.org\/{rel}","templated":true}]}}