{"id":164471,"date":"2026-04-15T13:17:32","date_gmt":"2026-04-15T11:17:32","guid":{"rendered":"https:\/\/secureus.se\/?post_type=product&#038;p=164471"},"modified":"2026-04-15T13:33:36","modified_gmt":"2026-04-15T11:33:36","slug":"ajax-kompatibel-tagg-vit-bricka-till-keypad-plus-outdoor-och-touchscreen-ev2-4k-plus","status":"publish","type":"product","link":"https:\/\/secureus.se\/fr\/ajax-kompatibel-tagg-vit-bricka-till-keypad-plus-outdoor-och-touchscreen-ev2-4k-plus\/","title":{"rendered":"\u00c9tiquette compatible Ajax (blanche) \u2013 \u00c9tiquette pour KeyPad Plus, ext\u00e9rieur et \u00e9cran tactile | EV2 4K Plus"},"content":{"rendered":"<p data-start=\"600\" data-end=\"763\">Ajax Kompatibel Tagg (Vit) \u00e4r ett smart och prisv\u00e4rt alternativ till Ajax originaltagg, utvecklad f\u00f6r att fungera tillsammans med Ajax KeyPad Plus och TouchScreen.<\/p>\n<p data-start=\"765\" data-end=\"1026\">Il est \u00e9quip\u00e9 d&#039;une v\u00e9ritable puce Mifare DESFire de NXP, vous garantissant ainsi le m\u00eame niveau de s\u00e9curit\u00e9 \u00e9lev\u00e9 que les produits d&#039;origine. Son cryptage avanc\u00e9 prot\u00e8ge contre la copie et les acc\u00e8s non autoris\u00e9s, tout en offrant une utilisation simple et fluide.<\/p>\n<p data-start=\"1028\" data-end=\"1237\">Tout comme le mod\u00e8le original, l&#039;alarme s&#039;active ou se d\u00e9sactive en pr\u00e9sentant le badge devant le clavier. Aucun code ni application n&#039;est requis\u00a0: id\u00e9al pour la famille, les employ\u00e9s ou une utilisation occasionnelle.<\/p>\n<p data-start=\"1239\" data-end=\"1441\">L&#039;un des principaux atouts de cette \u00e9tiquette r\u00e9side dans son format. Plus petite et plus fine que l&#039;Ajax originale, elle se glisse plus facilement sur un porte-cl\u00e9s. Son format compact est tr\u00e8s appr\u00e9ci\u00e9 au quotidien.<\/p>\n<p data-start=\"1660\" data-end=\"1866\">Nous proposons \u00e9galement l&#039;option de gravure. Vous pouvez choisir, par exemple, une num\u00e9rotation ou votre propre logo directement sur l&#039;\u00e9tiquette, ce qui facilite le suivi des utilisateurs et des autorisations.<\/p>\n<p data-start=\"1868\" data-end=\"2048\">Cette \u00e9tiquette est fabriqu\u00e9e en ABS r\u00e9sistant et est \u00e9quip\u00e9e d&#039;une puce NXP d&#039;origine. Disponible en stock en grande quantit\u00e9, elle peut \u00eatre livr\u00e9e rapidement, m\u00eame pour les commandes importantes.<\/p>\n<hr data-start=\"2168\" data-end=\"2171\" \/>\n<h2 data-section-id=\"4wkmjn\" data-start=\"2173\" data-end=\"2204\"><span role=\"text\"><strong data-start=\"2176\" data-end=\"2204\">Sp\u00e9cifications techniques<\/strong><\/span><\/h2>\n<ul data-start=\"2205\" data-end=\"2532\">\n<li data-section-id=\"1k933n6\" data-start=\"2205\" data-end=\"2251\"><strong>technologies de communication<\/strong>: Mifare DESFire\u00ae (NXP original)<\/li>\n<li data-section-id=\"c63o5z\" data-start=\"2252\" data-end=\"2289\"><strong>Standard<\/strong>: ISO 14443-A (13,56 MHz)<\/li>\n<li data-section-id=\"18f098c\" data-start=\"2290\" data-end=\"2334\"><strong>Cryptage<\/strong>Chiffrement DESFire avanc\u00e9 128 bits<\/li>\n<li data-section-id=\"6941yt\" data-start=\"2335\" data-end=\"2416\"><strong>Compatibilit\u00e9<\/strong>: Ajax KeyPad Plus et \u00e9cran tactile ainsi que les syst\u00e8mes bas\u00e9s sur DESFire<\/li>\n<li data-section-id=\"18ldt2h\" data-start=\"2417\" data-end=\"2434\"><strong>Mat\u00e9riel<\/strong>: ABS<\/li>\n<li data-section-id=\"14m3c96\" data-start=\"2435\" data-end=\"2466\"><strong>Dimensions<\/strong>: 43 \u00d7 29 \u00d7 4 mm<\/li>\n<li data-section-id=\"17n4yqt\" data-start=\"2467\" data-end=\"2480\"><strong>Peinture<\/strong>: Noir<\/li>\n<li data-section-id=\"l2858j\" data-start=\"2481\" data-end=\"2532\"><strong>Gravure<\/strong>Oui, possibilit\u00e9 d&#039;inclure par exemple un num\u00e9ro, un nom, un message ou un logo.<\/li>\n<\/ul>","protected":false},"excerpt":{"rendered":"<p data-start=\"205\" data-end=\"288\">\u00c9tiquette compatible Ajax (blanche) \u2013 \u00c9tiquette pour KeyPad Plus et \u00e9cran tactile<\/p>\n<p data-start=\"290\" data-end=\"451\">Alternative abordable \u00e0 l&#039;\u00e9tiquette Ajax d&#039;origine, offrant le m\u00eame niveau de s\u00e9curit\u00e9 et une couleur diff\u00e9rente. \u00c9quip\u00e9e de la technologie Mifare DESFire de NXP pour un acc\u00e8s chiffr\u00e9 et s\u00e9curis\u00e9 aux syst\u00e8mes Ajax.<\/p>\n<p data-start=\"453\" data-end=\"569\">Aussi performant que le mod\u00e8le original, mais dans un format plus compact et plus flexible, et gr\u00e2ce \u00e0 la possibilit\u00e9 de gravure, il convient parfaitement \u00e0 un usage priv\u00e9 comme professionnel. Vous pouvez par exemple choisir une num\u00e9rotation ou votre logo directement sur l&#039;\u00e9tiquette, ce qui facilite le suivi des utilisateurs et des autorisations.<\/p>\n<p data-start=\"453\" data-end=\"569\">Ouvrir <strong>\u201c Afficher les options de personnalisation \u201d<\/strong> pour choisir la gravure d&#039;un num\u00e9ro, d&#039;un nom ou d&#039;un logo sur votre \u00e9tiquette.<\/p>","protected":false},"featured_media":163678,"template":"","meta":{"_acf_changed":false},"product_brand":[],"product_cat":[5129],"product_tag":[],"class_list":{"0":"post-164471","1":"product","2":"type-product","3":"status-publish","4":"has-post-thumbnail","6":"product_cat-ajax-taggar-kort","7":"product_shipping_class-postnord-varubrev","8":"pa_brands-secureus","9":"tm-has-options","11":"first","12":"instock","13":"featured","14":"taxable","15":"shipping-taxable","16":"purchasable","17":"product-type-simple"},"acf":[],"_links":{"self":[{"href":"https:\/\/secureus.se\/fr\/wp-json\/wp\/v2\/product\/164471","targetHints":{"allow":["GET"]}}],"collection":[{"href":"https:\/\/secureus.se\/fr\/wp-json\/wp\/v2\/product"}],"about":[{"href":"https:\/\/secureus.se\/fr\/wp-json\/wp\/v2\/types\/product"}],"wp:featuredmedia":[{"embeddable":true,"href":"https:\/\/secureus.se\/fr\/wp-json\/wp\/v2\/media\/163678"}],"wp:attachment":[{"href":"https:\/\/secureus.se\/fr\/wp-json\/wp\/v2\/media?parent=164471"}],"wp:term":[{"taxonomy":"product_brand","embeddable":true,"href":"https:\/\/secureus.se\/fr\/wp-json\/wp\/v2\/product_brand?post=164471"},{"taxonomy":"product_cat","embeddable":true,"href":"https:\/\/secureus.se\/fr\/wp-json\/wp\/v2\/product_cat?post=164471"},{"taxonomy":"product_tag","embeddable":true,"href":"https:\/\/secureus.se\/fr\/wp-json\/wp\/v2\/product_tag?post=164471"}],"curies":[{"name":"wp","href":"https:\/\/api.w.org\/{rel}","templated":true}]}}