{"id":164536,"date":"2026-04-16T13:54:00","date_gmt":"2026-04-16T11:54:00","guid":{"rendered":"https:\/\/secureus.se\/?post_type=product&#038;p=164536"},"modified":"2026-04-23T10:16:54","modified_gmt":"2026-04-23T08:16:54","slug":"dorrhallarmagnet-inklusive-ankare-400n-fe230","status":"publish","type":"product","link":"https:\/\/secureus.se\/fr\/dorrhallarmagnet-inklusive-ankare-400n-fe230\/","title":{"rendered":"Aimant de maintien de porte avec ancrage 400N FE230"},"content":{"rendered":"<p data-start=\"50\" data-end=\"305\"><strong data-start=\"50\" data-end=\"59\">FE230<\/strong> est un aimant de maintien de porte comprenant une ancre pour montage en surface sur un mur ou une console. L&#039;unit\u00e9 a une force de maintien de <strong data-start=\"177\" data-end=\"186\">400 N<\/strong> et est \u00e9quip\u00e9 d&#039;un bouton de fermeture de porte qui peut \u00eatre mont\u00e9 sur le dessus ou sur le c\u00f4t\u00e9 droit ou gauche de l&#039;appareil.<\/p>\n<p data-start=\"307\" data-end=\"570\">L&#039;entr\u00e9e du c\u00e2ble peut se faire par le c\u00f4t\u00e9, le dessus ou l&#039;arri\u00e8re. L&#039;aimant de porte est constitu\u00e9 d&#039;une bobine press\u00e9e et d&#039;une broche anti-r\u00e9manence qui \u00e9limine tout magn\u00e9tisme r\u00e9siduel. Le FE230 est \u00e9galement \u00e9quip\u00e9 de diodes de protection int\u00e9gr\u00e9es pour limiter les surintensit\u00e9s.<\/p>\n<p data-start=\"572\" data-end=\"810\">La classe de protection de l&#039;aimant de porte est <strong data-start=\"609\" data-end=\"617\">IP54<\/strong>. Le bo\u00eetier en plastique est fait de <strong data-start=\"647\" data-end=\"659\">M\u00e9lange de baies<\/strong> avec <strong data-start=\"664\" data-end=\"686\">30 % PA6 fibre de verre<\/strong>, Ce mat\u00e9riau est nettement plus r\u00e9sistant que l&#039;ABS standard. Il offre une haute r\u00e9sistance \u00e0 la chaleur, une bonne r\u00e9sistance aux chocs et une grande rigidit\u00e9.<\/p>\n<p data-start=\"812\" data-end=\"1032\">Pour une installation simple et pratique, l&#039;aimant de maintien de porte est fourni avec des connexions \u00e0 vis pour le c\u00e2ble. Le bo\u00eetier est pr\u00e9-perc\u00e9 pour une installation rapide et facile. Le FE230 est \u00e9galement fourni avec une plaque d&#039;ancrage \u00e0 angle r\u00e9glable.<\/p>\n<h2 data-section-id=\"fnvs8i\" data-start=\"1034\" data-end=\"1047\">Caract\u00e9ristiques<\/h2>\n<ul data-start=\"1048\" data-end=\"1245\">\n<li data-section-id=\"18xs1m3\" data-start=\"1048\" data-end=\"1082\">Faible consommation d&#039;\u00e9nergie, <strong data-start=\"1073\" data-end=\"1082\">1,6 W<\/strong><\/li>\n<li data-section-id=\"17qhkv4\" data-start=\"1083\" data-end=\"1107\">Maintenir la puissance sur <strong data-start=\"1098\" data-end=\"1107\">400 N<\/strong><\/li>\n<li data-section-id=\"56gdae\" data-start=\"1108\" data-end=\"1128\">Broche anti-r\u00e9sidus<\/li>\n<li data-section-id=\"1f4b2jy\" data-start=\"1129\" data-end=\"1174\">diodes de protection et protection contre l&#039;inversion de polarit\u00e9<\/li>\n<li data-section-id=\"1vxgf0x\" data-start=\"1175\" data-end=\"1204\">Bouton de fermeture de porte int\u00e9gr\u00e9<\/li>\n<li data-section-id=\"1or1j1j\" data-start=\"1205\" data-end=\"1225\"><strong data-start=\"1207\" data-end=\"1225\">Conforme \u00e0 la norme EN1155<\/strong><\/li>\n<li data-section-id=\"elw8us\" data-start=\"1226\" data-end=\"1245\">Plaque d&#039;ancrage incluse<\/li>\n<\/ul>\n<h2 data-section-id=\"pfyasx\" data-start=\"1247\" data-end=\"1263\">Donn\u00e9es techniques<\/h2>\n<ul data-start=\"1264\" data-end=\"1577\">\n<li data-section-id=\"m4al6v\" data-start=\"1264\" data-end=\"1294\"><strong data-start=\"1266\" data-end=\"1287\">Alimentation en tension\u00a0:<\/strong> 24 V CC<\/li>\n<li data-section-id=\"8aukmp\" data-start=\"1295\" data-end=\"1314\"><strong data-start=\"1297\" data-end=\"1308\">Effet:<\/strong> 1,6 W<\/li>\n<li data-section-id=\"xkucxb\" data-start=\"1315\" data-end=\"1337\"><strong data-start=\"1317\" data-end=\"1331\">Capacit\u00e9 de r\u00e9tention :<\/strong> 400 N<\/li>\n<li data-section-id=\"vq1ojm\" data-start=\"1338\" data-end=\"1388\"><strong data-start=\"1340\" data-end=\"1359\">Classe de protection\u00a0:<\/strong> Aimant IP54, connexion IP42<\/li>\n<li data-section-id=\"1so7cfg\" data-start=\"1389\" data-end=\"1436\"><strong data-start=\"1391\" data-end=\"1419\">Dimensions (H x L x P) :<\/strong> 110 x 85 x 38 mm<\/li>\n<li data-section-id=\"1sp9xbs\" data-start=\"1437\" data-end=\"1466\"><strong data-start=\"1439\" data-end=\"1463\">Bouton de fermeture de porte :<\/strong> Oui<\/li>\n<li data-section-id=\"1issdkq\" data-start=\"1467\" data-end=\"1489\"><strong data-start=\"1469\" data-end=\"1486\">Diodes de protection :<\/strong> Oui<\/li>\n<li data-section-id=\"1ogf65j\" data-start=\"1490\" data-end=\"1536\"><strong data-start=\"1492\" data-end=\"1533\">Protection contre l&#039;inversion de polarit\u00e9\u00a0:<\/strong> Oui<\/li>\n<li data-section-id=\"1fdxiq\" data-start=\"1537\" data-end=\"1553\"><strong data-start=\"1539\" data-end=\"1550\">EN1155\u00a0:<\/strong> Oui<\/li>\n<li data-section-id=\"16c2jcj\" data-start=\"1554\" data-end=\"1577\"><strong data-start=\"1556\" data-end=\"1571\">Cycle de service :<\/strong> 100 %<\/li>\n<\/ul>","protected":false},"excerpt":{"rendered":"<p data-start=\"37\" data-end=\"423\"><strong data-start=\"37\" data-end=\"128\">Le FE230 est un aimant de maintien de porte puissant, con\u00e7u pour un montage en surface sur un mur ou une console.<\/strong> Il poss\u00e8de une force de maintien de 400 N, un bouton de fermeture de porte int\u00e9gr\u00e9 et est fourni avec une plaque d&#039;ancrage r\u00e9glable. L&#039;aimant est fabriqu\u00e9 dans un mat\u00e9riau durable, est prot\u00e9g\u00e9 contre les surtensions et l&#039;inversion de polarit\u00e9 et est conforme \u00e0 la norme EN1155. Il convient aux installations o\u00f9 la fiabilit\u00e9 et la facilit\u00e9 d&#039;installation sont essentielles.<\/p>","protected":false},"featured_media":164535,"template":"","meta":{"_acf_changed":false},"product_brand":[],"product_cat":[1560],"product_tag":[],"class_list":{"0":"post-164536","1":"product","2":"type-product","3":"status-publish","4":"has-post-thumbnail","6":"product_cat-branddorrstangning","7":"tm-no-options","9":"first","10":"instock","11":"sale","12":"taxable","13":"shipping-taxable","14":"purchasable","15":"product-type-simple"},"acf":[],"_links":{"self":[{"href":"https:\/\/secureus.se\/fr\/wp-json\/wp\/v2\/product\/164536","targetHints":{"allow":["GET"]}}],"collection":[{"href":"https:\/\/secureus.se\/fr\/wp-json\/wp\/v2\/product"}],"about":[{"href":"https:\/\/secureus.se\/fr\/wp-json\/wp\/v2\/types\/product"}],"wp:featuredmedia":[{"embeddable":true,"href":"https:\/\/secureus.se\/fr\/wp-json\/wp\/v2\/media\/164535"}],"wp:attachment":[{"href":"https:\/\/secureus.se\/fr\/wp-json\/wp\/v2\/media?parent=164536"}],"wp:term":[{"taxonomy":"product_brand","embeddable":true,"href":"https:\/\/secureus.se\/fr\/wp-json\/wp\/v2\/product_brand?post=164536"},{"taxonomy":"product_cat","embeddable":true,"href":"https:\/\/secureus.se\/fr\/wp-json\/wp\/v2\/product_cat?post=164536"},{"taxonomy":"product_tag","embeddable":true,"href":"https:\/\/secureus.se\/fr\/wp-json\/wp\/v2\/product_tag?post=164536"}],"curies":[{"name":"wp","href":"https:\/\/api.w.org\/{rel}","templated":true}]}}