{"id":164753,"date":"2026-04-22T15:32:12","date_gmt":"2026-04-22T13:32:12","guid":{"rendered":"https:\/\/secureus.se\/evolis-s10212-kortlamineringsmodul-clm\/"},"modified":"2026-04-23T12:22:46","modified_gmt":"2026-04-23T10:22:46","slug":"evolis-s10212-kortlamineringsmodul-clm","status":"publish","type":"product","link":"https:\/\/secureus.se\/fr\/evolis-s10212-kortlamineringsmodul-clm\/","title":{"rendered":"Module de plastification de cartes Evolis S10212 (CLM)"},"content":{"rendered":"<p>Le module de plastification de cartes Evolis S10212 est un syst\u00e8me innovant et fiable con\u00e7u pour am\u00e9liorer la s\u00e9curit\u00e9 et la durabilit\u00e9 de vos cartes imprim\u00e9es. Facile \u00e0 installer et intuitif, il est id\u00e9al pour la cr\u00e9ation de cartes d&#039;identit\u00e9, de cartes de membre et autres cartes imprim\u00e9es professionnelles et s\u00e9curis\u00e9es. Avec le module Evolis S10212, optimisez vos processus de plastification et offrez \u00e0 vos cartes une finition haut de gamme qui les prot\u00e8ge de la salet\u00e9, de l&#039;eau et de l&#039;usure. Apportez \u00e0 vos cartes une protection et un style incomparables gr\u00e2ce au module de plastification de cartes Evolis S10212.<\/p>","protected":false},"excerpt":{"rendered":"<ul>\n<li>Le module de plastification de cartes Evolis S10212 applique des films de superposition et des films holographiques sur les cartes.<\/li>\n<li>Peut \u00eatre utilis\u00e9 comme unit\u00e9 autonome ou avec les imprimantes de cartes d&#039;identit\u00e9 Evolis Primacy ou Primacy 2.<\/li>\n<li>Comprend un module de plastification double face<\/li>\n<li>Se connecte directement \u00e0 un PC en mode autonome via un c\u00e2ble USB (non inclus).<\/li>\n<li>Poids du produit : 8,00 kg<\/li>\n<\/ul>","protected":false},"featured_media":164752,"template":"","meta":{"_acf_changed":false},"product_brand":[],"product_cat":[3205],"product_tag":[],"class_list":{"0":"post-164753","1":"product","2":"type-product","3":"status-publish","4":"has-post-thumbnail","6":"product_cat-evolis","7":"product_shipping_class-tunga-paket","8":"pa_brands-evolis","9":"tm-no-options","11":"first","12":"outofstock","13":"sale","14":"taxable","15":"shipping-taxable","16":"purchasable","17":"product-type-simple"},"acf":[],"_links":{"self":[{"href":"https:\/\/secureus.se\/fr\/wp-json\/wp\/v2\/product\/164753","targetHints":{"allow":["GET"]}}],"collection":[{"href":"https:\/\/secureus.se\/fr\/wp-json\/wp\/v2\/product"}],"about":[{"href":"https:\/\/secureus.se\/fr\/wp-json\/wp\/v2\/types\/product"}],"wp:featuredmedia":[{"embeddable":true,"href":"https:\/\/secureus.se\/fr\/wp-json\/wp\/v2\/media\/164752"}],"wp:attachment":[{"href":"https:\/\/secureus.se\/fr\/wp-json\/wp\/v2\/media?parent=164753"}],"wp:term":[{"taxonomy":"product_brand","embeddable":true,"href":"https:\/\/secureus.se\/fr\/wp-json\/wp\/v2\/product_brand?post=164753"},{"taxonomy":"product_cat","embeddable":true,"href":"https:\/\/secureus.se\/fr\/wp-json\/wp\/v2\/product_cat?post=164753"},{"taxonomy":"product_tag","embeddable":true,"href":"https:\/\/secureus.se\/fr\/wp-json\/wp\/v2\/product_tag?post=164753"}],"curies":[{"name":"wp","href":"https:\/\/api.w.org\/{rel}","templated":true}]}}