{"id":164918,"date":"2026-04-27T14:25:02","date_gmt":"2026-04-27T12:25:02","guid":{"rendered":"https:\/\/secureus.se\/trycke-vitoria-1515-yd-55-65mm-f9-i-rostfritt-utforande\/"},"modified":"2026-04-27T14:32:09","modified_gmt":"2026-04-27T12:32:09","slug":"trycke-vitoria-1515-yd-55-65mm-f9-i-rostfritt-utforande","status":"publish","type":"product","link":"https:\/\/secureus.se\/fr\/trycke-vitoria-1515-yd-55-65mm-f9-i-rostfritt-utforande\/","title":{"rendered":"Poign\u00e9e en acier inoxydable Vitoria 1515 YD 55-65 mm F9"},"content":{"rendered":"<p>Trycke Vitoria 1515 \u00e4r ett stilrent och elegant handtag fr\u00e5n varum\u00e4rket HOPPE, designat f\u00f6r att ge din ytterd\u00f6rr en modern och sofistikerad look. Tillverkat i rostfritt st\u00e5l-liknande material ger det en k\u00e4nsla av lyx och h\u00e5llbarhet. Med en d\u00f6rrtjocklek mellan 55-65 mm passar detta handtag perfekt f\u00f6r de flesta ytterd\u00f6rrar. Returfj\u00e4dern ger en smidig \u00e5terg\u00e5ng till neutral position och med byggvarubed\u00f6mningen kan du vara s\u00e4ker p\u00e5 att du investerar i en h\u00f6gkvalitativ produkt. Trycke Vitoria 1515 \u00e4r inte bara vackert att se p\u00e5, det \u00e4r ocks\u00e5 SundaHus-bed\u00f6mt vilket inneb\u00e4r att det uppfyller h\u00f6ga kriterier f\u00f6r h\u00e5llbarhet och milj\u00f6v\u00e4nlighet. Ge din ytterd\u00f6rr en uppgradering med detta exklusiva handtag som kombinerar stil med funktion p\u00e5 b\u00e4sta s\u00e4tt.<\/p>","protected":false},"excerpt":{"rendered":"<ul>\n<li>Poign\u00e9e de porte avant de la s\u00e9rie Vitoria de HOPPE<\/li>\n<li>Fabriqu\u00e9 en aluminium avec des rosaces pour une fixation dissimul\u00e9e<\/li>\n<li>Ressort de rappel \u00e0 double effet et accessoire Quick-Sprint<\/li>\n<li>Conforme aux exigences en mati\u00e8re de d\u00e9p\u00f4t de nickel, hypoallerg\u00e9nique<\/li>\n<li>Convient aux portes d&#039;une \u00e9paisseur de 55 \u00e0 65 mm, goupille de 8 \u00d7 8 mm<\/li>\n<li>Compatible avec les mandrins de 50 et 70 pour les bo\u00eetiers de serrures scandinaves<\/li>\n<li>Couleur : F9 aspect inox, mat\u00e9riau : aluminium<\/li>\n<li>Garantie fonctionnelle de 10 ans<\/li>\n<\/ul>","protected":false},"featured_media":164916,"template":"","meta":{"_acf_changed":false},"product_brand":[],"product_cat":[4124],"product_tag":[],"class_list":{"0":"post-164918","1":"product","2":"type-product","3":"status-publish","4":"has-post-thumbnail","6":"product_cat-dorrhandtag-innerdorr","7":"product_shipping_class-postnord-varubrev","8":"pa_brands-hoppe","9":"tm-no-options","11":"first","12":"instock","13":"sale","14":"taxable","15":"shipping-taxable","16":"purchasable","17":"product-type-simple"},"acf":[],"_links":{"self":[{"href":"https:\/\/secureus.se\/fr\/wp-json\/wp\/v2\/product\/164918","targetHints":{"allow":["GET"]}}],"collection":[{"href":"https:\/\/secureus.se\/fr\/wp-json\/wp\/v2\/product"}],"about":[{"href":"https:\/\/secureus.se\/fr\/wp-json\/wp\/v2\/types\/product"}],"wp:featuredmedia":[{"embeddable":true,"href":"https:\/\/secureus.se\/fr\/wp-json\/wp\/v2\/media\/164916"}],"wp:attachment":[{"href":"https:\/\/secureus.se\/fr\/wp-json\/wp\/v2\/media?parent=164918"}],"wp:term":[{"taxonomy":"product_brand","embeddable":true,"href":"https:\/\/secureus.se\/fr\/wp-json\/wp\/v2\/product_brand?post=164918"},{"taxonomy":"product_cat","embeddable":true,"href":"https:\/\/secureus.se\/fr\/wp-json\/wp\/v2\/product_cat?post=164918"},{"taxonomy":"product_tag","embeddable":true,"href":"https:\/\/secureus.se\/fr\/wp-json\/wp\/v2\/product_tag?post=164918"}],"curies":[{"name":"wp","href":"https:\/\/api.w.org\/{rel}","templated":true}]}}