{"id":164937,"date":"2026-04-27T15:12:08","date_gmt":"2026-04-27T13:12:08","guid":{"rendered":"https:\/\/secureus.se\/evolis-rt5f103naaa-ymckki-fargband-600-utskrifter\/"},"modified":"2026-04-27T15:19:55","modified_gmt":"2026-04-27T13:19:55","slug":"evolis-rt5f103naaa-ymckki-fargband-600-utskrifter","status":"publish","type":"product","link":"https:\/\/secureus.se\/fr\/evolis-rt5f103naaa-ymckki-fargband-600-utskrifter\/","title":{"rendered":"Evolis RT5F103NAAA YMCKKI F\u00e4rgband (600 utskrifter)"},"content":{"rendered":"<p>F\u00f6rbered dig f\u00f6r kvalitetsutskrifter med Evolis RT5F103NAAA YMCKKI f\u00e4rgbandet f\u00f6r din kortskrivare! Med kapacitet att skriva ut upp till 600 bilder i levande f\u00e4rger och skarpa detaljer \u00e4r detta f\u00e4rgband perfekt f\u00f6r att skapa professionella ID-kort, medlemskort och mer. Den unika kombinationen av f\u00e4rger (Yellow, Magenta, Cyan, svart (K), svart (K) och transparentt (I)) ger dina utskrifter enast\u00e5ende kvalitet och h\u00e5llbarhet. Med Evolis f\u00e4rgband kan du vara s\u00e4ker p\u00e5 att dina utskrifter alltid kommer att se imponerande ut. Utrusta din kortskrivare med detta f\u00e4rgband och ta dina utskrifter till n\u00e4sta niv\u00e5!<\/p>","protected":false},"excerpt":{"rendered":"<ul>\n<li>Ruban couleur Evolis RT5F103NAAA YMCKKI<\/li>\n<li>Consommable haut de gamme pour l&#039;impression par retransfert en couleur de haute qualit\u00e9<\/li>\n<li>600 impressions par rouleau<\/li>\n<li>Ruban YMCKII en couleurs<\/li>\n<li>Technologie de retransfert pour des impressions \u00e9clatantes bord \u00e0 bord<\/li>\n<li>R\u00e9f\u00e9rence fabricant : RT5F103NAAA<\/li>\n<li>Compatible avec l&#039;imprimante Evolis Agilia<\/li>\n<li>Poids du produit : 0,50 kg<\/li>\n<\/ul>","protected":false},"featured_media":164936,"template":"","meta":{"_acf_changed":false},"product_brand":[],"product_cat":[4854],"product_tag":[],"class_list":{"0":"post-164937","1":"product","2":"type-product","3":"status-publish","4":"has-post-thumbnail","6":"product_cat-agilia","7":"pa_brands-evolis","8":"tm-no-options","10":"first","11":"outofstock","12":"sale","13":"taxable","14":"shipping-taxable","15":"purchasable","16":"product-type-simple"},"acf":[],"_links":{"self":[{"href":"https:\/\/secureus.se\/fr\/wp-json\/wp\/v2\/product\/164937","targetHints":{"allow":["GET"]}}],"collection":[{"href":"https:\/\/secureus.se\/fr\/wp-json\/wp\/v2\/product"}],"about":[{"href":"https:\/\/secureus.se\/fr\/wp-json\/wp\/v2\/types\/product"}],"wp:featuredmedia":[{"embeddable":true,"href":"https:\/\/secureus.se\/fr\/wp-json\/wp\/v2\/media\/164936"}],"wp:attachment":[{"href":"https:\/\/secureus.se\/fr\/wp-json\/wp\/v2\/media?parent=164937"}],"wp:term":[{"taxonomy":"product_brand","embeddable":true,"href":"https:\/\/secureus.se\/fr\/wp-json\/wp\/v2\/product_brand?post=164937"},{"taxonomy":"product_cat","embeddable":true,"href":"https:\/\/secureus.se\/fr\/wp-json\/wp\/v2\/product_cat?post=164937"},{"taxonomy":"product_tag","embeddable":true,"href":"https:\/\/secureus.se\/fr\/wp-json\/wp\/v2\/product_tag?post=164937"}],"curies":[{"name":"wp","href":"https:\/\/api.w.org\/{rel}","templated":true}]}}