{"id":165200,"date":"2026-05-05T10:29:10","date_gmt":"2026-05-05T08:29:10","guid":{"rendered":"https:\/\/secureus.se\/?post_type=product&#038;p=165200"},"modified":"2026-05-05T10:38:26","modified_gmt":"2026-05-05T08:38:26","slug":"temperatur-fuktsensor-for-wifi-vaderstation-2-pack","status":"publish","type":"product","link":"https:\/\/secureus.se\/fr\/temperatur-fuktsensor-for-wifi-vaderstation-2-pack\/","title":{"rendered":"Capteur de temp\u00e9rature et d&#039;humidit\u00e9 pour station m\u00e9t\u00e9o Wi-Fi (lot de 2)"},"content":{"rendered":"<h1 data-start=\"342\" data-end=\"661\">2pack &#8211; Temperatur- &amp; fukt\u00adsensor f\u00f6r Wifi v\u00e4derstation<\/h1>\n<p data-start=\"342\" data-end=\"661\">Ce capteur suppl\u00e9mentaire de temp\u00e9rature et d&#039;humidit\u00e9 est le compl\u00e9ment id\u00e9al de votre station m\u00e9t\u00e9o WiFi (SMH-WEATHER).<\/p>\n<p data-start=\"342\" data-end=\"661\">Gr\u00e2ce \u00e0 une transmission sans fil stable jusqu&#039;\u00e0 100 m\u00e8tres, vous pouvez facilement placer le capteur dans diff\u00e9rents environnements et obtenir des mesures pr\u00e9cises directement sur l&#039;unit\u00e9 int\u00e9rieure connect\u00e9e au syst\u00e8me.<\/p>\n<p data-start=\"663\" data-end=\"950\">Le capteur enregistre la temp\u00e9rature et l&#039;humidit\u00e9 en temps r\u00e9el et transmet ces donn\u00e9es \u00e0 votre station m\u00e9t\u00e9o. Gr\u00e2ce \u00e0 la prise en charge de plusieurs canaux (CH1, CH2, CH3), vous pouvez utiliser plusieurs capteurs simultan\u00e9ment pour surveiller, par exemple, les chambres, les salons, les sous-sols, les v\u00e9randas ou le climat ext\u00e9rieur.<\/p>\n<p data-start=\"952\" data-end=\"1308\">L&#039;installation et la mise en place sont simples\u00a0: le capteur peut \u00eatre pos\u00e9 ou fix\u00e9 au mur. \u00c9conome en \u00e9nergie, il est con\u00e7u pour un fonctionnement fiable et durable. La combinaison de plusieurs capteurs offre une vision compl\u00e8te de l&#039;environnement int\u00e9rieur et ext\u00e9rieur, particuli\u00e8rement pr\u00e9cieuse pour ceux qui souhaitent optimiser leur confort, r\u00e9aliser des \u00e9conomies d&#039;\u00e9nergie et suivre les conditions m\u00e9t\u00e9orologiques.<\/p>\n<p data-start=\"1310\" data-end=\"1348\"><strong data-start=\"1310\" data-end=\"1346\">Avantages et utilisations\u00a0:<\/strong><\/p>\n<ul data-start=\"1349\" data-end=\"1612\">\n<li data-start=\"1349\" data-end=\"1390\">\n<p data-start=\"1351\" data-end=\"1390\">Obtenez des donn\u00e9es de mesure provenant de plusieurs pi\u00e8ces ou zones.<\/p>\n<\/li>\n<li data-start=\"1391\" data-end=\"1430\">\n<p data-start=\"1393\" data-end=\"1430\">Port\u00e9e sans fil jusqu&#039;\u00e0 100 m\u00e8tres<\/p>\n<\/li>\n<li data-start=\"1431\" data-end=\"1467\">\n<p data-start=\"1433\" data-end=\"1467\">Prise en charge multicanaux (CH1\u2013CH3)<\/p>\n<\/li>\n<li data-start=\"1468\" data-end=\"1511\">\n<p data-start=\"1470\" data-end=\"1511\">Mesure \u00e0 la fois la temp\u00e9rature et l&#039;humidit\u00e9<\/p>\n<\/li>\n<li data-start=\"1512\" data-end=\"1567\">\n<p data-start=\"1514\" data-end=\"1567\">Montage facile \u2013 peut \u00eatre suspendu ou pos\u00e9 \u00e0 la verticale<\/p>\n<\/li>\n<li data-start=\"1568\" data-end=\"1612\">\n<p data-start=\"1570\" data-end=\"1612\">Convient pour la maison, le bureau, la v\u00e9randa, la serre, etc.<\/p>\n<\/li>\n<\/ul>\n<p data-start=\"1614\" data-end=\"1645\"><strong data-start=\"1614\" data-end=\"1643\">Sp\u00e9cifications techniques :<\/strong><\/p>\n<ul data-start=\"1646\" data-end=\"1790\">\n<li data-start=\"1646\" data-end=\"1687\">\n<p data-start=\"1648\" data-end=\"1687\">Fonctions : Mesure de la temp\u00e9rature et de l&#039;humidit\u00e9<\/p>\n<\/li>\n<li data-start=\"1688\" data-end=\"1724\">\n<p data-start=\"1690\" data-end=\"1724\">Port\u00e9e sans fil\u00a0: jusqu\u2019\u00e0 100\u00a0m<\/p>\n<\/li>\n<li data-start=\"1725\" data-end=\"1751\">\n<p data-start=\"1727\" data-end=\"1751\">Canaux : CH1, CH2, CH3<\/p>\n<\/li>\n<li data-start=\"1752\" data-end=\"1790\">\n<p data-start=\"1754\" data-end=\"1790\">Compatible avec les stations m\u00e9t\u00e9o WiFi<\/p>\n<\/li>\n<li data-start=\"1752\" data-end=\"1790\">Batterier f\u00f6r drift: 2 x AA\u00a0 (ing\u00e5r ej utan k\u00f6ps separat)<\/li>\n<\/ul>","protected":false},"excerpt":{"rendered":"<p>Lot de 2 avec capteur de temp\u00e9rature et d&#039;humidit\u00e9 suppl\u00e9mentaire qui se connecte facilement \u00e0 votre station m\u00e9t\u00e9o WiFi portant la r\u00e9f\u00e9rence\u00a0: SMH-WEATHER (non compatible avec le mod\u00e8le SMH-WEATHER-Pro).<\/p>\n<p>Permet des mesures pr\u00e9cises dans plusieurs pi\u00e8ces ou en ext\u00e9rieur, avec une port\u00e9e allant jusqu&#039;\u00e0 100 m\u00e8tres. Id\u00e9al pour la maison, le bureau, une serre ou une v\u00e9randa.<\/p>","protected":false},"featured_media":161320,"template":"","meta":{"_acf_changed":false},"product_brand":[],"product_cat":[4767],"product_tag":[],"class_list":{"0":"post-165200","1":"product","2":"type-product","3":"status-publish","4":"has-post-thumbnail","6":"product_cat-smart-klimat-vader","7":"product_shipping_class-postnord-varubrev","8":"tm-no-options","10":"first","11":"instock","12":"sale","13":"taxable","14":"shipping-taxable","15":"purchasable","16":"product-type-woosb"},"acf":[],"_links":{"self":[{"href":"https:\/\/secureus.se\/fr\/wp-json\/wp\/v2\/product\/165200","targetHints":{"allow":["GET"]}}],"collection":[{"href":"https:\/\/secureus.se\/fr\/wp-json\/wp\/v2\/product"}],"about":[{"href":"https:\/\/secureus.se\/fr\/wp-json\/wp\/v2\/types\/product"}],"wp:featuredmedia":[{"embeddable":true,"href":"https:\/\/secureus.se\/fr\/wp-json\/wp\/v2\/media\/161320"}],"wp:attachment":[{"href":"https:\/\/secureus.se\/fr\/wp-json\/wp\/v2\/media?parent=165200"}],"wp:term":[{"taxonomy":"product_brand","embeddable":true,"href":"https:\/\/secureus.se\/fr\/wp-json\/wp\/v2\/product_brand?post=165200"},{"taxonomy":"product_cat","embeddable":true,"href":"https:\/\/secureus.se\/fr\/wp-json\/wp\/v2\/product_cat?post=165200"},{"taxonomy":"product_tag","embeddable":true,"href":"https:\/\/secureus.se\/fr\/wp-json\/wp\/v2\/product_tag?post=165200"}],"curies":[{"name":"wp","href":"https:\/\/api.w.org\/{rel}","templated":true}]}}