{"id":165236,"date":"2026-05-05T14:27:30","date_gmt":"2026-05-05T12:27:30","guid":{"rendered":"https:\/\/secureus.se\/hid-omnikey-5023-contactless-card-reader-dark-blue\/"},"modified":"2026-05-05T17:44:23","modified_gmt":"2026-05-05T15:44:23","slug":"hid-omnikey-5023-contactless-card-reader-dark-blue","status":"publish","type":"product","link":"https:\/\/secureus.se\/fr\/hid-omnikey-5023-contactless-card-reader-dark-blue\/","title":{"rendered":"Lecteur de cartes sans contact HID Omnikey 5023 - Bleu fonc\u00e9"},"content":{"rendered":"<p>Le lecteur de cartes \u00e0 puce sans contact HID Omnikey 5023 utilise une technologie multicouche s\u00e9curis\u00e9e, conforme aux normes et bas\u00e9e sur l&#039;objet d&#039;identit\u00e9 s\u00e9curis\u00e9 (SIO), pour prot\u00e9ger les donn\u00e9es et g\u00e9rer les identifiants. Int\u00e9gr\u00e9 \u00e0 la solution d&#039;authentification sans contact ActivID, ce lecteur permet \u00e9galement aux utilisateurs d&#039;approcher leur carte du lecteur et de g\u00e9n\u00e9rer un code OTP (mot de passe \u00e0 usage unique) pour une connexion plus s\u00e9curis\u00e9e.<\/p>\n<ul>\n<li>Prend en charge Seos, iCLASS SE, MIFARE, DESFire et autres identifiants compatibles SIO<\/li>\n<li>Prise en charge CCID pour les syst\u00e8mes d&#039;exploitation Windows, Linux et Mac<\/li>\n<li>R\u00e9f\u00e9rence fabricant\u00a0: R50230318-DB<\/li>\n<\/ul>\n<p>\n <strong><br \/>\n Poids du produit :<br \/>\n 0,00 kg<br \/>\n <\/strong>\n <\/p>","protected":false},"excerpt":{"rendered":"<p>The HID Omnikey 5023 Contactless Smart Card Reader utilises multi-layered, secure standards-based technology based on Secure Identity Object (SIO) to protect data and support credentials. As part of the ActivID<\/p>","protected":false},"featured_media":165235,"template":"","meta":{"_acf_changed":false},"product_brand":[],"product_cat":[5132],"product_tag":[],"class_list":{"0":"post-165236","1":"product","2":"type-product","3":"status-publish","4":"has-post-thumbnail","6":"product_cat-lasare-passersystem","7":"pa_brands-hid","8":"tm-no-options","10":"first","11":"outofstock","12":"sale","13":"taxable","14":"shipping-taxable","15":"purchasable","16":"product-type-simple"},"acf":[],"_links":{"self":[{"href":"https:\/\/secureus.se\/fr\/wp-json\/wp\/v2\/product\/165236","targetHints":{"allow":["GET"]}}],"collection":[{"href":"https:\/\/secureus.se\/fr\/wp-json\/wp\/v2\/product"}],"about":[{"href":"https:\/\/secureus.se\/fr\/wp-json\/wp\/v2\/types\/product"}],"wp:featuredmedia":[{"embeddable":true,"href":"https:\/\/secureus.se\/fr\/wp-json\/wp\/v2\/media\/165235"}],"wp:attachment":[{"href":"https:\/\/secureus.se\/fr\/wp-json\/wp\/v2\/media?parent=165236"}],"wp:term":[{"taxonomy":"product_brand","embeddable":true,"href":"https:\/\/secureus.se\/fr\/wp-json\/wp\/v2\/product_brand?post=165236"},{"taxonomy":"product_cat","embeddable":true,"href":"https:\/\/secureus.se\/fr\/wp-json\/wp\/v2\/product_cat?post=165236"},{"taxonomy":"product_tag","embeddable":true,"href":"https:\/\/secureus.se\/fr\/wp-json\/wp\/v2\/product_tag?post=165236"}],"curies":[{"name":"wp","href":"https:\/\/api.w.org\/{rel}","templated":true}]}}