{"id":165240,"date":"2026-05-05T14:27:22","date_gmt":"2026-05-05T12:27:22","guid":{"rendered":"https:\/\/secureus.se\/pac-architect-one-blue-rfid-bt-mullion-reader\/"},"modified":"2026-05-05T17:20:25","modified_gmt":"2026-05-05T15:20:25","slug":"pac-architect-one-blue-rfid-bt-mullion-reader","status":"publish","type":"product","link":"https:\/\/secureus.se\/fr\/pac-architect-one-blue-rfid-bt-mullion-reader\/","title":{"rendered":"PAC Architect One Blue RFID &amp; BT Mullion Reader"},"content":{"rendered":"<p>Le lecteur RFID et Bluetooth haute fr\u00e9quence PAC Architect One Blue, int\u00e9gr\u00e9 \u00e0 un montant, est compatible avec les cartes et les smartphones pour une utilisation simplifi\u00e9e. Ce lecteur est sp\u00e9cialement con\u00e7u pour une installation dans les espaces r\u00e9duits, comme sur les cadres de porte ou dans les bo\u00eetiers d&#039;encastrement \u00e9troits.<\/p>\n<ul>\n<li>Compatible avec PAC Ops, PAC Ops Lite et les identifiants mobiles<\/li>\n<li>Port\u00e9e de lecture de 60 mm pour les appareils PAC HF ID et de 20 m pour les appareils Mobile ID.<\/li>\n<li>Garantie \u00e0 vie contre les pannes \u00e9lectroniques<\/li>\n<\/ul>\n<p>\n <strong><br \/>\n Poids du produit :<br \/>\n 0,50 kg<br \/>\n <\/strong>\n <\/p>\n<p>\n <strong>Prix \u00e0 partir de 359,99 \u20ac<\/strong>\n <\/p>","protected":false},"excerpt":{"rendered":"<p>The high-frequency PAC Architect One Blue RFID &amp; Bluetooth mullion reader is compatible with cards and smartphones to ensure complete convenience for all users. This reader is specially designed for<\/p>","protected":false},"featured_media":165237,"template":"","meta":{"_acf_changed":false},"product_brand":[],"product_cat":[5132],"product_tag":[],"class_list":{"0":"post-165240","1":"product","2":"type-product","3":"status-publish","4":"has-post-thumbnail","6":"product_cat-lasare-passersystem","7":"tm-no-options","9":"first","10":"outofstock","11":"sale","12":"taxable","13":"shipping-taxable","14":"purchasable","15":"product-type-simple"},"acf":[],"_links":{"self":[{"href":"https:\/\/secureus.se\/fr\/wp-json\/wp\/v2\/product\/165240","targetHints":{"allow":["GET"]}}],"collection":[{"href":"https:\/\/secureus.se\/fr\/wp-json\/wp\/v2\/product"}],"about":[{"href":"https:\/\/secureus.se\/fr\/wp-json\/wp\/v2\/types\/product"}],"wp:featuredmedia":[{"embeddable":true,"href":"https:\/\/secureus.se\/fr\/wp-json\/wp\/v2\/media\/165237"}],"wp:attachment":[{"href":"https:\/\/secureus.se\/fr\/wp-json\/wp\/v2\/media?parent=165240"}],"wp:term":[{"taxonomy":"product_brand","embeddable":true,"href":"https:\/\/secureus.se\/fr\/wp-json\/wp\/v2\/product_brand?post=165240"},{"taxonomy":"product_cat","embeddable":true,"href":"https:\/\/secureus.se\/fr\/wp-json\/wp\/v2\/product_cat?post=165240"},{"taxonomy":"product_tag","embeddable":true,"href":"https:\/\/secureus.se\/fr\/wp-json\/wp\/v2\/product_tag?post=165240"}],"curies":[{"name":"wp","href":"https:\/\/api.w.org\/{rel}","templated":true}]}}