{"id":165247,"date":"2026-05-05T14:27:30","date_gmt":"2026-05-05T12:27:30","guid":{"rendered":"https:\/\/secureus.se\/zebra-symbol-ls2208-usb-barcode-scanner-kit\/"},"modified":"2026-05-05T17:44:35","modified_gmt":"2026-05-05T15:44:35","slug":"zebra-symbol-ls2208-usb-barcode-scanner-kit","status":"publish","type":"product","link":"https:\/\/secureus.se\/fr\/zebra-symbol-ls2208-usb-barcode-scanner-kit\/","title":{"rendered":"Kit de lecteur de codes-barres USB Zebra Symbol LS2208"},"content":{"rendered":"<p>Le lecteur de codes-barres USB Zebra Symbol LS2208 offre une lecture rapide et fiable des codes-barres \u00e0 vos clients, avec une port\u00e9e allant jusqu&#039;\u00e0 43 cm (17 pouces). Ce lecteur portable haute performance est compact et l\u00e9ger, et dispose de multiples interfaces pour une int\u00e9gration facile avec divers syst\u00e8mes h\u00f4tes. R\u00e9sistant aux chutes de 1,5 m sur du b\u00e9ton, le lecteur de codes-barres Zebra Symbol utilise la technologie de lecture laser avec une vitesse de 100 lectures par seconde.<\/p>\n<ul>\n<li>Support inclus<\/li>\n<li>R\u00e9f\u00e9rence fabricant : LS2208<\/li>\n<li>Dimensions : 6 po x 2,5 po x 3,34 po (H x L x P)<\/li>\n<li>Interfaces prises en charge\u00a0: USB, RS232, Keyboard Wedge, IBM 468x\/9x<\/li>\n<li>Garantie de 5 ans<\/li>\n<li>Syst\u00e8mes d&#039;exploitation compatibles via USB\u00a0: Windows 98, 2000, ME, XP, macOS 8.5 et versions ult\u00e9rieures, syst\u00e8me d&#039;exploitation IBM 4690<\/li>\n<\/ul>\n<p>\n <strong><br \/>\n Poids du produit :<br \/>\n 0,60kg<br \/>\n <\/strong>\n <\/p>","protected":false},"excerpt":{"rendered":"<p>The Zebra Symbol LS2208 USB barcode scanner provides fast and reliable barcode scanning for your customers with a wide working range of up to 17 inches. This high-performance handheld scanner<\/p>","protected":false},"featured_media":165242,"template":"","meta":{"_acf_changed":false},"product_brand":[],"product_cat":[5132],"product_tag":[],"class_list":{"0":"post-165247","1":"product","2":"type-product","3":"status-publish","4":"has-post-thumbnail","6":"product_cat-lasare-passersystem","7":"pa_brands-zebra-2","8":"tm-no-options","10":"first","11":"outofstock","12":"sale","13":"taxable","14":"shipping-taxable","15":"purchasable","16":"product-type-simple"},"acf":[],"_links":{"self":[{"href":"https:\/\/secureus.se\/fr\/wp-json\/wp\/v2\/product\/165247","targetHints":{"allow":["GET"]}}],"collection":[{"href":"https:\/\/secureus.se\/fr\/wp-json\/wp\/v2\/product"}],"about":[{"href":"https:\/\/secureus.se\/fr\/wp-json\/wp\/v2\/types\/product"}],"wp:featuredmedia":[{"embeddable":true,"href":"https:\/\/secureus.se\/fr\/wp-json\/wp\/v2\/media\/165242"}],"wp:attachment":[{"href":"https:\/\/secureus.se\/fr\/wp-json\/wp\/v2\/media?parent=165247"}],"wp:term":[{"taxonomy":"product_brand","embeddable":true,"href":"https:\/\/secureus.se\/fr\/wp-json\/wp\/v2\/product_brand?post=165247"},{"taxonomy":"product_cat","embeddable":true,"href":"https:\/\/secureus.se\/fr\/wp-json\/wp\/v2\/product_cat?post=165247"},{"taxonomy":"product_tag","embeddable":true,"href":"https:\/\/secureus.se\/fr\/wp-json\/wp\/v2\/product_tag?post=165247"}],"curies":[{"name":"wp","href":"https:\/\/api.w.org\/{rel}","templated":true}]}}