{"id":165252,"date":"2026-05-05T14:27:30","date_gmt":"2026-05-05T12:27:30","guid":{"rendered":"https:\/\/secureus.se\/hid-omnikey-5427-ck-gen2-with-usb-card-contactless-smart-card-reader-with-keyboard-wedge\/"},"modified":"2026-05-05T17:10:39","modified_gmt":"2026-05-05T15:10:39","slug":"hid-omnikey-5427-ck-gen2-with-usb-card-contactless-smart-card-reader-with-keyboard-wedge","status":"publish","type":"product","link":"https:\/\/secureus.se\/fr\/hid-omnikey-5427-ck-gen2-with-usb-card-contactless-smart-card-reader-with-keyboard-wedge\/","title":{"rendered":"Lecteur de cartes \u00e0 puce sans contact HID Omnikey 5427 CK Gen2 avec port USB et clavier int\u00e9gr\u00e9"},"content":{"rendered":"<p>Le lecteur de cartes USB double fr\u00e9quence HID OMNIKEY\u00ae 5427CK est un lecteur sans contact portable compatible CCID et dot\u00e9 d&#039;une interface clavier, ce qui simplifie son installation. Aucun pilote n&#039;est requis sur les syst\u00e8mes d&#039;exploitation standards. Ce lecteur est compatible avec les technologies de cartes basse et haute fr\u00e9quence.<\/p>\n<ul>\n<li>Interface clavier Wedge<\/li>\n<li>Disponible sous forme de carte de lecture pour applications embarqu\u00e9es<\/li>\n<li>Configuration flexible des structures de donn\u00e9es et des modes de sortie<\/li>\n<li>Connectivit\u00e9 USB<\/li>\n<li>R\u00e9f\u00e9rence fabricant : R54270101<\/li>\n<\/ul>\n<p><strong>CE MOD\u00c8LE REMPLACE LE R51270002-1<\/strong><\/p>\n<p>\n <strong><br \/>\n Poids du produit :<br \/>\n 0,11 kg<br \/>\n <\/strong>\n <\/p>","protected":false},"excerpt":{"rendered":"<p>The HID OMNIKEY\u00ae 5427CK USB dual-frequency card reader is a portable contactless reader with CCID support and keyboard wedge interface, making it easy to set up. There is no need<\/p>","protected":false},"featured_media":165249,"template":"","meta":{"_acf_changed":false},"product_brand":[],"product_cat":[5132],"product_tag":[],"class_list":{"0":"post-165252","1":"product","2":"type-product","3":"status-publish","4":"has-post-thumbnail","6":"product_cat-lasare-passersystem","7":"tm-no-options","9":"first","10":"instock","11":"sale","12":"taxable","13":"shipping-taxable","14":"purchasable","15":"product-type-simple"},"acf":[],"_links":{"self":[{"href":"https:\/\/secureus.se\/fr\/wp-json\/wp\/v2\/product\/165252","targetHints":{"allow":["GET"]}}],"collection":[{"href":"https:\/\/secureus.se\/fr\/wp-json\/wp\/v2\/product"}],"about":[{"href":"https:\/\/secureus.se\/fr\/wp-json\/wp\/v2\/types\/product"}],"wp:featuredmedia":[{"embeddable":true,"href":"https:\/\/secureus.se\/fr\/wp-json\/wp\/v2\/media\/165249"}],"wp:attachment":[{"href":"https:\/\/secureus.se\/fr\/wp-json\/wp\/v2\/media?parent=165252"}],"wp:term":[{"taxonomy":"product_brand","embeddable":true,"href":"https:\/\/secureus.se\/fr\/wp-json\/wp\/v2\/product_brand?post=165252"},{"taxonomy":"product_cat","embeddable":true,"href":"https:\/\/secureus.se\/fr\/wp-json\/wp\/v2\/product_cat?post=165252"},{"taxonomy":"product_tag","embeddable":true,"href":"https:\/\/secureus.se\/fr\/wp-json\/wp\/v2\/product_tag?post=165252"}],"curies":[{"name":"wp","href":"https:\/\/api.w.org\/{rel}","templated":true}]}}