{"id":165256,"date":"2026-05-05T14:27:20","date_gmt":"2026-05-05T12:27:20","guid":{"rendered":"https:\/\/secureus.se\/pac-architect-a-blue-rfid-bluetooth-standard-reader\/"},"modified":"2026-05-05T17:48:27","modified_gmt":"2026-05-05T15:48:27","slug":"pac-architect-a-blue-rfid-bluetooth-standard-reader","status":"publish","type":"product","link":"https:\/\/secureus.se\/fr\/pac-architect-a-blue-rfid-bluetooth-standard-reader\/","title":{"rendered":"PAC Architect A Blue RFID &amp; Bluetooth Standard Reader"},"content":{"rendered":"<p>Le lecteur RFID haute fr\u00e9quence PAC Architect A Blue, compatible avec les normes RFID et Bluetooth, fonctionne aussi bien avec les cartes qu&#039;avec les smartphones pour une utilisation simplifi\u00e9e. Con\u00e7u pour r\u00e9sister au vandalisme et offrir une s\u00e9curit\u00e9 maximale, il int\u00e8gre un syst\u00e8me de d\u00e9tection de sabotage par acc\u00e9l\u00e9rom\u00e8tre.<\/p>\n<ul>\n<li>Compatible avec PAC Ops, PAC Ops Lite et les identifiants mobiles<\/li>\n<li>Port\u00e9e de lecture de 80 mm pour les appareils PAC HF ID et de 20 m pour les appareils Mobile ID.<\/li>\n<li>Garantie \u00e0 vie contre les pannes \u00e9lectroniques<\/li>\n<\/ul>\n<p>\n <strong><br \/>\n Poids du produit :<br \/>\n 0,50 kg<br \/>\n <\/strong>\n <\/p>\n<p>\n <strong>Prix \u00e0 partir de 438,00 \u20ac<\/strong>\n <\/p>","protected":false},"excerpt":{"rendered":"<p>The high-frequency PAC Architect A Blue RFID and Bluetooth standard reader works with both cards and smartphones to ensure complete convenience. This reader is specially designed to be vandal-proof and<\/p>","protected":false},"featured_media":165254,"template":"","meta":{"_acf_changed":false},"product_brand":[],"product_cat":[5132],"product_tag":[],"class_list":{"0":"post-165256","1":"product","2":"type-product","3":"status-publish","4":"has-post-thumbnail","6":"product_cat-lasare-passersystem","7":"pa_brands-pac","8":"tm-no-options","10":"first","11":"outofstock","12":"sale","13":"taxable","14":"shipping-taxable","15":"purchasable","16":"product-type-simple"},"acf":[],"_links":{"self":[{"href":"https:\/\/secureus.se\/fr\/wp-json\/wp\/v2\/product\/165256","targetHints":{"allow":["GET"]}}],"collection":[{"href":"https:\/\/secureus.se\/fr\/wp-json\/wp\/v2\/product"}],"about":[{"href":"https:\/\/secureus.se\/fr\/wp-json\/wp\/v2\/types\/product"}],"wp:featuredmedia":[{"embeddable":true,"href":"https:\/\/secureus.se\/fr\/wp-json\/wp\/v2\/media\/165254"}],"wp:attachment":[{"href":"https:\/\/secureus.se\/fr\/wp-json\/wp\/v2\/media?parent=165256"}],"wp:term":[{"taxonomy":"product_brand","embeddable":true,"href":"https:\/\/secureus.se\/fr\/wp-json\/wp\/v2\/product_brand?post=165256"},{"taxonomy":"product_cat","embeddable":true,"href":"https:\/\/secureus.se\/fr\/wp-json\/wp\/v2\/product_cat?post=165256"},{"taxonomy":"product_tag","embeddable":true,"href":"https:\/\/secureus.se\/fr\/wp-json\/wp\/v2\/product_tag?post=165256"}],"curies":[{"name":"wp","href":"https:\/\/api.w.org\/{rel}","templated":true}]}}