{"id":165257,"date":"2026-05-05T14:27:29","date_gmt":"2026-05-05T12:27:29","guid":{"rendered":"https:\/\/secureus.se\/zebra-li4278-cordless-scanner-usb-kit\/"},"modified":"2026-05-05T17:44:40","modified_gmt":"2026-05-05T15:44:40","slug":"zebra-li4278-cordless-scanner-usb-kit","status":"publish","type":"product","link":"https:\/\/secureus.se\/fr\/zebra-li4278-cordless-scanner-usb-kit\/","title":{"rendered":"Zebra LI4278 Cordless Scanner USB Kit"},"content":{"rendered":"<p>Le lecteur sans fil Zebra LI4278 est un imageur lin\u00e9aire offrant des performances de lecture de codes-barres 1D sup\u00e9rieures et une large port\u00e9e. Sa batterie rechargeable int\u00e9gr\u00e9e permet \u00e0 vos clients une utilisation portable et sans fil, avec une compatibilit\u00e9 Bluetooth 2.1 et un cryptage am\u00e9lior\u00e9 pour une s\u00e9curit\u00e9 et des performances accrues. Le Zebra LI4278 poss\u00e8de une vitesse de lecture de 547 scans par seconde et une port\u00e9e de 3,8 \u00e0 48,3 cm.<\/p>\n<ul>\n<li>Berceau en S inclus<\/li>\n<li>multi-interface filaire<\/li>\n<li>C\u00e2ble USB de 2,13 m<\/li>\n<li>R\u00e9f\u00e9rence fabricant : LI4278<\/li>\n<li>Interfaces prises en charge\u00a0: USB, RS232, Keyboard Wedge, RS485 (IBM)<\/li>\n<\/ul>\n<p>\n <strong><br \/>\n Poids du produit :<br \/>\n 0.55 kg<br \/>\n <\/strong>\n <\/p>","protected":false},"excerpt":{"rendered":"<p>The Zebra LI4278 cordless scanner is a linear imager delivering superior 1D barcode scanning performance with a wide data capture range. The built-in rechargeable battery gives your customers\u00a0handheld, cordless scanning<\/p>","protected":false},"featured_media":165253,"template":"","meta":{"_acf_changed":false},"product_brand":[],"product_cat":[5132],"product_tag":[],"class_list":{"0":"post-165257","1":"product","2":"type-product","3":"status-publish","4":"has-post-thumbnail","6":"product_cat-lasare-passersystem","7":"pa_brands-zebra-2","8":"tm-no-options","10":"first","11":"instock","12":"sale","13":"taxable","14":"shipping-taxable","15":"purchasable","16":"product-type-simple"},"acf":[],"_links":{"self":[{"href":"https:\/\/secureus.se\/fr\/wp-json\/wp\/v2\/product\/165257","targetHints":{"allow":["GET"]}}],"collection":[{"href":"https:\/\/secureus.se\/fr\/wp-json\/wp\/v2\/product"}],"about":[{"href":"https:\/\/secureus.se\/fr\/wp-json\/wp\/v2\/types\/product"}],"wp:featuredmedia":[{"embeddable":true,"href":"https:\/\/secureus.se\/fr\/wp-json\/wp\/v2\/media\/165253"}],"wp:attachment":[{"href":"https:\/\/secureus.se\/fr\/wp-json\/wp\/v2\/media?parent=165257"}],"wp:term":[{"taxonomy":"product_brand","embeddable":true,"href":"https:\/\/secureus.se\/fr\/wp-json\/wp\/v2\/product_brand?post=165257"},{"taxonomy":"product_cat","embeddable":true,"href":"https:\/\/secureus.se\/fr\/wp-json\/wp\/v2\/product_cat?post=165257"},{"taxonomy":"product_tag","embeddable":true,"href":"https:\/\/secureus.se\/fr\/wp-json\/wp\/v2\/product_tag?post=165257"}],"curies":[{"name":"wp","href":"https:\/\/api.w.org\/{rel}","templated":true}]}}