{"id":165273,"date":"2026-05-05T14:27:29","date_gmt":"2026-05-05T12:27:29","guid":{"rendered":"https:\/\/secureus.se\/hid-omnikey-3121-smart-card-reader-r31210320-01\/"},"modified":"2026-05-05T17:10:46","modified_gmt":"2026-05-05T15:10:46","slug":"hid-omnikey-3121-smart-card-reader-r31210320-01","status":"publish","type":"product","link":"https:\/\/secureus.se\/fr\/hid-omnikey-3121-smart-card-reader-r31210320-01\/","title":{"rendered":"Lecteur de cartes \u00e0 puce HID Omnikey 3121 R31210320-01"},"content":{"rendered":"<p>Le lecteur de cartes \u00e0 puce HID Omnikey 3121 est un lecteur haute performance pour ordinateur de bureau, fourni avec diff\u00e9rents supports pour une utilisation verticale ou horizontale. Ce lecteur USB facile \u00e0 installer est compatible avec toutes les cartes sans contact et est livr\u00e9 avec un support adh\u00e9sif (par exemple, pour \u00e9cran d&#039;ordinateur).<\/p>\n<ul>\n<li>Bo\u00eetier robuste et long c\u00e2ble USB<\/li>\n<li>Transmission de donn\u00e9es \u00e0 haut d\u00e9bit<\/li>\n<li>Tous les principaux syst\u00e8mes d&#039;exploitation sont pris en charge.<\/li>\n<li>R\u00e9f\u00e9rence fabricant : R31210320-01<\/li>\n<\/ul>\n<p>\n <strong><br \/>\n Poids du produit :<br \/>\n 0,20 kg<br \/>\n <\/strong>\n <\/p>","protected":false},"excerpt":{"rendered":"<p>The HID Omnikey 3121 Smart Card Reader is a high-performance\u00a0card reader for desktop use and comes with different standing base options for both vertical and horizontal use. This easy-to-install USB<\/p>","protected":false},"featured_media":165272,"template":"","meta":{"_acf_changed":false},"product_brand":[],"product_cat":[5132],"product_tag":[],"class_list":{"0":"post-165273","1":"product","2":"type-product","3":"status-publish","4":"has-post-thumbnail","6":"product_cat-lasare-passersystem","7":"tm-no-options","9":"first","10":"instock","11":"sale","12":"taxable","13":"shipping-taxable","14":"purchasable","15":"product-type-simple"},"acf":[],"_links":{"self":[{"href":"https:\/\/secureus.se\/fr\/wp-json\/wp\/v2\/product\/165273","targetHints":{"allow":["GET"]}}],"collection":[{"href":"https:\/\/secureus.se\/fr\/wp-json\/wp\/v2\/product"}],"about":[{"href":"https:\/\/secureus.se\/fr\/wp-json\/wp\/v2\/types\/product"}],"wp:featuredmedia":[{"embeddable":true,"href":"https:\/\/secureus.se\/fr\/wp-json\/wp\/v2\/media\/165272"}],"wp:attachment":[{"href":"https:\/\/secureus.se\/fr\/wp-json\/wp\/v2\/media?parent=165273"}],"wp:term":[{"taxonomy":"product_brand","embeddable":true,"href":"https:\/\/secureus.se\/fr\/wp-json\/wp\/v2\/product_brand?post=165273"},{"taxonomy":"product_cat","embeddable":true,"href":"https:\/\/secureus.se\/fr\/wp-json\/wp\/v2\/product_cat?post=165273"},{"taxonomy":"product_tag","embeddable":true,"href":"https:\/\/secureus.se\/fr\/wp-json\/wp\/v2\/product_tag?post=165273"}],"curies":[{"name":"wp","href":"https:\/\/api.w.org\/{rel}","templated":true}]}}