{"id":165277,"date":"2026-05-05T14:27:20","date_gmt":"2026-05-05T12:27:20","guid":{"rendered":"https:\/\/secureus.se\/hid-signo-mechanical-keypad-reader-40t\/"},"modified":"2026-05-05T17:22:17","modified_gmt":"2026-05-05T15:22:17","slug":"hid-signo-mechanical-keypad-reader-40t","status":"publish","type":"product","link":"https:\/\/secureus.se\/fr\/hid-signo-mechanical-keypad-reader-40t\/","title":{"rendered":"Lecteur de clavier m\u00e9canique HID\u00ae Signo\u2122 40T"},"content":{"rendered":"<p>Le lecteur HID Signo 40T est con\u00e7u pour un contr\u00f4le d&#039;acc\u00e8s s\u00e9curis\u00e9 gr\u00e2ce \u00e0 un clavier m\u00e9canique robuste. Destin\u00e9 aux environnements exigeant la saisie d&#039;un code PIN en plus des identifiants par carte ou mobile, ce lecteur prend en charge un large \u00e9ventail de technologies sur les fr\u00e9quences 2,4 GHz, 13,56 MHz et 125 kHz.<\/p>\n<ul>\n<li>iCLASS Seos\u00ae<\/li>\n<li>iCLASS, iCLASS SE\u00ae, CEPAS<\/li>\n<li>MIFARE\u2122 Classic, MIFARE\u2122 DESFire\u2122<\/li>\n<li>HID Prox\u00ae, Indala Prox\u00ae, AWID Prox\u00ae, EM Prox\u00ae<\/li>\n<li>Clavier m\u00e9canique \u00e0 12 touches pour l&#039;authentification par code PIN<\/li>\n<\/ul>\n<p><strong>R\u00e9f\u00e9rence fabricant\u00a0: 40TTKS-00-00BMMD<\/strong><\/p>\n<p>\n <strong><br \/>\n Poids du produit :<br \/>\n 0,50 kg<br \/>\n <\/strong>\n <\/p>","protected":false},"excerpt":{"rendered":"<p>The HID Signo 40T Reader is built for secure access control using a durable mechanical keypad. Designed for environments that require PIN entry alongside card or mobile credentials, this reader<\/p>","protected":false},"featured_media":165274,"template":"","meta":{"_acf_changed":false},"product_brand":[],"product_cat":[5132],"product_tag":[],"class_list":{"0":"post-165277","1":"product","2":"type-product","3":"status-publish","4":"has-post-thumbnail","6":"product_cat-lasare-passersystem","7":"tm-no-options","9":"first","10":"outofstock","11":"sale","12":"taxable","13":"shipping-taxable","14":"purchasable","15":"product-type-simple"},"acf":[],"_links":{"self":[{"href":"https:\/\/secureus.se\/fr\/wp-json\/wp\/v2\/product\/165277","targetHints":{"allow":["GET"]}}],"collection":[{"href":"https:\/\/secureus.se\/fr\/wp-json\/wp\/v2\/product"}],"about":[{"href":"https:\/\/secureus.se\/fr\/wp-json\/wp\/v2\/types\/product"}],"wp:featuredmedia":[{"embeddable":true,"href":"https:\/\/secureus.se\/fr\/wp-json\/wp\/v2\/media\/165274"}],"wp:attachment":[{"href":"https:\/\/secureus.se\/fr\/wp-json\/wp\/v2\/media?parent=165277"}],"wp:term":[{"taxonomy":"product_brand","embeddable":true,"href":"https:\/\/secureus.se\/fr\/wp-json\/wp\/v2\/product_brand?post=165277"},{"taxonomy":"product_cat","embeddable":true,"href":"https:\/\/secureus.se\/fr\/wp-json\/wp\/v2\/product_cat?post=165277"},{"taxonomy":"product_tag","embeddable":true,"href":"https:\/\/secureus.se\/fr\/wp-json\/wp\/v2\/product_tag?post=165277"}],"curies":[{"name":"wp","href":"https:\/\/api.w.org\/{rel}","templated":true}]}}