{"id":165279,"date":"2026-05-05T14:27:29","date_gmt":"2026-05-05T12:27:29","guid":{"rendered":"https:\/\/secureus.se\/msr100-usb-magnetic-card-swipe-reader\/"},"modified":"2026-05-05T17:44:56","modified_gmt":"2026-05-05T15:44:56","slug":"msr100-usb-magnetic-card-swipe-reader","status":"publish","type":"product","link":"https:\/\/secureus.se\/fr\/msr100-usb-magnetic-card-swipe-reader\/","title":{"rendered":"Lecteur de cartes magn\u00e9tiques USB MSR100"},"content":{"rendered":"<p>Notre lecteur de cartes magn\u00e9tiques USB MSR100, polyvalent et pr\u00eat \u00e0 l&#039;emploi, est utilis\u00e9 pour les points de vente, la collecte de donn\u00e9es et le contr\u00f4le d&#039;acc\u00e8s. Il est bidirectionnel et aliment\u00e9 par USB.<\/p>\n<ul>\n<li>Dur\u00e9e de vie de la t\u00eate : environ 300 000 passages.<\/li>\n<li>\u00a0Lit jusqu&#039;\u00e0 3 pistes de donn\u00e9es, par exemple le d\u00e9codage\/l&#039;encodage.<\/li>\n<li>V\u00e9rifie jusqu&#039;\u00e0 3 pistes de donn\u00e9es simultan\u00e9ment.<\/li>\n<\/ul>\n<p>\n <strong><br \/>\n Poids du produit :<br \/>\n 0,13kg<br \/>\n <\/strong>\n <\/p>","protected":false},"excerpt":{"rendered":"<p>Our versatile plug and play MSR100 USB Magnetic Card Swipe Reader is used for point of sale, data collection and access control. It is bi-directional and USB-powered. Lifespan of head<\/p>","protected":false},"featured_media":165278,"template":"","meta":{"_acf_changed":false},"product_brand":[],"product_cat":[5132],"product_tag":[],"class_list":{"0":"post-165279","1":"product","2":"type-product","3":"status-publish","4":"has-post-thumbnail","6":"product_cat-lasare-passersystem","7":"pa_brands-msr","8":"tm-no-options","10":"first","11":"instock","12":"sale","13":"taxable","14":"shipping-taxable","15":"purchasable","16":"product-type-simple"},"acf":[],"_links":{"self":[{"href":"https:\/\/secureus.se\/fr\/wp-json\/wp\/v2\/product\/165279","targetHints":{"allow":["GET"]}}],"collection":[{"href":"https:\/\/secureus.se\/fr\/wp-json\/wp\/v2\/product"}],"about":[{"href":"https:\/\/secureus.se\/fr\/wp-json\/wp\/v2\/types\/product"}],"wp:featuredmedia":[{"embeddable":true,"href":"https:\/\/secureus.se\/fr\/wp-json\/wp\/v2\/media\/165278"}],"wp:attachment":[{"href":"https:\/\/secureus.se\/fr\/wp-json\/wp\/v2\/media?parent=165279"}],"wp:term":[{"taxonomy":"product_brand","embeddable":true,"href":"https:\/\/secureus.se\/fr\/wp-json\/wp\/v2\/product_brand?post=165279"},{"taxonomy":"product_cat","embeddable":true,"href":"https:\/\/secureus.se\/fr\/wp-json\/wp\/v2\/product_cat?post=165279"},{"taxonomy":"product_tag","embeddable":true,"href":"https:\/\/secureus.se\/fr\/wp-json\/wp\/v2\/product_tag?post=165279"}],"curies":[{"name":"wp","href":"https:\/\/api.w.org\/{rel}","templated":true}]}}