{"id":165281,"date":"2026-05-05T14:27:29","date_gmt":"2026-05-05T12:27:29","guid":{"rendered":"https:\/\/secureus.se\/hid-r10-900ntntek00000-iclass-card-reader\/"},"modified":"2026-05-05T17:10:49","modified_gmt":"2026-05-05T15:10:49","slug":"hid-r10-900ntntek00000-iclass-card-reader","status":"publish","type":"product","link":"https:\/\/secureus.se\/fr\/hid-r10-900ntntek00000-iclass-card-reader\/","title":{"rendered":"HID R10 900NTNTEK00000 iCLASS Card Reader"},"content":{"rendered":"<p>D\u00e9couvrez notre lecteur de cartes iCLASS HID R10 900NTNTEK00000, simple d&#039;utilisation et dot\u00e9 d&#039;une plateforme de lecture tr\u00e8s flexible. Son architecture ouverte le rend compatible avec la plupart des cartes du march\u00e9.<\/p>\n<ul>\n<li>\u00a0Lecteur de cartes \u00e0 puce Mullion<\/li>\n<li>\u00a0M\u00eames connexions \u00e9lectriques.<\/li>\n<li>\u00a0Fonctionnement en 5 ou 12 volts comme nos lecteurs de proximit\u00e9.<\/li>\n<\/ul>\n<p>R\u00e9f\u00e9rence fabricant : 900NTNTEK00000<\/p>\n<p>\n <strong><br \/>\n Poids du produit :<br \/>\n 0,50 kg<br \/>\n <\/strong>\n <\/p>","protected":false},"excerpt":{"rendered":"<p>Get our user-friendly HID R10 900NTNTEK00000 iCLASS CARD READER which offers a highly flexible reader platform. Its open architecture design makes it compatible with the most popular cards in the<\/p>","protected":false},"featured_media":165280,"template":"","meta":{"_acf_changed":false},"product_brand":[],"product_cat":[5132],"product_tag":[],"class_list":{"0":"post-165281","1":"product","2":"type-product","3":"status-publish","4":"has-post-thumbnail","6":"product_cat-lasare-passersystem","7":"tm-no-options","9":"first","10":"outofstock","11":"sale","12":"taxable","13":"shipping-taxable","14":"purchasable","15":"product-type-simple"},"acf":[],"_links":{"self":[{"href":"https:\/\/secureus.se\/fr\/wp-json\/wp\/v2\/product\/165281","targetHints":{"allow":["GET"]}}],"collection":[{"href":"https:\/\/secureus.se\/fr\/wp-json\/wp\/v2\/product"}],"about":[{"href":"https:\/\/secureus.se\/fr\/wp-json\/wp\/v2\/types\/product"}],"wp:featuredmedia":[{"embeddable":true,"href":"https:\/\/secureus.se\/fr\/wp-json\/wp\/v2\/media\/165280"}],"wp:attachment":[{"href":"https:\/\/secureus.se\/fr\/wp-json\/wp\/v2\/media?parent=165281"}],"wp:term":[{"taxonomy":"product_brand","embeddable":true,"href":"https:\/\/secureus.se\/fr\/wp-json\/wp\/v2\/product_brand?post=165281"},{"taxonomy":"product_cat","embeddable":true,"href":"https:\/\/secureus.se\/fr\/wp-json\/wp\/v2\/product_cat?post=165281"},{"taxonomy":"product_tag","embeddable":true,"href":"https:\/\/secureus.se\/fr\/wp-json\/wp\/v2\/product_tag?post=165281"}],"curies":[{"name":"wp","href":"https:\/\/api.w.org\/{rel}","templated":true}]}}