{"id":165296,"date":"2026-05-05T14:27:28","date_gmt":"2026-05-05T12:27:28","guid":{"rendered":"https:\/\/secureus.se\/kantech-ioprox-reader-mullion-xsf-format-p225xsf\/"},"modified":"2026-05-05T17:45:08","modified_gmt":"2026-05-05T15:45:08","slug":"kantech-ioprox-reader-mullion-xsf-format-p225xsf","status":"publish","type":"product","link":"https:\/\/secureus.se\/fr\/kantech-ioprox-reader-mullion-xsf-format-p225xsf\/","title":{"rendered":"Lecteur Kantech ioProx Mullion XSF Format P225XSF"},"content":{"rendered":"<p>B\u00e9n\u00e9ficiez d&#039;un traitement num\u00e9rique du signal optimal avec le lecteur Kantech ioProx au format Mullion XSF (P225XSF). Il assure une lecture de cartes rapide et fiable et est compatible avec les cartes de proximit\u00e9 Wiegand.<\/p>\n<ul>\n<li>\u00c9tanche.<\/li>\n<li>Les cartes Kantech XSF peuvent \u00eatre encod\u00e9es avec plus de 4 milliards de codes uniques.<\/li>\n<li>Port\u00e9e de lecture jusqu&#039;\u00e0 73 cm.<\/li>\n<\/ul>\n<p>\n <strong><br \/>\n Poids du produit :<br \/>\n 0,20 kg<br \/>\n <\/strong>\n <\/p>","protected":false},"excerpt":{"rendered":"<p>B\u00e9n\u00e9ficiez d&#039;un traitement num\u00e9rique du signal optimal avec le lecteur Kantech ioProx au format Mullion XSF (P225XSF). Il assure une lecture de cartes rapide et fiable et est compatible avec les cartes de proximit\u00e9 Wiegand.<\/p>","protected":false},"featured_media":165287,"template":"","meta":{"_acf_changed":false},"product_brand":[],"product_cat":[5132],"product_tag":[],"class_list":{"0":"post-165296","1":"product","2":"type-product","3":"status-publish","4":"has-post-thumbnail","6":"product_cat-lasare-passersystem","7":"pa_brands-kantech","8":"tm-no-options","10":"first","11":"outofstock","12":"sale","13":"taxable","14":"shipping-taxable","15":"purchasable","16":"product-type-simple"},"acf":[],"_links":{"self":[{"href":"https:\/\/secureus.se\/fr\/wp-json\/wp\/v2\/product\/165296","targetHints":{"allow":["GET"]}}],"collection":[{"href":"https:\/\/secureus.se\/fr\/wp-json\/wp\/v2\/product"}],"about":[{"href":"https:\/\/secureus.se\/fr\/wp-json\/wp\/v2\/types\/product"}],"wp:featuredmedia":[{"embeddable":true,"href":"https:\/\/secureus.se\/fr\/wp-json\/wp\/v2\/media\/165287"}],"wp:attachment":[{"href":"https:\/\/secureus.se\/fr\/wp-json\/wp\/v2\/media?parent=165296"}],"wp:term":[{"taxonomy":"product_brand","embeddable":true,"href":"https:\/\/secureus.se\/fr\/wp-json\/wp\/v2\/product_brand?post=165296"},{"taxonomy":"product_cat","embeddable":true,"href":"https:\/\/secureus.se\/fr\/wp-json\/wp\/v2\/product_cat?post=165296"},{"taxonomy":"product_tag","embeddable":true,"href":"https:\/\/secureus.se\/fr\/wp-json\/wp\/v2\/product_tag?post=165296"}],"curies":[{"name":"wp","href":"https:\/\/api.w.org\/{rel}","templated":true}]}}