{"id":165316,"date":"2026-05-05T14:27:28","date_gmt":"2026-05-05T12:27:28","guid":{"rendered":"https:\/\/secureus.se\/honeywell-voyager-1202g-cordless-laser-usb-scanner-kit\/"},"modified":"2026-05-05T17:10:54","modified_gmt":"2026-05-05T15:10:54","slug":"honeywell-voyager-1202g-cordless-laser-usb-scanner-kit","status":"publish","type":"product","link":"https:\/\/secureus.se\/fr\/honeywell-voyager-1202g-cordless-laser-usb-scanner-kit\/","title":{"rendered":"Kit de scanner laser USB sans fil Honeywell Voyager 1202G"},"content":{"rendered":"<p>Le lecteur de codes-barres monoligne USB Honeywell Voyager 1202G tire pleinement parti de la technologie sans fil Bluetooth 2.1 pour une lecture performante, mains libres ou \u00e0 main lev\u00e9e. Capable de lire rapidement et efficacement la quasi-totalit\u00e9 des codes-barres lin\u00e9aires, des plus denses aux plus fins (3,5 mil), le 1202G dispose d&#039;une batterie rempla\u00e7able simple et rapide pour une utilisation continue.<\/p>\n<ul>\n<li>Support inclus<\/li>\n<li>Libert\u00e9 de mouvement jusqu&#039;\u00e0 10 m de la base<\/li>\n<li>Dimensions : 7,1 po x 3,6 po x 2,6 po (H x L x P)<\/li>\n<li>Interfaces prises en charge\u00a0: USB, RS232, Keyboard Wedge, IBM 46xx (RS485)<\/li>\n<li>Vitesse de num\u00e9risation : jusqu&#039;\u00e0 45\u00a0000 num\u00e9risations par charge<\/li>\n<\/ul>\n<p>\n <strong><br \/>\n Poids du produit :<br \/>\n 1,00 kg<br \/>\n <\/strong>\n <\/p>","protected":false},"excerpt":{"rendered":"<p>The Honeywell Voyager 1202G USB single-line scanner incorporates the freedom of Bluetooth 2.1 wireless technology to offer complete flexibility for high-performance, hands-free and handheld scanning. The 1202G can \u2018aggressively\u2019 scan<\/p>","protected":false},"featured_media":165315,"template":"","meta":{"_acf_changed":false},"product_brand":[],"product_cat":[5132],"product_tag":[],"class_list":{"0":"post-165316","1":"product","2":"type-product","3":"status-publish","4":"has-post-thumbnail","6":"product_cat-lasare-passersystem","7":"tm-no-options","9":"first","10":"outofstock","11":"sale","12":"taxable","13":"shipping-taxable","14":"purchasable","15":"product-type-simple"},"acf":[],"_links":{"self":[{"href":"https:\/\/secureus.se\/fr\/wp-json\/wp\/v2\/product\/165316","targetHints":{"allow":["GET"]}}],"collection":[{"href":"https:\/\/secureus.se\/fr\/wp-json\/wp\/v2\/product"}],"about":[{"href":"https:\/\/secureus.se\/fr\/wp-json\/wp\/v2\/types\/product"}],"wp:featuredmedia":[{"embeddable":true,"href":"https:\/\/secureus.se\/fr\/wp-json\/wp\/v2\/media\/165315"}],"wp:attachment":[{"href":"https:\/\/secureus.se\/fr\/wp-json\/wp\/v2\/media?parent=165316"}],"wp:term":[{"taxonomy":"product_brand","embeddable":true,"href":"https:\/\/secureus.se\/fr\/wp-json\/wp\/v2\/product_brand?post=165316"},{"taxonomy":"product_cat","embeddable":true,"href":"https:\/\/secureus.se\/fr\/wp-json\/wp\/v2\/product_cat?post=165316"},{"taxonomy":"product_tag","embeddable":true,"href":"https:\/\/secureus.se\/fr\/wp-json\/wp\/v2\/product_tag?post=165316"}],"curies":[{"name":"wp","href":"https:\/\/api.w.org\/{rel}","templated":true}]}}