{"id":165324,"date":"2026-05-05T14:27:28","date_gmt":"2026-05-05T12:27:28","guid":{"rendered":"https:\/\/secureus.se\/hid-iclass-se-r10-6100-reader-900ntnnek00000\/"},"modified":"2026-05-05T17:45:26","modified_gmt":"2026-05-05T15:45:26","slug":"hid-iclass-se-r10-6100-reader-900ntnnek00000","status":"publish","type":"product","link":"https:\/\/secureus.se\/fr\/hid-iclass-se-r10-6100-reader-900ntnnek00000\/","title":{"rendered":"HID\u00ae iCLASS SE\u00ae R10 6100 Reader, 900NTNNEK00000"},"content":{"rendered":"<p>Le lecteur HID iCLASS SE R10 est con\u00e7u pour un contr\u00f4le d&#039;acc\u00e8s haute s\u00e9curit\u00e9 via les cartes, porte-cl\u00e9s et appareils mobiles HID authentiques. Con\u00e7u pour un montage sur montants et surfaces planes, ce lecteur est facile \u00e0 installer et compatible avec les technologies 13,56 MHz et 125 kHz.<\/p>\n<ul>\n<li>iCLASS Seos\u00ae<\/li>\n<li>iCLASS, iCLASS SE\u00ae<\/li>\n<li>MIFARE\u2122 Classic, MIFARE\u2122 DESFire\u2122<\/li>\n<\/ul>\n<p>Code fabricant : 900NTNNEK00000<\/p>\n<p>\n <strong><br \/>\n Poids du produit :<br \/>\n 0,50 kg<br \/>\n <\/strong>\n <\/p>","protected":false},"excerpt":{"rendered":"<p>The HID iCLASS SE R10 Reader is designed for high security access control across genuine HID card, fob and mobile programs. Designed for mullion and flat surface mounting, this reader<\/p>","protected":false},"featured_media":165319,"template":"","meta":{"_acf_changed":false},"product_brand":[],"product_cat":[5132],"product_tag":[],"class_list":{"0":"post-165324","1":"product","2":"type-product","3":"status-publish","4":"has-post-thumbnail","6":"product_cat-lasare-passersystem","7":"pa_brands-hid","8":"tm-no-options","10":"first","11":"outofstock","12":"sale","13":"taxable","14":"shipping-taxable","15":"purchasable","16":"product-type-simple"},"acf":[],"_links":{"self":[{"href":"https:\/\/secureus.se\/fr\/wp-json\/wp\/v2\/product\/165324","targetHints":{"allow":["GET"]}}],"collection":[{"href":"https:\/\/secureus.se\/fr\/wp-json\/wp\/v2\/product"}],"about":[{"href":"https:\/\/secureus.se\/fr\/wp-json\/wp\/v2\/types\/product"}],"wp:featuredmedia":[{"embeddable":true,"href":"https:\/\/secureus.se\/fr\/wp-json\/wp\/v2\/media\/165319"}],"wp:attachment":[{"href":"https:\/\/secureus.se\/fr\/wp-json\/wp\/v2\/media?parent=165324"}],"wp:term":[{"taxonomy":"product_brand","embeddable":true,"href":"https:\/\/secureus.se\/fr\/wp-json\/wp\/v2\/product_brand?post=165324"},{"taxonomy":"product_cat","embeddable":true,"href":"https:\/\/secureus.se\/fr\/wp-json\/wp\/v2\/product_cat?post=165324"},{"taxonomy":"product_tag","embeddable":true,"href":"https:\/\/secureus.se\/fr\/wp-json\/wp\/v2\/product_tag?post=165324"}],"curies":[{"name":"wp","href":"https:\/\/api.w.org\/{rel}","templated":true}]}}