{"id":165342,"date":"2026-05-05T14:27:27","date_gmt":"2026-05-05T12:27:27","guid":{"rendered":"https:\/\/secureus.se\/hid-5355agk00-proxpro-card-reader-with-keypad\/"},"modified":"2026-05-05T17:45:42","modified_gmt":"2026-05-05T15:45:42","slug":"hid-5355agk00-proxpro-card-reader-with-keypad","status":"publish","type":"product","link":"https:\/\/secureus.se\/fr\/hid-5355agk00-proxpro-card-reader-with-keypad\/","title":{"rendered":"HID 5355AGK00 ProxPro Card Reader with Keypad"},"content":{"rendered":"<p>Optez pour le lecteur de cartes HID 5355AGK00 PROXPRO avec clavier pour les applications n\u00e9cessitant une port\u00e9e de lecture \u00e9tendue. Son bo\u00eetier \u00e9l\u00e9gant permet une installation facile en int\u00e9rieur comme en ext\u00e9rieur.<\/p>\n<ul>\n<li>Disponible avec interface Wiegand, s\u00e9rie (RS-232\/RS-422) ou horloge et donn\u00e9es.<\/li>\n<li>Kit de montage en verre optionnel disponible pour fixer le lecteur derri\u00e8re une vitre.<\/li>\n<li>\u00a0Les donn\u00e9es du clavier et les donn\u00e9es de la carte peuvent \u00eatre envoy\u00e9es sur le m\u00eame c\u00e2ble, ou sur un c\u00e2ble s\u00e9par\u00e9 en utilisant une matrice 2 x 7 ou 3 x 4.<\/li>\n<\/ul>\n<p>\n <strong><br \/>\n Poids du produit :<br \/>\n 0,34 kg<br \/>\n <\/strong>\n <\/p>","protected":false},"excerpt":{"rendered":"<p>Get HID 5355AGK00 PROXPRO Card READER WITH KEYPAD\u00a0 for appilcations requiring a larger read range. Its attractive enclosure allows easy mounting indoors or out. Available with Wiegand, Serial (RS-232\/RS-422) or<\/p>","protected":false},"featured_media":165341,"template":"","meta":{"_acf_changed":false},"product_brand":[],"product_cat":[5132],"product_tag":[],"class_list":{"0":"post-165342","1":"product","2":"type-product","3":"status-publish","4":"has-post-thumbnail","6":"product_cat-lasare-passersystem","7":"pa_brands-hid","8":"tm-no-options","10":"first","11":"outofstock","12":"sale","13":"taxable","14":"shipping-taxable","15":"purchasable","16":"product-type-simple"},"acf":[],"_links":{"self":[{"href":"https:\/\/secureus.se\/fr\/wp-json\/wp\/v2\/product\/165342","targetHints":{"allow":["GET"]}}],"collection":[{"href":"https:\/\/secureus.se\/fr\/wp-json\/wp\/v2\/product"}],"about":[{"href":"https:\/\/secureus.se\/fr\/wp-json\/wp\/v2\/types\/product"}],"wp:featuredmedia":[{"embeddable":true,"href":"https:\/\/secureus.se\/fr\/wp-json\/wp\/v2\/media\/165341"}],"wp:attachment":[{"href":"https:\/\/secureus.se\/fr\/wp-json\/wp\/v2\/media?parent=165342"}],"wp:term":[{"taxonomy":"product_brand","embeddable":true,"href":"https:\/\/secureus.se\/fr\/wp-json\/wp\/v2\/product_brand?post=165342"},{"taxonomy":"product_cat","embeddable":true,"href":"https:\/\/secureus.se\/fr\/wp-json\/wp\/v2\/product_cat?post=165342"},{"taxonomy":"product_tag","embeddable":true,"href":"https:\/\/secureus.se\/fr\/wp-json\/wp\/v2\/product_tag?post=165342"}],"curies":[{"name":"wp","href":"https:\/\/api.w.org\/{rel}","templated":true}]}}