{"id":165353,"date":"2026-05-05T14:27:27","date_gmt":"2026-05-05T12:27:27","guid":{"rendered":"https:\/\/secureus.se\/zebra-ls1203-sr-scanner-usb-kit\/"},"modified":"2026-05-05T17:45:52","modified_gmt":"2026-05-05T15:45:52","slug":"zebra-ls1203-sr-scanner-usb-kit","status":"publish","type":"product","link":"https:\/\/secureus.se\/fr\/zebra-ls1203-sr-scanner-usb-kit\/","title":{"rendered":"Zebra LS1203 SR Scanner USB Kit"},"content":{"rendered":"<p>Le lecteur Zebra LS1203 SR offre fonctionnalit\u00e9 et fiabilit\u00e9, tout en r\u00e9duisant consid\u00e9rablement les erreurs de saisie de donn\u00e9es pour une productivit\u00e9 accrue. Con\u00e7u pour les petites entreprises, ce lecteur portable bidirectionnel lit tous les codes-barres 1D et sa conception plug-and-play permet une installation instantan\u00e9e. Ce lecteur laser SR poss\u00e8de une port\u00e9e de lecture allant du contact \u00e0 25 cm et r\u00e9siste aux chutes de 1,5 m sur du b\u00e9ton.<\/p>\n<ul>\n<li>Comprend un c\u00e2ble USB et un support<\/li>\n<li>multi-interface filaire<\/li>\n<li>Dimensions : 7,1 po x 2,4 po x 2,4 po (H x L x P)<\/li>\n<li>Interfaces prises en charge\u00a0: USB, RS232, clavier Wedge<\/li>\n<li>Vitesse de num\u00e9risation\u00a0: 100 num\u00e9risations par seconde<\/li>\n<\/ul>\n<p>\n <strong><br \/>\n Poids du produit :<br \/>\n 1,00 kg<br \/>\n <\/strong>\n <\/p>","protected":false},"excerpt":{"rendered":"<p>The Zebra LS1203 SR scanner delivers functionality, reliability and significantly reduces data entry errors to improve productivity in the workplace. Designed for small businesses, this bi-directional handheld scanner reads all<\/p>","protected":false},"featured_media":165350,"template":"","meta":{"_acf_changed":false},"product_brand":[],"product_cat":[5132],"product_tag":[],"class_list":{"0":"post-165353","1":"product","2":"type-product","3":"status-publish","4":"has-post-thumbnail","6":"product_cat-lasare-passersystem","7":"pa_brands-zebra-2","8":"tm-no-options","10":"first","11":"outofstock","12":"sale","13":"taxable","14":"shipping-taxable","15":"purchasable","16":"product-type-simple"},"acf":[],"_links":{"self":[{"href":"https:\/\/secureus.se\/fr\/wp-json\/wp\/v2\/product\/165353","targetHints":{"allow":["GET"]}}],"collection":[{"href":"https:\/\/secureus.se\/fr\/wp-json\/wp\/v2\/product"}],"about":[{"href":"https:\/\/secureus.se\/fr\/wp-json\/wp\/v2\/types\/product"}],"wp:featuredmedia":[{"embeddable":true,"href":"https:\/\/secureus.se\/fr\/wp-json\/wp\/v2\/media\/165350"}],"wp:attachment":[{"href":"https:\/\/secureus.se\/fr\/wp-json\/wp\/v2\/media?parent=165353"}],"wp:term":[{"taxonomy":"product_brand","embeddable":true,"href":"https:\/\/secureus.se\/fr\/wp-json\/wp\/v2\/product_brand?post=165353"},{"taxonomy":"product_cat","embeddable":true,"href":"https:\/\/secureus.se\/fr\/wp-json\/wp\/v2\/product_cat?post=165353"},{"taxonomy":"product_tag","embeddable":true,"href":"https:\/\/secureus.se\/fr\/wp-json\/wp\/v2\/product_tag?post=165353"}],"curies":[{"name":"wp","href":"https:\/\/api.w.org\/{rel}","templated":true}]}}