{"id":165372,"date":"2026-05-05T14:27:24","date_gmt":"2026-05-05T12:27:24","guid":{"rendered":"https:\/\/secureus.se\/hid-signo-express-20-reader-x3\/"},"modified":"2026-05-05T17:47:02","modified_gmt":"2026-05-05T15:47:02","slug":"hid-signo-express-20-reader-x3","status":"publish","type":"product","link":"https:\/\/secureus.se\/fr\/hid-signo-express-20-reader-x3\/","title":{"rendered":"HID\u00ae Signo\u2122 Express 20 Reader X3"},"content":{"rendered":"<p>D\u00e9couvrez le lecteur HID\u00ae Signo\u2122 Express 20 X3\u00a0: une solution simplifi\u00e9e pour un contr\u00f4le d\u2019acc\u00e8s physique s\u00e9curis\u00e9. Con\u00e7u pour \u00eatre flexible et abordable, il offre des fonctionnalit\u00e9s essentielles adapt\u00e9es \u00e0 vos besoins.<\/p>\n<p>D\u00e9marrez en quelques minutes gr\u00e2ce aux options pr\u00e9configur\u00e9es pr\u00eates \u00e0 l&#039;emploi. B\u00e9n\u00e9ficiez des performances exceptionnelles de Seos\u00ae et d&#039;une exp\u00e9rience utilisateur optimale, que ce soit avec des cartes physiques ou des identifiants mobiles.<\/p>\n<p>With support for industry-leading Seos\u00ae credential technology, enjoy robust encryption and unrivaled privacy protection. Seamlessly integrate mobile access via Bluetooth LE and NFC technologies, meeting the demands of today&#8217;s mobile-first world.<\/p>\n<p>La sortie Wiegand standardis\u00e9e et les connexions aux terminaux simplifient l&#039;installation, tandis que la compatibilit\u00e9 Bluetooth LE facilite les mises \u00e0 jour et la gestion. Compatible avec HID Reader Manager pour une configuration et des mises \u00e0 jour du firmware simplifi\u00e9es sur site.<\/p>\n<p>R\u00e9f\u00e9rence fabricant : 20XTKK-X3-000000<\/p>\n<p>\n <strong><br \/>\n Poids du produit :<br \/>\n 0,50 kg<br \/>\n <\/strong>\n <\/p>\n<p>\n <strong>Prix \u00e0 partir de 107,99 \u20ac<\/strong>\n <\/p>","protected":false},"excerpt":{"rendered":"<p>D\u00e9couvrez le lecteur HID\u00ae Signo\u2122 Express 20 X3\u00a0: une solution simplifi\u00e9e pour un contr\u00f4le d\u2019acc\u00e8s physique s\u00e9curis\u00e9. Con\u00e7u pour \u00eatre flexible et abordable, il offre des fonctionnalit\u00e9s essentielles adapt\u00e9es \u00e0 vos besoins.<\/p>","protected":false},"featured_media":165371,"template":"","meta":{"_acf_changed":false},"product_brand":[],"product_cat":[5132],"product_tag":[],"class_list":{"0":"post-165372","1":"product","2":"type-product","3":"status-publish","4":"has-post-thumbnail","6":"product_cat-lasare-passersystem","7":"pa_brands-hid","8":"tm-no-options","10":"first","11":"outofstock","12":"sale","13":"taxable","14":"shipping-taxable","15":"purchasable","16":"product-type-simple"},"acf":[],"_links":{"self":[{"href":"https:\/\/secureus.se\/fr\/wp-json\/wp\/v2\/product\/165372","targetHints":{"allow":["GET"]}}],"collection":[{"href":"https:\/\/secureus.se\/fr\/wp-json\/wp\/v2\/product"}],"about":[{"href":"https:\/\/secureus.se\/fr\/wp-json\/wp\/v2\/types\/product"}],"wp:featuredmedia":[{"embeddable":true,"href":"https:\/\/secureus.se\/fr\/wp-json\/wp\/v2\/media\/165371"}],"wp:attachment":[{"href":"https:\/\/secureus.se\/fr\/wp-json\/wp\/v2\/media?parent=165372"}],"wp:term":[{"taxonomy":"product_brand","embeddable":true,"href":"https:\/\/secureus.se\/fr\/wp-json\/wp\/v2\/product_brand?post=165372"},{"taxonomy":"product_cat","embeddable":true,"href":"https:\/\/secureus.se\/fr\/wp-json\/wp\/v2\/product_cat?post=165372"},{"taxonomy":"product_tag","embeddable":true,"href":"https:\/\/secureus.se\/fr\/wp-json\/wp\/v2\/product_tag?post=165372"}],"curies":[{"name":"wp","href":"https:\/\/api.w.org\/{rel}","templated":true}]}}