{"id":165374,"date":"2026-05-05T14:27:25","date_gmt":"2026-05-05T12:27:25","guid":{"rendered":"https:\/\/secureus.se\/pac-12182-ds1-reader\/"},"modified":"2026-05-05T17:11:23","modified_gmt":"2026-05-05T15:11:23","slug":"pac-12182-ds1-reader","status":"publish","type":"product","link":"https:\/\/secureus.se\/fr\/pac-12182-ds1-reader\/","title":{"rendered":"PAC 12182 DS1 Reader"},"content":{"rendered":"<p>Le lecteur haute fr\u00e9quence PAC DS1 associe la technologie exclusive One prox smart (Ops) de PAC aux protocoles de cryptage de dispositifs d&#039;identification MIFARE et DESFIRE EV1, leaders du secteur, pour garantir un niveau de s\u00e9curit\u00e9 optimal en mati\u00e8re de contr\u00f4le d&#039;acc\u00e8s RFID. Cette combinaison offre une s\u00e9curit\u00e9 in\u00e9gal\u00e9e, car le dispositif d&#039;identification est impossible \u00e0 cloner, contrairement \u00e0 de nombreux dispositifs basse fr\u00e9quence. Ce lecteur est exclusivement destin\u00e9 \u00e0 un usage int\u00e9rieur.<\/p>\n<ul>\n<li>Compatible avec PAC Ops, PAC Ops Lite et les identifiants tiers (via Wiegand)<\/li>\n<li>Plage de lecture de 45 mm<\/li>\n<li>Garantie d&#039;un an contre les pannes \u00e9lectroniques<\/li>\n<\/ul>\n<p>\n <strong><br \/>\n Poids du produit :<br \/>\n 0,50 kg<br \/>\n <\/strong>\n <\/p>\n<p>\n <strong>Prix \u00e0 partir de 153,30 \u20ac<\/strong>\n <\/p>","protected":false},"excerpt":{"rendered":"<p>The high-frequency PAC DS1 reader combines PACs unique One prox smart (Ops) technology with industry-leading MIFARE and DESFIRE EV1 ID device encryption protocols to achieve the highest standard of RFID<\/p>","protected":false},"featured_media":165373,"template":"","meta":{"_acf_changed":false},"product_brand":[],"product_cat":[5132],"product_tag":[],"class_list":{"0":"post-165374","1":"product","2":"type-product","3":"status-publish","4":"has-post-thumbnail","6":"product_cat-lasare-passersystem","7":"tm-no-options","9":"first","10":"outofstock","11":"sale","12":"taxable","13":"shipping-taxable","14":"purchasable","15":"product-type-simple"},"acf":[],"_links":{"self":[{"href":"https:\/\/secureus.se\/fr\/wp-json\/wp\/v2\/product\/165374","targetHints":{"allow":["GET"]}}],"collection":[{"href":"https:\/\/secureus.se\/fr\/wp-json\/wp\/v2\/product"}],"about":[{"href":"https:\/\/secureus.se\/fr\/wp-json\/wp\/v2\/types\/product"}],"wp:featuredmedia":[{"embeddable":true,"href":"https:\/\/secureus.se\/fr\/wp-json\/wp\/v2\/media\/165373"}],"wp:attachment":[{"href":"https:\/\/secureus.se\/fr\/wp-json\/wp\/v2\/media?parent=165374"}],"wp:term":[{"taxonomy":"product_brand","embeddable":true,"href":"https:\/\/secureus.se\/fr\/wp-json\/wp\/v2\/product_brand?post=165374"},{"taxonomy":"product_cat","embeddable":true,"href":"https:\/\/secureus.se\/fr\/wp-json\/wp\/v2\/product_cat?post=165374"},{"taxonomy":"product_tag","embeddable":true,"href":"https:\/\/secureus.se\/fr\/wp-json\/wp\/v2\/product_tag?post=165374"}],"curies":[{"name":"wp","href":"https:\/\/api.w.org\/{rel}","templated":true}]}}