{"id":165408,"date":"2026-05-05T14:27:26","date_gmt":"2026-05-05T12:27:26","guid":{"rendered":"https:\/\/secureus.se\/pac-20121-oneprox-gs3-hf-standard-reader\/"},"modified":"2026-05-05T17:12:03","modified_gmt":"2026-05-05T15:12:03","slug":"pac-20121-oneprox-gs3-hf-standard-reader","status":"publish","type":"product","link":"https:\/\/secureus.se\/fr\/pac-20121-oneprox-gs3-hf-standard-reader\/","title":{"rendered":"PAC 20121 OneProx GS3 HF Standard Reader"},"content":{"rendered":"<p>Le lecteur standard PAC OneProx GS3 HF offre les m\u00eames fonctionnalit\u00e9s que le lecteur de montants haute fr\u00e9quence OneProx, mais dans un format plus grand. Con\u00e7u pour fonctionner dans les environnements les plus exigeants, il est certifi\u00e9 IP65, ce qui le rend r\u00e9sistant aux intemp\u00e9ries en int\u00e9rieur comme en ext\u00e9rieur.<\/p>\n<ul>\n<li>Compatible avec PAC Ops, PAC Ops Lite et de nombreuses variantes de Wiegand<\/li>\n<li>Plage de lecture de 65 mm<\/li>\n<li>Garantie \u00e0 vie contre les pannes \u00e9lectroniques<\/li>\n<\/ul>\n<p>\n <strong><br \/>\n Poids du produit :<br \/>\n 0,50 kg<br \/>\n <\/strong>\n <\/p>\n<p>\n <strong>Prix \u00e0 partir de 216,00 \u20ac<\/strong>\n <\/p>","protected":false},"excerpt":{"rendered":"<p>The PAC OneProx GS3 HF standard reader provides the same functionality as the OneProx high-frequency mullion reader but in a larger form. This reader is designed to work in the<\/p>","protected":false},"featured_media":165406,"template":"","meta":{"_acf_changed":false},"product_brand":[],"product_cat":[5132],"product_tag":[],"class_list":{"0":"post-165408","1":"product","2":"type-product","3":"status-publish","4":"has-post-thumbnail","6":"product_cat-lasare-passersystem","7":"tm-no-options","9":"first","10":"outofstock","11":"sale","12":"taxable","13":"shipping-taxable","14":"purchasable","15":"product-type-simple"},"acf":[],"_links":{"self":[{"href":"https:\/\/secureus.se\/fr\/wp-json\/wp\/v2\/product\/165408","targetHints":{"allow":["GET"]}}],"collection":[{"href":"https:\/\/secureus.se\/fr\/wp-json\/wp\/v2\/product"}],"about":[{"href":"https:\/\/secureus.se\/fr\/wp-json\/wp\/v2\/types\/product"}],"wp:featuredmedia":[{"embeddable":true,"href":"https:\/\/secureus.se\/fr\/wp-json\/wp\/v2\/media\/165406"}],"wp:attachment":[{"href":"https:\/\/secureus.se\/fr\/wp-json\/wp\/v2\/media?parent=165408"}],"wp:term":[{"taxonomy":"product_brand","embeddable":true,"href":"https:\/\/secureus.se\/fr\/wp-json\/wp\/v2\/product_brand?post=165408"},{"taxonomy":"product_cat","embeddable":true,"href":"https:\/\/secureus.se\/fr\/wp-json\/wp\/v2\/product_cat?post=165408"},{"taxonomy":"product_tag","embeddable":true,"href":"https:\/\/secureus.se\/fr\/wp-json\/wp\/v2\/product_tag?post=165408"}],"curies":[{"name":"wp","href":"https:\/\/api.w.org\/{rel}","templated":true}]}}