{"id":165430,"date":"2026-05-05T14:27:23","date_gmt":"2026-05-05T12:27:23","guid":{"rendered":"https:\/\/secureus.se\/hid-multiclass-se-rp40-reader-920ptnnek00000\/"},"modified":"2026-05-05T17:47:29","modified_gmt":"2026-05-05T15:47:29","slug":"hid-multiclass-se-rp40-reader-920ptnnek00000","status":"publish","type":"product","link":"https:\/\/secureus.se\/fr\/hid-multiclass-se-rp40-reader-920ptnnek00000\/","title":{"rendered":"HID multiCLASS SE RP40 Reader &#8211; 920PTNNEK00000"},"content":{"rendered":"<p>Le lecteur HID multiCLASS SE RP40 permet le contr\u00f4le d&#039;acc\u00e8s sur site via diff\u00e9rentes fr\u00e9quences et gr\u00e2ce aux cartes HID authentiques, aux applications mobiles et aux porte-cl\u00e9s. Ce lecteur est facile \u00e0 installer et compatible avec les bo\u00eetiers d&#039;interrupteurs simples. Le contr\u00f4le d&#039;acc\u00e8s est simple et fonctionne sur les fr\u00e9quences 13,56 MHz et 125 kHz.<\/p>\n<ul>\n<li>iCLASS Seos\u00ae<\/li>\n<li>iCLASS, iCLASS SE\u00ae<\/li>\n<li>MIFARE\u2122 Classic, MIFARE\u2122 DESFire\u2122<\/li>\n<li>HID Prox\u00ae, AWID Prox\u00ae, EM4102<\/li>\n<\/ul>\n<p>R\u00e9f\u00e9rence fabricant : 920PTNNEK00000<\/p>\n<p>\n <strong><br \/>\n Poids du produit :<br \/>\n 0,50 kg<br \/>\n <\/strong>\n <\/p>","protected":false},"excerpt":{"rendered":"<p>The HID multiCLASS SE RP40 Reader allows on-site access control over a variety of frequencies and through genuine HID cards, mobile applications and fobs. This reader is easy to install<\/p>","protected":false},"featured_media":165427,"template":"","meta":{"_acf_changed":false},"product_brand":[],"product_cat":[5132],"product_tag":[],"class_list":{"0":"post-165430","1":"product","2":"type-product","3":"status-publish","4":"has-post-thumbnail","6":"product_cat-lasare-passersystem","7":"pa_brands-hid","8":"tm-no-options","10":"first","11":"outofstock","12":"sale","13":"taxable","14":"shipping-taxable","15":"purchasable","16":"product-type-simple"},"acf":[],"_links":{"self":[{"href":"https:\/\/secureus.se\/fr\/wp-json\/wp\/v2\/product\/165430","targetHints":{"allow":["GET"]}}],"collection":[{"href":"https:\/\/secureus.se\/fr\/wp-json\/wp\/v2\/product"}],"about":[{"href":"https:\/\/secureus.se\/fr\/wp-json\/wp\/v2\/types\/product"}],"wp:featuredmedia":[{"embeddable":true,"href":"https:\/\/secureus.se\/fr\/wp-json\/wp\/v2\/media\/165427"}],"wp:attachment":[{"href":"https:\/\/secureus.se\/fr\/wp-json\/wp\/v2\/media?parent=165430"}],"wp:term":[{"taxonomy":"product_brand","embeddable":true,"href":"https:\/\/secureus.se\/fr\/wp-json\/wp\/v2\/product_brand?post=165430"},{"taxonomy":"product_cat","embeddable":true,"href":"https:\/\/secureus.se\/fr\/wp-json\/wp\/v2\/product_cat?post=165430"},{"taxonomy":"product_tag","embeddable":true,"href":"https:\/\/secureus.se\/fr\/wp-json\/wp\/v2\/product_tag?post=165430"}],"curies":[{"name":"wp","href":"https:\/\/api.w.org\/{rel}","templated":true}]}}