{"id":165451,"date":"2026-05-05T14:27:22","date_gmt":"2026-05-05T12:27:22","guid":{"rendered":"https:\/\/secureus.se\/hid-signo-20-keypad-reader-pigtail-connection\/"},"modified":"2026-05-05T17:19:45","modified_gmt":"2026-05-05T15:19:45","slug":"hid-signo-20-keypad-reader-pigtail-connection","status":"publish","type":"product","link":"https:\/\/secureus.se\/fr\/hid-signo-20-keypad-reader-pigtail-connection\/","title":{"rendered":"HID\u00ae Signo\u2122 20 Keypad Reader &#8211; Pigtail Connection"},"content":{"rendered":"<p>Le lecteur de clavier HID Signo 20 offre une gestion simplifi\u00e9e de la s\u00e9curit\u00e9 multicouche gr\u00e2ce \u00e0 sa double fonctionnalit\u00e9 de lecteur sans contact et de clavier. Mont\u00e9 sur une surface plane ou un montant, ce lecteur lit facilement les porte-cl\u00e9s, cartes et applications mobiles fonctionnant \u00e0 2,4 GHz, 13,56 MHz et 125 kHz.<\/p>\n<ul>\n<li>iCLASS Seos\u00ae<\/li>\n<li>iCLASS, iCLASS SE\u00ae, CEPAS<\/li>\n<li>MIFARE\u2122 Classic, MIFARE\u2122 DESFire\u2122<\/li>\n<li>HID Prox\u00ae, Indala Prox\u00ae, AWID Prox\u00ae, EM Prox\u00ae<\/li>\n<\/ul>\n<p>Connexion en queue de cochon<\/p>\n<p>Manufacturer part number:\u00a020KNKS-00-000000<\/p>\n<p>\n <strong><br \/>\n Poids du produit :<br \/>\n 0,50 kg<br \/>\n <\/strong>\n <\/p>\n<p>\n <strong>Prix \u00e0 partir de 420,00 \u20ac<\/strong>\n <\/p>","protected":false},"excerpt":{"rendered":"<p>The HID Signo 20 Keypad Reader provides easy to manage multi-layered security thanks to the dual contactless reader and keypad functionality. Flat surface or mullion-mounted, this reader easily reads 2.4GHz,<\/p>","protected":false},"featured_media":165448,"template":"","meta":{"_acf_changed":false},"product_brand":[],"product_cat":[5132],"product_tag":[],"class_list":{"0":"post-165451","1":"product","2":"type-product","3":"status-publish","4":"has-post-thumbnail","6":"product_cat-lasare-passersystem","7":"tm-no-options","9":"first","10":"outofstock","11":"sale","12":"taxable","13":"shipping-taxable","14":"purchasable","15":"product-type-simple"},"acf":[],"_links":{"self":[{"href":"https:\/\/secureus.se\/fr\/wp-json\/wp\/v2\/product\/165451","targetHints":{"allow":["GET"]}}],"collection":[{"href":"https:\/\/secureus.se\/fr\/wp-json\/wp\/v2\/product"}],"about":[{"href":"https:\/\/secureus.se\/fr\/wp-json\/wp\/v2\/types\/product"}],"wp:featuredmedia":[{"embeddable":true,"href":"https:\/\/secureus.se\/fr\/wp-json\/wp\/v2\/media\/165448"}],"wp:attachment":[{"href":"https:\/\/secureus.se\/fr\/wp-json\/wp\/v2\/media?parent=165451"}],"wp:term":[{"taxonomy":"product_brand","embeddable":true,"href":"https:\/\/secureus.se\/fr\/wp-json\/wp\/v2\/product_brand?post=165451"},{"taxonomy":"product_cat","embeddable":true,"href":"https:\/\/secureus.se\/fr\/wp-json\/wp\/v2\/product_cat?post=165451"},{"taxonomy":"product_tag","embeddable":true,"href":"https:\/\/secureus.se\/fr\/wp-json\/wp\/v2\/product_tag?post=165451"}],"curies":[{"name":"wp","href":"https:\/\/api.w.org\/{rel}","templated":true}]}}