{"id":165471,"date":"2026-05-05T14:27:16","date_gmt":"2026-05-05T12:27:16","guid":{"rendered":"https:\/\/secureus.se\/stid-architect-modular-mifare-desfire-standard-reader\/"},"modified":"2026-05-05T17:19:50","modified_gmt":"2026-05-05T15:19:50","slug":"stid-architect-modular-mifare-desfire-standard-reader","status":"publish","type":"product","link":"https:\/\/secureus.se\/fr\/stid-architect-modular-mifare-desfire-standard-reader\/","title":{"rendered":"STid Architect\u00ae Modular MIFARE\u00ae &amp; DESFire\u00ae Standard Reader"},"content":{"rendered":"<p>Le lecteur d&#039;acc\u00e8s standard STid Architect Modular offre une exp\u00e9rience utilisateur exceptionnelle tout en garantissant un niveau de s\u00e9curit\u00e9 \u00e9lev\u00e9. Extr\u00eamement r\u00e9sistant au vandalisme et robuste, il fonctionne \u00e0 une fr\u00e9quence de 13,56 MHz, m\u00eame en ext\u00e9rieur. Appartenant \u00e0 la gamme prim\u00e9e Architect de STid, ce lecteur allie parfaitement s\u00e9curit\u00e9 et \u00e9volutivit\u00e9.<\/p>\n<ul>\n<li>Lecteur RFID et NFC s\u00e9curis\u00e9<\/li>\n<li>Robuste dans les environnements ext\u00e9rieurs difficiles<\/li>\n<li>Plage de lecture jusqu&#039;\u00e0 8 cm<\/li>\n<\/ul>\n<p>R\u00e9f\u00e9rence fabricant : ARC-R31-A\/PH5-3i\/1<\/p>\n<p>\n <strong><br \/>\n Poids du produit :<br \/>\n 1,00 kg<br \/>\n <\/strong>\n <\/p>\n<p>\n <strong>Prix \u00e0 partir de 180,00 \u20ac<\/strong>\n <\/p>","protected":false},"excerpt":{"rendered":"<p>The STid Architect Modular standard access reader delivers a spectacular user experience while maintaining high levels of security. This reader is highly resistant to vandalism, tough in harsh outdoor environments<\/p>","protected":false},"featured_media":165467,"template":"","meta":{"_acf_changed":false},"product_brand":[],"product_cat":[5132],"product_tag":[],"class_list":{"0":"post-165471","1":"product","2":"type-product","3":"status-publish","4":"has-post-thumbnail","6":"product_cat-lasare-passersystem","7":"tm-no-options","9":"first","10":"instock","11":"sale","12":"taxable","13":"shipping-taxable","14":"purchasable","15":"product-type-simple"},"acf":[],"_links":{"self":[{"href":"https:\/\/secureus.se\/fr\/wp-json\/wp\/v2\/product\/165471","targetHints":{"allow":["GET"]}}],"collection":[{"href":"https:\/\/secureus.se\/fr\/wp-json\/wp\/v2\/product"}],"about":[{"href":"https:\/\/secureus.se\/fr\/wp-json\/wp\/v2\/types\/product"}],"wp:featuredmedia":[{"embeddable":true,"href":"https:\/\/secureus.se\/fr\/wp-json\/wp\/v2\/media\/165467"}],"wp:attachment":[{"href":"https:\/\/secureus.se\/fr\/wp-json\/wp\/v2\/media?parent=165471"}],"wp:term":[{"taxonomy":"product_brand","embeddable":true,"href":"https:\/\/secureus.se\/fr\/wp-json\/wp\/v2\/product_brand?post=165471"},{"taxonomy":"product_cat","embeddable":true,"href":"https:\/\/secureus.se\/fr\/wp-json\/wp\/v2\/product_cat?post=165471"},{"taxonomy":"product_tag","embeddable":true,"href":"https:\/\/secureus.se\/fr\/wp-json\/wp\/v2\/product_tag?post=165471"}],"curies":[{"name":"wp","href":"https:\/\/api.w.org\/{rel}","templated":true}]}}