{"id":165478,"date":"2026-05-05T14:27:16","date_gmt":"2026-05-05T12:27:16","guid":{"rendered":"https:\/\/secureus.se\/hid-iclass-se-r40-reader\/"},"modified":"2026-05-05T17:50:44","modified_gmt":"2026-05-05T15:50:44","slug":"hid-iclass-se-r40-reader","status":"publish","type":"product","link":"https:\/\/secureus.se\/fr\/hid-iclass-se-r40-reader\/","title":{"rendered":"HID\u00ae iCLASS SE\u00ae R40 Reader"},"content":{"rendered":"<p>Le lecteur HID iCLASS SE R40 est un lecteur de cartes HID authentique, compatible avec les porte-cl\u00e9s, les applications mobiles et les syst\u00e8mes de contr\u00f4le d&#039;acc\u00e8s. Facile \u00e0 installer, il se monte sur un bo\u00eetier d&#039;interrupteur mural et offre des fonctionnalit\u00e9s d&#039;acc\u00e8s polyvalentes, prenant en charge les technologies suivantes sur les fr\u00e9quences de 13,56 MHz et 125 MHz\u00a0:<\/p>\n<ul>\n<li>iCLASS Seos\u00ae<\/li>\n<li>iCLASS, iCLASS SE\u00ae<\/li>\n<li>MIFARE\u2122 Classic, MIFARE\u2122 DESFire\u2122<\/li>\n<\/ul>\n<p>R\u00e9f\u00e9rence fabricant : 920NTNNEK00000<\/p>\n<p>\n <strong><br \/>\n Poids du produit :<br \/>\n 0,50 kg<br \/>\n <\/strong>\n <\/p>","protected":false},"excerpt":{"rendered":"<p>The HID iCLASS SE R40 Reader is an easy-install fob, mobile application and genuine HID card reader, designed for access control integration. Mounted over a wall switch box, this reader<\/p>","protected":false},"featured_media":165475,"template":"","meta":{"_acf_changed":false},"product_brand":[],"product_cat":[5132],"product_tag":[],"class_list":{"0":"post-165478","1":"product","2":"type-product","3":"status-publish","4":"has-post-thumbnail","6":"product_cat-lasare-passersystem","7":"pa_brands-hid","8":"tm-no-options","10":"first","11":"outofstock","12":"sale","13":"taxable","14":"shipping-taxable","15":"purchasable","16":"product-type-simple"},"acf":[],"_links":{"self":[{"href":"https:\/\/secureus.se\/fr\/wp-json\/wp\/v2\/product\/165478","targetHints":{"allow":["GET"]}}],"collection":[{"href":"https:\/\/secureus.se\/fr\/wp-json\/wp\/v2\/product"}],"about":[{"href":"https:\/\/secureus.se\/fr\/wp-json\/wp\/v2\/types\/product"}],"wp:featuredmedia":[{"embeddable":true,"href":"https:\/\/secureus.se\/fr\/wp-json\/wp\/v2\/media\/165475"}],"wp:attachment":[{"href":"https:\/\/secureus.se\/fr\/wp-json\/wp\/v2\/media?parent=165478"}],"wp:term":[{"taxonomy":"product_brand","embeddable":true,"href":"https:\/\/secureus.se\/fr\/wp-json\/wp\/v2\/product_brand?post=165478"},{"taxonomy":"product_cat","embeddable":true,"href":"https:\/\/secureus.se\/fr\/wp-json\/wp\/v2\/product_cat?post=165478"},{"taxonomy":"product_tag","embeddable":true,"href":"https:\/\/secureus.se\/fr\/wp-json\/wp\/v2\/product_tag?post=165478"}],"curies":[{"name":"wp","href":"https:\/\/api.w.org\/{rel}","templated":true}]}}