{"id":165485,"date":"2026-05-05T14:27:21","date_gmt":"2026-05-05T12:27:21","guid":{"rendered":"https:\/\/secureus.se\/hid-signo-40-keypad-reader-terminal-connection\/"},"modified":"2026-05-05T17:21:17","modified_gmt":"2026-05-05T15:21:17","slug":"hid-signo-40-keypad-reader-terminal-connection","status":"publish","type":"product","link":"https:\/\/secureus.se\/fr\/hid-signo-40-keypad-reader-terminal-connection\/","title":{"rendered":"HID\u00ae Signo\u2122 40 Keypad Reader &#8211; Terminal Connection"},"content":{"rendered":"<p>\u00a0<\/p>\n<p>Le lecteur \u00e0 clavier HID Signo 40 est id\u00e9al pour les entreprises \u00e0 haute s\u00e9curit\u00e9, offrant une authentification multifacteurs pour une s\u00e9curit\u00e9 renforc\u00e9e. Ce lecteur mural, mont\u00e9 sur bo\u00eetier d&#039;interrupteur, assure une protection accrue gr\u00e2ce \u00e0 l&#039;utilisation conjointe d&#039;un clavier et d&#039;un lecteur sans contact, via les technologies 2,4 GHz, 13,56 MHz et 125 kHz.<\/p>\n<ul>\n<li>iCLASS Seos\u00ae<\/li>\n<li>iCLASS, iCLASS SE\u00ae, CEPAS<\/li>\n<li>MIFARE\u2122 Classic, MIFARE\u2122 DESFire\u2122<\/li>\n<li>HID Prox\u00ae, Indala Prox\u00ae, AWID Prox\u00ae, EM Prox\u00ae<\/li>\n<\/ul>\n<p>Connexion terminale<\/p>\n<p>R\u00e9f\u00e9rence fabricant : 40KTKS-00-000000<\/p>\n<p>\n <strong><br \/>\n Poids du produit :<br \/>\n 0,50 kg<br \/>\n <\/strong>\n <\/p>\n<p>\n <strong>Prix \u00e0 partir de 420,00 \u20ac<\/strong>\n <\/p>","protected":false},"excerpt":{"rendered":"<p>\u00a0 The HID Signo 40 Keypad Reader is ideal for high security businesses, offering multi-factor authentication for increased security. This wall switch box mounted reader provides added protection using keypad<\/p>","protected":false},"featured_media":165480,"template":"","meta":{"_acf_changed":false},"product_brand":[],"product_cat":[5132],"product_tag":[],"class_list":{"0":"post-165485","1":"product","2":"type-product","3":"status-publish","4":"has-post-thumbnail","6":"product_cat-lasare-passersystem","7":"tm-no-options","9":"first","10":"instock","11":"sale","12":"taxable","13":"shipping-taxable","14":"purchasable","15":"product-type-simple"},"acf":[],"_links":{"self":[{"href":"https:\/\/secureus.se\/fr\/wp-json\/wp\/v2\/product\/165485","targetHints":{"allow":["GET"]}}],"collection":[{"href":"https:\/\/secureus.se\/fr\/wp-json\/wp\/v2\/product"}],"about":[{"href":"https:\/\/secureus.se\/fr\/wp-json\/wp\/v2\/types\/product"}],"wp:featuredmedia":[{"embeddable":true,"href":"https:\/\/secureus.se\/fr\/wp-json\/wp\/v2\/media\/165480"}],"wp:attachment":[{"href":"https:\/\/secureus.se\/fr\/wp-json\/wp\/v2\/media?parent=165485"}],"wp:term":[{"taxonomy":"product_brand","embeddable":true,"href":"https:\/\/secureus.se\/fr\/wp-json\/wp\/v2\/product_brand?post=165485"},{"taxonomy":"product_cat","embeddable":true,"href":"https:\/\/secureus.se\/fr\/wp-json\/wp\/v2\/product_cat?post=165485"},{"taxonomy":"product_tag","embeddable":true,"href":"https:\/\/secureus.se\/fr\/wp-json\/wp\/v2\/product_tag?post=165485"}],"curies":[{"name":"wp","href":"https:\/\/api.w.org\/{rel}","templated":true}]}}