{"id":165497,"date":"2026-05-05T14:27:16","date_gmt":"2026-05-05T12:27:16","guid":{"rendered":"https:\/\/secureus.se\/hid-iclass-se-rb25f-biometric-reader\/"},"modified":"2026-05-05T17:50:17","modified_gmt":"2026-05-05T15:50:17","slug":"hid-iclass-se-rb25f-biometric-reader","status":"publish","type":"product","link":"https:\/\/secureus.se\/fr\/hid-iclass-se-rb25f-biometric-reader\/","title":{"rendered":"HID\u00ae iClass SE RB25F Biometric Reader"},"content":{"rendered":"<p>Le lecteur biom\u00e9trique HID iClass SE RB25F utilise un capteur d&#039;empreintes digitales multispectral (brevet\u00e9 par HID) pour lire et reconna\u00eetre jusqu&#039;\u00e0 250\u00a0000 utilisateurs, quelles que soient les conditions m\u00e9t\u00e9orologiques. Gr\u00e2ce \u00e0 sa capacit\u00e9 \u00e0 identifier avec pr\u00e9cision les empreintes falsifi\u00e9es, contrefaites ou non autoris\u00e9es, ce lecteur envoie des alertes automatiques afin de garantir une s\u00e9curit\u00e9 optimale sur site.<\/p>\n<ul>\n<li>iCLASS Seos\u00ae<\/li>\n<li>iCLASS, iCLASS SE\u00ae<\/li>\n<li>MIFARE\u2122 Classic, MIFARE\u2122 DESFire\u2122<\/li>\n<li>EV1\/EV2 CSN, NFC<\/li>\n<\/ul>\n<p>R\u00e9f\u00e9rence fabricant : RB25FNK-00-0000-0000<\/p>\n<p>\n <strong><br \/>\n Poids du produit :<br \/>\n 0,50 kg<br \/>\n <\/strong>\n <\/p>","protected":false},"excerpt":{"rendered":"<p>The HID iClass SE RB25F Biometric Reader utilises a Multispectral (HID patented) Fingerprint sensor to read and recognise up to 250,000 users in a range of weather conditions. With spoof,<\/p>","protected":false},"featured_media":165496,"template":"","meta":{"_acf_changed":false},"product_brand":[],"product_cat":[5132],"product_tag":[],"class_list":{"0":"post-165497","1":"product","2":"type-product","3":"status-publish","4":"has-post-thumbnail","6":"product_cat-lasare-passersystem","7":"pa_brands-hid","8":"tm-no-options","10":"first","11":"outofstock","12":"sale","13":"taxable","14":"shipping-taxable","15":"purchasable","16":"product-type-simple"},"acf":[],"_links":{"self":[{"href":"https:\/\/secureus.se\/fr\/wp-json\/wp\/v2\/product\/165497","targetHints":{"allow":["GET"]}}],"collection":[{"href":"https:\/\/secureus.se\/fr\/wp-json\/wp\/v2\/product"}],"about":[{"href":"https:\/\/secureus.se\/fr\/wp-json\/wp\/v2\/types\/product"}],"wp:featuredmedia":[{"embeddable":true,"href":"https:\/\/secureus.se\/fr\/wp-json\/wp\/v2\/media\/165496"}],"wp:attachment":[{"href":"https:\/\/secureus.se\/fr\/wp-json\/wp\/v2\/media?parent=165497"}],"wp:term":[{"taxonomy":"product_brand","embeddable":true,"href":"https:\/\/secureus.se\/fr\/wp-json\/wp\/v2\/product_brand?post=165497"},{"taxonomy":"product_cat","embeddable":true,"href":"https:\/\/secureus.se\/fr\/wp-json\/wp\/v2\/product_cat?post=165497"},{"taxonomy":"product_tag","embeddable":true,"href":"https:\/\/secureus.se\/fr\/wp-json\/wp\/v2\/product_tag?post=165497"}],"curies":[{"name":"wp","href":"https:\/\/api.w.org\/{rel}","templated":true}]}}