{"id":165505,"date":"2026-05-05T14:27:15","date_gmt":"2026-05-05T12:27:15","guid":{"rendered":"https:\/\/secureus.se\/stid-arc-one-mullion-mifare-desfire-bluetooth-reader\/"},"modified":"2026-05-05T17:50:50","modified_gmt":"2026-05-05T15:50:50","slug":"stid-arc-one-mullion-mifare-desfire-bluetooth-reader","status":"publish","type":"product","link":"https:\/\/secureus.se\/fr\/stid-arc-one-mullion-mifare-desfire-bluetooth-reader\/","title":{"rendered":"STid Arc One Mullion MIFARE\u00ae, DESFire\u00ae &amp; Bluetooth Reader"},"content":{"rendered":"<p>Sp\u00e9cialement con\u00e7u pour s&#039;int\u00e9grer dans les espaces restreints tels que les cadres de porte ou les installations \u00e9troites, le lecteur Arc One Mullion s&#039;adapte facilement \u00e0 tous les environnements. R\u00e9sistant aux intemp\u00e9ries gr\u00e2ce \u00e0 ses composants \u00e9lectroniques \u00e9tanches, il est id\u00e9al pour une utilisation int\u00e9rieure et ext\u00e9rieure. Fonctionnant \u00e0 une fr\u00e9quence de 13,56 MHz, le lecteur Arc One Mullion est l&#039;un des lecteurs les plus s\u00e9curis\u00e9s et compacts du march\u00e9.<\/p>\n<ul>\n<li>Le lecteur de contr\u00f4le d&#039;acc\u00e8s le plus prim\u00e9 au monde<\/li>\n<li>Con\u00e7u pour les petits espaces<\/li>\n<li>Plage de lecture jusqu&#039;\u00e0 6 cm<\/li>\n<\/ul>\n<p>R\u00e9f\u00e9rence fabricant : ARC1-R31-B\/PH5-3i\/1<\/p>\n<p>\n <strong><br \/>\n Poids du produit :<br \/>\n 1,00 kg<br \/>\n <\/strong>\n <\/p>","protected":false},"excerpt":{"rendered":"<p>Specifically designed to fit into small spaces such as door frames or narrow mounting, the Arc One Mullion reader is easy to incorporate into any installation environment. The reader is<\/p>","protected":false},"featured_media":165501,"template":"","meta":{"_acf_changed":false},"product_brand":[],"product_cat":[5132],"product_tag":[],"class_list":{"0":"post-165505","1":"product","2":"type-product","3":"status-publish","4":"has-post-thumbnail","6":"product_cat-lasare-passersystem","7":"pa_brands-stid","8":"tm-no-options","10":"first","11":"instock","12":"sale","13":"taxable","14":"shipping-taxable","15":"purchasable","16":"product-type-simple"},"acf":[],"_links":{"self":[{"href":"https:\/\/secureus.se\/fr\/wp-json\/wp\/v2\/product\/165505","targetHints":{"allow":["GET"]}}],"collection":[{"href":"https:\/\/secureus.se\/fr\/wp-json\/wp\/v2\/product"}],"about":[{"href":"https:\/\/secureus.se\/fr\/wp-json\/wp\/v2\/types\/product"}],"wp:featuredmedia":[{"embeddable":true,"href":"https:\/\/secureus.se\/fr\/wp-json\/wp\/v2\/media\/165501"}],"wp:attachment":[{"href":"https:\/\/secureus.se\/fr\/wp-json\/wp\/v2\/media?parent=165505"}],"wp:term":[{"taxonomy":"product_brand","embeddable":true,"href":"https:\/\/secureus.se\/fr\/wp-json\/wp\/v2\/product_brand?post=165505"},{"taxonomy":"product_cat","embeddable":true,"href":"https:\/\/secureus.se\/fr\/wp-json\/wp\/v2\/product_cat?post=165505"},{"taxonomy":"product_tag","embeddable":true,"href":"https:\/\/secureus.se\/fr\/wp-json\/wp\/v2\/product_tag?post=165505"}],"curies":[{"name":"wp","href":"https:\/\/api.w.org\/{rel}","templated":true}]}}