{"id":41442,"date":"2022-08-24T14:54:40","date_gmt":"2022-08-24T12:54:40","guid":{"rendered":"https:\/\/secureus.se\/produkt\/pclink-5wp-usb\/"},"modified":"2026-01-06T20:50:34","modified_gmt":"2026-01-06T19:50:34","slug":"dsc-programming-interface-usb-pclink","status":"publish","type":"product","link":"https:\/\/secureus.se\/fr\/dsc-programming-interface-usb-pclink\/","title":{"rendered":"Interface de programmation DSC USB PCLINK-5WP USB"},"content":{"rendered":"<p><strong>Interface de programmation DSC USB PCLINK-5WP<\/strong> est un c\u00e2ble USB puissant et convivial qui facilite la connexion des syst\u00e8mes d&#039;alarme DSC \u00e0 un ordinateur pour la programmation et la surveillance.<\/p>\n<p>Ce c\u00e2ble est compatible avec toutes les unit\u00e9s centrales et transmetteurs d&#039;alarme DSC, y compris le BGSM-120, ce qui en fait une solution polyvalente pour les nouvelles installations et les syst\u00e8mes existants.<\/p>\n<p>Avec l&#039;interface de programmation USB DSC, les utilisateurs peuvent g\u00e9rer et personnaliser efficacement leurs syst\u00e8mes de s\u00e9curit\u00e9 via un ordinateur, augmentant ainsi la commodit\u00e9 et l&#039;efficacit\u00e9 de la programmation et de la surveillance \u00e0 distance.<\/p>\n<p>Le c\u00e2ble permet \u00e9galement une int\u00e9gration facile avec un logiciel de v\u00e9rification des alarmes et de surveillance du syst\u00e8me.<\/p>\n<p>PowerSeries Neo offre une flexibilit\u00e9 sup\u00e9rieure avec la possibilit\u00e9 de surveiller jusqu&#039;\u00e0 128 zones sans fil et mat\u00e9riellement, et la possibilit\u00e9 d&#039;utiliser jusqu&#039;\u00e0 8 partitions adapt\u00e9es \u00e0 diff\u00e9rentes solutions de s\u00e9curit\u00e9.<\/p>\n<p>Avec l&#039;interface de programmation USB DSC, vous obtenez non seulement une solution pratique pour la programmation, mais \u00e9galement un composant important dans un syst\u00e8me de s\u00e9curit\u00e9 puissant et flexible.<\/p>","protected":false},"excerpt":{"rendered":"<p>Interface de programmation DSC USB PCLINK-5WP est un c\u00e2ble USB pour la connexion \u00e0 un PC et est compatible avec tous les appareils centraux et \u00e9metteurs d&#039;alarme DSC.<\/p>","protected":false},"featured_media":141729,"template":"","meta":{"_acf_changed":false},"product_brand":[],"product_cat":[3332,1322],"product_tag":[3311,3031],"class_list":{"0":"post-41442","1":"product","2":"type-product","3":"status-publish","4":"has-post-thumbnail","6":"product_cat-tillbehor","7":"product_cat-dsc-larm-neo-power-hybridlarm","8":"product_tag-dsc-neo-svensk-manual","9":"product_tag-neo-ovriga-tillbehor","10":"product_shipping_class-postnord-varubrev","11":"pa_brands-4dsc","12":"pa_dsc-neo-hybridlarm-ovriga-tillbehor","13":"tm-has-options","15":"first","16":"outofstock","17":"sale","18":"featured","19":"taxable","20":"shipping-taxable","21":"purchasable","22":"product-type-simple"},"acf":[],"_links":{"self":[{"href":"https:\/\/secureus.se\/fr\/wp-json\/wp\/v2\/product\/41442","targetHints":{"allow":["GET"]}}],"collection":[{"href":"https:\/\/secureus.se\/fr\/wp-json\/wp\/v2\/product"}],"about":[{"href":"https:\/\/secureus.se\/fr\/wp-json\/wp\/v2\/types\/product"}],"wp:featuredmedia":[{"embeddable":true,"href":"https:\/\/secureus.se\/fr\/wp-json\/wp\/v2\/media\/141729"}],"wp:attachment":[{"href":"https:\/\/secureus.se\/fr\/wp-json\/wp\/v2\/media?parent=41442"}],"wp:term":[{"taxonomy":"product_brand","embeddable":true,"href":"https:\/\/secureus.se\/fr\/wp-json\/wp\/v2\/product_brand?post=41442"},{"taxonomy":"product_cat","embeddable":true,"href":"https:\/\/secureus.se\/fr\/wp-json\/wp\/v2\/product_cat?post=41442"},{"taxonomy":"product_tag","embeddable":true,"href":"https:\/\/secureus.se\/fr\/wp-json\/wp\/v2\/product_tag?post=41442"}],"curies":[{"name":"wp","href":"https:\/\/api.w.org\/{rel}","templated":true}]}}