{"id":41463,"date":"2022-07-14T16:26:04","date_gmt":"2022-07-14T14:26:04","guid":{"rendered":"https:\/\/secureus.se\/produkt\/tagg-nyckelbricka-merkurius-mifare1k\/"},"modified":"2026-01-06T20:50:24","modified_gmt":"2026-01-06T19:50:24","slug":"tagg-nyckelbricka-merkurius-mifare1k","status":"publish","type":"product","link":"https:\/\/secureus.se\/fr\/tagg-nyckelbricka-merkurius-mifare1k\/","title":{"rendered":"\u00c9tiquette\/porte-cl\u00e9s Mercury Mifare1k"},"content":{"rendered":"<p>L&#039;\u00e9tiquette RFID &quot;Merkurius&quot; est une \u00e9tiquette flexible et petite aux dimensions 31x40x4,4 mm. Il est fabriqu\u00e9 en mat\u00e9riau ABS dur avec une belle surface parfaite pour la gravure et les logos en couleur.<\/p>\n<p>Nous nous effor\u00e7ons d&#039;obtenir des livraisons rapides et si les \u00e9tiquettes sont en stock, nous pouvons les livrer sous 1 \u00e0 3 jours. Si les \u00e9tiquettes doivent \u00eatre personnalis\u00e9es de mani\u00e8re unique selon votre commande, le d\u00e9lai de livraison sera d&#039;environ 2 semaines. Nous voulons nous assurer que chaque balise r\u00e9pond \u00e0 vos besoins et exigences sp\u00e9cifiques, c&#039;est pourquoi nous prenons le temps de cr\u00e9er une solution personnalis\u00e9e pour vous.<\/p>\n<p>Contactez-nous d\u00e8s aujourd&#039;hui pour discuter de vos id\u00e9es de projet et obtenir une solution d&#039;\u00e9tiquette RFID adapt\u00e9e \u00e0 vos besoins. Avec l&#039;\u00e9tiquette RFID \u00ab Merkurius \u00bb, vous faites passer votre s\u00e9curit\u00e9 et votre identification au niveau sup\u00e9rieur. Commandez maintenant et d\u00e9couvrez les avantages de notre produit fiable con\u00e7u pour r\u00e9pondre \u00e0 vos besoins sp\u00e9cifiques.<\/p>\n<p>L&#039;\u00e9tiquette RFID &quot;Merkurius&quot; peut soit \u00eatre \u00e9quip\u00e9e d&#039;un &quot;anneau&quot; blanc sur un c\u00f4t\u00e9 pour, par exemple, un logo ou un num\u00e9ro, soit \u00eatre enti\u00e8rement de la m\u00eame couleur, mais aussi ici avec la possibilit\u00e9 d&#039;imprimer un logo et un num\u00e9ro. .<\/p>\n<p>Nous nous effor\u00e7ons d&#039;obtenir des livraisons rapides et si les \u00e9tiquettes sont en stock, nous pouvons les livrer sous 1 \u00e0 3 jours. Si les \u00e9tiquettes doivent \u00eatre personnalis\u00e9es de mani\u00e8re unique selon votre commande, le d\u00e9lai de livraison sera d&#039;environ 2 semaines. Nous voulons nous assurer que chaque balise r\u00e9pond \u00e0 vos besoins et exigences sp\u00e9cifiques, c&#039;est pourquoi nous prenons le temps de cr\u00e9er une solution personnalis\u00e9e pour vous.<\/p>\n<p>Contactez-nous d\u00e8s aujourd&#039;hui pour discuter de vos id\u00e9es de projet et obtenir une solution d&#039;\u00e9tiquette RFID adapt\u00e9e \u00e0 vos besoins. Avec l&#039;\u00e9tiquette RFID \u00ab Merkurius \u00bb, vous faites passer votre s\u00e9curit\u00e9 et votre identification au niveau sup\u00e9rieur. Commandez maintenant et d\u00e9couvrez les avantages de notre produit fiable con\u00e7u pour r\u00e9pondre \u00e0 vos besoins sp\u00e9cifiques.<\/p>\n<p>Les \u00e9tiquettes RFID peuvent \u00eatre utilis\u00e9es pour\u00a0:<br \/>\nSyst\u00e8me de laissez-passer<br \/>\nSyst\u00e8me de visiteur<br \/>\nR\u00e9servation de blanchisserie<br \/>\nAlarme et s\u00e9curit\u00e9<\/p>\n<p>Avantages des \u00e9tiquettes RFID \u00ab Merkurius \u00bb :<br \/>\nConception totalement facultative et relecture gratuite jusqu&#039;\u00e0 ce que vous soyez satisfait<br \/>\nPossibilit\u00e9 de graver un num\u00e9ro standard ou d&#039;inclure un logo<br \/>\nPetite \u00e9tiquette flexible, fiable et qui existe depuis longtemps.<br \/>\nLarge gamme de variantes de puces pour r\u00e9pondre \u00e0 diff\u00e9rents besoins et toujours en stock.<\/p>","protected":false},"excerpt":{"rendered":"<p>L&#039;\u00e9tiquette RFID &quot;Merkurius&quot; est une \u00e9tiquette flexible et petite aux dimensions 31x40x4,4 mm. Il est fabriqu\u00e9 en mat\u00e9riau ABS dur avec une belle surface parfaite pour la gravure et<\/p>","protected":false},"featured_media":142030,"template":"","meta":{"_acf_changed":false},"product_brand":[],"product_cat":[1324,4784,2354],"product_tag":[2958],"class_list":{"0":"post-41463","1":"product","2":"type-product","3":"status-publish","4":"has-post-thumbnail","6":"product_cat-outlet","7":"product_cat-mifare1k","8":"product_cat-rfid-taggar","9":"product_tag-stonehouse-produkt","10":"product_shipping_class-postnord-varubrev","11":"pa_brands-stonehouse-security","12":"pa_farg-bla","13":"tm-no-options","15":"first","16":"outofstock","17":"sale","18":"featured","19":"taxable","20":"shipping-taxable","21":"purchasable","22":"product-type-simple"},"acf":[],"_links":{"self":[{"href":"https:\/\/secureus.se\/fr\/wp-json\/wp\/v2\/product\/41463","targetHints":{"allow":["GET"]}}],"collection":[{"href":"https:\/\/secureus.se\/fr\/wp-json\/wp\/v2\/product"}],"about":[{"href":"https:\/\/secureus.se\/fr\/wp-json\/wp\/v2\/types\/product"}],"wp:featuredmedia":[{"embeddable":true,"href":"https:\/\/secureus.se\/fr\/wp-json\/wp\/v2\/media\/142030"}],"wp:attachment":[{"href":"https:\/\/secureus.se\/fr\/wp-json\/wp\/v2\/media?parent=41463"}],"wp:term":[{"taxonomy":"product_brand","embeddable":true,"href":"https:\/\/secureus.se\/fr\/wp-json\/wp\/v2\/product_brand?post=41463"},{"taxonomy":"product_cat","embeddable":true,"href":"https:\/\/secureus.se\/fr\/wp-json\/wp\/v2\/product_cat?post=41463"},{"taxonomy":"product_tag","embeddable":true,"href":"https:\/\/secureus.se\/fr\/wp-json\/wp\/v2\/product_tag?post=41463"}],"curies":[{"name":"wp","href":"https:\/\/api.w.org\/{rel}","templated":true}]}}