{"id":41471,"date":"2022-07-14T16:25:50","date_gmt":"2022-07-14T14:25:50","guid":{"rendered":"https:\/\/secureus.se\/produkt\/tagg-nyckelbricka-saturnus-em4200\/"},"modified":"2026-01-06T20:47:49","modified_gmt":"2026-01-06T19:47:49","slug":"tagg-nyckelbricka-saturnus-em4200","status":"publish","type":"product","link":"https:\/\/secureus.se\/fr\/tagg-nyckelbricka-saturnus-em4200\/","title":{"rendered":"\u00c9tiquette\/porte-cl\u00e9s Saturnus EM4200"},"content":{"rendered":"<div>\n<p>Saturnus est une \u00e9tiquette polyvalente, r\u00e9alis\u00e9e dans un mat\u00e9riau ABS flexible avec une belle surface qui convient aussi bien \u00e0 la gravure qu&#039;aux logos en couleur.<\/p>\n<p>Un c\u00f4t\u00e9 est blanc pour par exemple un logo et l&#039;autre c\u00f4t\u00e9 est adapt\u00e9 pour graver des chiffres.<\/p>\n<p>Si vous avez choisi une \u00e9tiquette avec seulement un num\u00e9ro, vous pouvez choisir si vous souhaitez que les chiffres soient sur le devant ou le dos blanc de l&#039;\u00e9tiquette.<\/p>\n<p>Fonctionne dans tous les syst\u00e8mes qui utilisent la technologie EM, y compris RCO, Bewator\/Vanderbilt, Aptus, ASSA ARX et d&#039;autres types de syst\u00e8mes, par exemple les syst\u00e8mes de visiteurs ou la connexion aux ordinateurs\/imprimantes.<\/p>\n<p>En savoir plus sur l&#039;article dans la Fiche Produit - Fiche Produit Saturnus<\/p>\n<p>Stonehouse Saturnus est un produit bon march\u00e9 et de bonne qualit\u00e9 avec une puce originale pour toutes les applications.<\/p>\n<p>&nbsp;<\/p>\n<\/div>","protected":false},"excerpt":{"rendered":"<p>Saturnus est une \u00e9tiquette polyvalente, r\u00e9alis\u00e9e dans un mat\u00e9riau ABS flexible avec une belle surface qui convient aussi bien \u00e0 la gravure qu&#039;aux logos en couleur. Un c\u00f4t\u00e9 est blanc par exemple le logo et<\/p>","protected":false},"featured_media":142223,"template":"","meta":{"_acf_changed":false},"product_brand":[],"product_cat":[1324],"product_tag":[2958],"class_list":{"0":"post-41471","1":"product","2":"type-product","3":"status-publish","4":"has-post-thumbnail","6":"product_cat-outlet","7":"product_tag-stonehouse-produkt","8":"product_shipping_class-postnord-varubrev","9":"pa_brands-stonehouse-security","10":"pa_farg-bla","11":"tm-no-options","13":"first","14":"outofstock","15":"sale","16":"featured","17":"taxable","18":"shipping-taxable","19":"purchasable","20":"product-type-simple"},"acf":[],"_links":{"self":[{"href":"https:\/\/secureus.se\/fr\/wp-json\/wp\/v2\/product\/41471","targetHints":{"allow":["GET"]}}],"collection":[{"href":"https:\/\/secureus.se\/fr\/wp-json\/wp\/v2\/product"}],"about":[{"href":"https:\/\/secureus.se\/fr\/wp-json\/wp\/v2\/types\/product"}],"wp:featuredmedia":[{"embeddable":true,"href":"https:\/\/secureus.se\/fr\/wp-json\/wp\/v2\/media\/142223"}],"wp:attachment":[{"href":"https:\/\/secureus.se\/fr\/wp-json\/wp\/v2\/media?parent=41471"}],"wp:term":[{"taxonomy":"product_brand","embeddable":true,"href":"https:\/\/secureus.se\/fr\/wp-json\/wp\/v2\/product_brand?post=41471"},{"taxonomy":"product_cat","embeddable":true,"href":"https:\/\/secureus.se\/fr\/wp-json\/wp\/v2\/product_cat?post=41471"},{"taxonomy":"product_tag","embeddable":true,"href":"https:\/\/secureus.se\/fr\/wp-json\/wp\/v2\/product_tag?post=41471"}],"curies":[{"name":"wp","href":"https:\/\/api.w.org\/{rel}","templated":true}]}}