{"id":41489,"date":"2022-07-12T11:34:21","date_gmt":"2022-07-12T09:34:21","guid":{"rendered":"https:\/\/secureus.se\/produkt\/epoxy-em4200-mifare4k-std-nr\/"},"modified":"2025-12-31T21:38:12","modified_gmt":"2025-12-31T20:38:12","slug":"rfid-tagg-epoxy-em4200-mifare4k-std-nr","status":"publish","type":"product","link":"https:\/\/secureus.se\/fr\/rfid-tagg-epoxy-em4200-mifare4k-std-nr\/","title":{"rendered":"Tag Epoxy+ EM4200\/Mifare4k avec num\u00e9ros optionnels"},"content":{"rendered":"<h1>Tag Epoxy+ EM4200\/Mifare4k avec num\u00e9ros optionnels<\/h1>\n<h3><strong>Design unique et \u00e9l\u00e9gant<\/strong><\/h3>\n<p>Notre \u00e9tiquette RFID \u00ab Epoxy \u00bb sur mesure est con\u00e7ue exclusivement pour vous en tant que client et a un temps de production d&#039;environ 3 semaines. Le mat\u00e9riau de base de l&#039;\u00e9tiquette est le PVC, que nous \u00e9quipons d&#039;une couche de colle \u00e9poxy, ce qui lui conf\u00e8re une construction durable et fiable. Gr\u00e2ce \u00e0 l&#039;impressionnante technologie d&#039;impression semblable \u00e0 une photo, vous pouvez comparer l&#039;impression avec celle d&#039;une carte de cr\u00e9dit\/carte de membre, et l&#039;aspect ambr\u00e9 gr\u00e2ce \u00e0 la colle \u00e9poxy dure, votre \u00e9tiquette RFID sera unique et \u00e9l\u00e9gante.<\/p>\n<p><span style=\"text-decoration: underline\"><strong>R\u00e9pondez \u00e0 vos besoins de s\u00e9curit\u00e9 et d\u2019identification<\/strong><\/span><\/p>\n<p>Cette \u00e9tiquette RFID \u00ab Epoxy \u00bb personnalis\u00e9e est parfaite pour r\u00e9pondre \u00e0 vos besoins de s\u00e9curit\u00e9 et d\u2019identification. Qu&#039;il s&#039;agisse de syst\u00e8mes d&#039;acc\u00e8s, de gestion des visiteurs, de r\u00e9servation de blanchisserie, d&#039;alarmes ou d&#039;autres applications, notre tag est une solution fiable.<\/p>\n<p><span style=\"text-decoration: underline\"><strong>Fabrication de haute qualit\u00e9 pour la qualit\u00e9 et la fonctionnalit\u00e9<\/strong><\/span><\/p>\n<p>Nous comprenons l&#039;importance de fournir des produits de haute qualit\u00e9 qui r\u00e9pondent \u00e0 vos attentes. C&#039;est pourquoi nous nous effor\u00e7ons de fabriquer l&#039;\u00e9tiquette avec soin et pr\u00e9cision afin de garantir sa qualit\u00e9 et sa fonctionnalit\u00e9.<\/p>\n<p><span style=\"text-decoration: underline\"><strong>D\u00e9lai de fabrication : Environ 3 semaines<\/strong><\/span><\/p>\n<p>Veuillez noter qu&#039;en raison du processus de fabrication unique \u00e0 chaque client, notre \u00e9tiquette RFID \u00ab Epoxy \u00bb ne peut pas \u00eatre exp\u00e9di\u00e9e rapidement. Nous souhaitons vous proposer le meilleur produit possible et il faut donc compter environ 3 semaines pour fabriquer votre \u00e9tiquette personnalis\u00e9e.<\/p>\n<p><span style=\"text-decoration: underline\"><strong>Inclus dans le prix : Personnalisation et gravure<\/strong><\/span><\/p>\n<p>Vous nous envoyez une photo, un logo ou un texte et nous effectuerons une correction num\u00e9rique jusqu&#039;\u00e0 ce que vous soyez satisfait, puis nous graverons vos num\u00e9ros de syst\u00e8mes d&#039;acc\u00e8s, d&#039;alarmes ou de num\u00e9ros de s\u00e9rie selon vos souhaits - Le tout inclus dans le prix.<\/p>\n<h3>Comme toujours chez nous, puce originale de<a href=\"https:\/\/www.nxp.com\/\" rel=\"noopener\"> NXP<\/a> et <a href=\"https:\/\/www.emmicroelectronic.com\/\" rel=\"noopener\">EM Micro\u00e9lectronique.<\/a><\/h3>\n<p><strong>Convient \u00e0 tout et \u00e0 tous !<\/strong><\/p>\n<ul>\n<li>Syst\u00e8me de laissez-passer<\/li>\n<li>Syst\u00e8me de visiteur<\/li>\n<li>R\u00e9servation de blanchisserie<\/li>\n<li>Syst\u00e8me d&#039;alarme et de s\u00e9curit\u00e9<\/li>\n<\/ul>\n<p>&nbsp;<\/p>\n<p><strong>Contactez-nous pour une solution personnalis\u00e9e<\/strong><\/p>\n<p>Contactez-nous d\u00e8s aujourd&#039;hui pour discuter de vos id\u00e9es de projet et obtenir une solution d&#039;\u00e9tiquette RFID personnalis\u00e9e qui r\u00e9pond \u00e0 vos besoins sp\u00e9cifiques. Nous sommes impatients de cr\u00e9er une \u00e9tiquette RFID unique et \u00e9l\u00e9gante pour vous.<\/p>\n<p><strong>\u00c9tiquettes RFID pour diverses applications<\/strong><\/p>\n<p><strong>Syst\u00e8me de laissez-passer<\/strong> - Notre \u00e9tiquette RFID \u00ab Epoxy \u00bb est parfaite pour une utilisation dans les syst\u00e8mes de contr\u00f4le d&#039;acc\u00e8s afin de garantir un contr\u00f4le d&#039;acc\u00e8s fluide et s\u00e9curis\u00e9.<\/p>\n<p><strong>Syst\u00e8me de visiteur<\/strong> - Avec notre \u00e9tiquette RFID, vous pouvez g\u00e9rer efficacement les visiteurs et garantir un processus d&#039;enregistrement fluide.<\/p>\n<p><strong>R\u00e9servation de blanchisserie<\/strong> - Utilisez notre \u00e9tiquette RFID pour une r\u00e9servation simple et pratique des laveries.<\/p>\n<p><strong>Alarme et s\u00e9curit\u00e9<\/strong> - Am\u00e9liorez la s\u00e9curit\u00e9 de votre maison ou de votre entreprise avec notre \u00e9tiquette RFID fiable qui peut \u00eatre int\u00e9gr\u00e9e aux syst\u00e8mes d&#039;alarme et de s\u00e9curit\u00e9.<\/p>\n<p><strong>Avantages des \u00e9tiquettes RFID \u00ab Epoxy \u00bb<\/strong><\/p>\n<p><strong>Conception totalement facultative et relecture gratuite jusqu&#039;\u00e0 ce que vous soyez satisfait<\/strong> - Nous vous offrons la possibilit\u00e9 de cr\u00e9er un design unique pour votre \u00e9tiquette RFID et vous donnons la possibilit\u00e9 d&#039;examiner et d&#039;approuver l&#039;\u00e9preuve avant la fabrication.<\/p>\n<p><strong>Possibilit\u00e9 de graver un num\u00e9ro standard ou d&#039;inclure un logo<\/strong> - Nous pouvons graver des num\u00e9ros standards ou inclure votre logo sur l&#039;\u00e9tiquette RFID pour lui donner un aspect personnel et professionnel.<\/p>\n<p><strong>Large gamme de variantes de puces pour diff\u00e9rents besoins et toujours en stock<\/strong> - Nous proposons une large gamme de variantes de puces pour r\u00e9pondre aux diff\u00e9rents besoins de s\u00e9curit\u00e9 et d&#039;identification. De plus, nous gardons toujours nos \u00e9tiquettes RFID en stock pour une livraison rapide.<\/p>\n<p>Nous nous engageons \u00e0 vous fournir des \u00e9tiquettes RFID fiables et de haute qualit\u00e9 qui r\u00e9pondent \u00e0 vos besoins. Notre \u00e9quipe d\u2019experts est disponible pour vous fournir le meilleur service et support possible. Contactez-nous d\u00e8s aujourd&#039;hui pour commencer \u00e0 cr\u00e9er votre \u00e9tiquette RFID \u00ab Epoxy \u00bb personnalis\u00e9e et d\u00e9couvrir les avantages de la s\u00e9curit\u00e9 et de l&#039;identification \u00e0 un nouveau niveau.<\/p>","protected":false},"excerpt":{"rendered":"<p>Avec cette \u00e9tiquette, vous pouvez choisir le look que vous souhaitez, par exemple un logo ou pourquoi pas une image d&#039;un c\u00f4t\u00e9 et un num\u00e9ro ou un logo de l&#039;autre c\u00f4t\u00e9.<\/p>\n<p>Contactez-nous et nous produirons gratuitement des images num\u00e9riques du look que vous avez choisi.<\/p>\n<p>Notre \u00e9tiquette la plus luxueuse et tr\u00e8s populaire.<\/p>\n<p>Il est fabriqu\u00e9 uniquement pour vous et n\u00e9cessite donc une quantit\u00e9 minimale de commande de 500 unit\u00e9s.<\/p>","protected":false},"featured_media":110564,"template":"","meta":{"_acf_changed":false},"product_brand":[],"product_cat":[2354],"product_tag":[2642,2074,2958,2991],"class_list":{"0":"post-41489","1":"product","2":"type-product","3":"status-publish","4":"has-post-thumbnail","6":"product_cat-rfid-taggar","7":"product_tag-500-moq-design-pvc","8":"product_tag-ej-lagerfraga","9":"product_tag-stonehouse-produkt","10":"product_tag-std-nr-taggar","11":"product_shipping_class-postnord-varubrev","12":"pa_brands-stonehouse-security","13":"pa_chip-teknik-kombi-em4200mifare4k","14":"pa_epoxy-med-eller-utan-ring-tagg-epoxy","15":"tm-has-options","17":"first","18":"instock","19":"sale","20":"featured","21":"taxable","22":"shipping-taxable","23":"purchasable","24":"product-type-simple"},"acf":[],"_links":{"self":[{"href":"https:\/\/secureus.se\/fr\/wp-json\/wp\/v2\/product\/41489","targetHints":{"allow":["GET"]}}],"collection":[{"href":"https:\/\/secureus.se\/fr\/wp-json\/wp\/v2\/product"}],"about":[{"href":"https:\/\/secureus.se\/fr\/wp-json\/wp\/v2\/types\/product"}],"wp:featuredmedia":[{"embeddable":true,"href":"https:\/\/secureus.se\/fr\/wp-json\/wp\/v2\/media\/110564"}],"wp:attachment":[{"href":"https:\/\/secureus.se\/fr\/wp-json\/wp\/v2\/media?parent=41489"}],"wp:term":[{"taxonomy":"product_brand","embeddable":true,"href":"https:\/\/secureus.se\/fr\/wp-json\/wp\/v2\/product_brand?post=41489"},{"taxonomy":"product_cat","embeddable":true,"href":"https:\/\/secureus.se\/fr\/wp-json\/wp\/v2\/product_cat?post=41489"},{"taxonomy":"product_tag","embeddable":true,"href":"https:\/\/secureus.se\/fr\/wp-json\/wp\/v2\/product_tag?post=41489"}],"curies":[{"name":"wp","href":"https:\/\/api.w.org\/{rel}","templated":true}]}}