{"id":41515,"date":"2022-07-12T11:20:44","date_gmt":"2022-07-12T09:20:44","guid":{"rendered":"https:\/\/secureus.se\/produkt\/tagg-kombi-glasfiber-hd-em4200-mifare1k-std-nr\/"},"modified":"2026-03-09T14:43:58","modified_gmt":"2026-03-09T13:43:58","slug":"rfid-tagg-kombi-glasfiber-hd-std-nr","status":"publish","type":"product","link":"https:\/\/secureus.se\/fr\/rfid-tagg-kombi-glasfiber-hd-std-nr\/","title":{"rendered":"Tag Combi EM4200 + Mifare1k\u00ae \u2013 Syst\u00e8me d&#039;acc\u00e8s avec alarme Noir \u2013 Fibre de verre HD anti-vandalisme"},"content":{"rendered":"<h1>Tag Combi EM4200\/Mifare1k Fibre de verre HD<\/h1>\n<h3>\u00c9tiquette pour syst\u00e8me d&#039;alarme\/passeur et r\u00e9servation.<\/h3>\n<p><strong>Ici, nous avons ajout\u00e9 des num\u00e9ros par d\u00e9faut pour les syst\u00e8mes suivants pour\u00a0:<\/strong><\/p>\n<p><span style=\"text-decoration: underline\"><strong>Pour EM4200\u00a0: ASSA (S), RCO Security (R), Axema VAKA (V), Bewator\/Vanderbilt (B)<\/strong><\/span><\/p>\n<p><span style=\"text-decoration: underline\"><strong>Mifare\u00a0: MFR=RCO, MFV=Axema VAKA, MFD=Lecture d\u00e9cimale pour d&#039;autres syst\u00e8mes sur le march\u00e9 su\u00e9dois.<\/strong><\/span><\/p>\n<div>\n<p><span style=\"text-decoration: underline\"><strong><span style=\"font-size: 16px\">Ce porte-cl\u00e9s innovant est sp\u00e9cialement con\u00e7u pour r\u00e9pondre \u00e0 vos besoins en mati\u00e8re de s\u00e9curit\u00e9 et d&#039;identification. Avec sa construction robuste et ses fonctionnalit\u00e9s impressionnantes, l&#039;\u00e9tiquette RFUD \u00ab Glasfiber HD \u00bb offre une solution fiable et efficace pour diverses applications.<\/span><\/strong><\/span><\/p>\n<\/div>\n<p>Nous proposons plusieurs variantes de tags Glasfiber HD pour r\u00e9pondre \u00e0 vos exigences sp\u00e9cifiques.<\/p>\n<p>Vous pouvez choisir parmi plusieurs produits parmi EM4200, Mifare1k, la combinaison de Mifare1k et EM4200, Mifare4k et la combinaison de Mifare4k et EM4200.<\/p>\n<p>Chaque variante poss\u00e8de ses propres caract\u00e9ristiques et fonctions, vous offrant flexibilit\u00e9 et polyvalence.<\/p>\n<p>Pour personnaliser davantage le porte-cl\u00e9s, nous offrons la possibilit\u00e9 de graver des num\u00e9ros tels que des num\u00e9ros de s\u00e9rie ou des num\u00e9ros de vos syst\u00e8mes d&#039;acc\u00e8s.<\/p>\n<p>(RCO, Vanderbilt, Bewator, Axema Aptus ASSA, etc.).<\/p>\n<p>Cela facilite l\u2019identification et la gestion de vos balises, permettant ainsi de gagner du temps et d\u2019augmenter l\u2019efficacit\u00e9 de votre flux de travail.<\/p>\n<p>La fibre de verre HD est \u00e9galement disponible avec des num\u00e9ros finis grav\u00e9s dans notre magasin, vous pouvez \u00e9galement en commander 500 et plus avec vos propres num\u00e9ros.<\/p>\n<h3>Comme toujours chez nous, puce originale de<a href=\"https:\/\/www.nxp.com\/\" rel=\"noopener\"> NXP<\/a> et <a href=\"https:\/\/www.emmicroelectronic.com\/\" rel=\"noopener\">EM Micro\u00e9lectronique.<\/a><\/h3>\n<p><strong>Convient \u00e0 tout et \u00e0 tous !<\/strong><\/p>\n<ul>\n<li>Syst\u00e8me de laissez-passer<\/li>\n<li>Syst\u00e8me de visiteur<\/li>\n<li>R\u00e9servation de blanchisserie<\/li>\n<li>Syst\u00e8me d&#039;alarme et de s\u00e9curit\u00e9<\/li>\n<\/ul>\n<p>&nbsp;<\/p>","protected":false},"excerpt":{"rendered":"<p>\u00c9tiquette RFID &quot;Glasfiber HD&quot; - Antivandalisme et \u00e9tanche - la solution parfaite pour les syst\u00e8mes de s\u00e9curit\u00e9 et d&#039;identification. Puce Combi EM4200\/Mifare1k avec num\u00e9ros pr\u00eats pour le syst\u00e8me d&#039;acc\u00e8s grav\u00e9s sur l&#039;\u00e9tiquette. Ce produit est dot\u00e9 d&#039;une puce certifi\u00e9e par NXP\u00ae, une entreprise technologique mondiale dont le si\u00e8ge est aux Pays-Bas. NXP\u00ae est sp\u00e9cialis\u00e9 dans la RFID et le NFC et propose une gamme de produits en mati\u00e8re de s\u00e9curit\u00e9, de connectivit\u00e9 et de solutions embarqu\u00e9es<\/p>","protected":false},"featured_media":133942,"template":"","meta":{"_acf_changed":false},"product_brand":[],"product_cat":[1349,4786],"product_tag":[2436,2074,4146,2958],"class_list":{"0":"post-41515","1":"product","2":"type-product","3":"status-publish","4":"has-post-thumbnail","6":"product_cat-rfid-tag-glasfiber","7":"product_cat-mifare1kem4200-tagg","8":"product_tag-250-moq-hd","9":"product_tag-ej-lagerfraga","10":"product_tag-nxp","11":"product_tag-stonehouse-produkt","12":"product_shipping_class-postnord-varubrev","13":"pa_brands-stonehouse-security","14":"pa_chip-teknik-kombi-em4200mifare1k","15":"pa_farg-svart","16":"pa_tagg-glasfiber-tagg-glasfiber-hd","17":"tm-no-options","19":"first","20":"instock","21":"sale","22":"featured","23":"taxable","24":"shipping-taxable","25":"purchasable","26":"product-type-simple"},"acf":[],"_links":{"self":[{"href":"https:\/\/secureus.se\/fr\/wp-json\/wp\/v2\/product\/41515","targetHints":{"allow":["GET"]}}],"collection":[{"href":"https:\/\/secureus.se\/fr\/wp-json\/wp\/v2\/product"}],"about":[{"href":"https:\/\/secureus.se\/fr\/wp-json\/wp\/v2\/types\/product"}],"wp:featuredmedia":[{"embeddable":true,"href":"https:\/\/secureus.se\/fr\/wp-json\/wp\/v2\/media\/133942"}],"wp:attachment":[{"href":"https:\/\/secureus.se\/fr\/wp-json\/wp\/v2\/media?parent=41515"}],"wp:term":[{"taxonomy":"product_brand","embeddable":true,"href":"https:\/\/secureus.se\/fr\/wp-json\/wp\/v2\/product_brand?post=41515"},{"taxonomy":"product_cat","embeddable":true,"href":"https:\/\/secureus.se\/fr\/wp-json\/wp\/v2\/product_cat?post=41515"},{"taxonomy":"product_tag","embeddable":true,"href":"https:\/\/secureus.se\/fr\/wp-json\/wp\/v2\/product_tag?post=41515"}],"curies":[{"name":"wp","href":"https:\/\/api.w.org\/{rel}","templated":true}]}}