{"id":41538,"date":"2022-07-12T11:17:55","date_gmt":"2022-07-12T09:17:55","guid":{"rendered":"https:\/\/secureus.se\/produkt\/tagg-nyckelbricka-abs-pro-mifare1k-std-nr-4\/"},"modified":"2026-03-27T15:37:41","modified_gmt":"2026-03-27T14:37:41","slug":"tagg-mifare1k-rod-abs-pro-fardiga-systemnummer","status":"publish","type":"product","link":"https:\/\/secureus.se\/fr\/tagg-mifare1k-rod-abs-pro-fardiga-systemnummer\/","title":{"rendered":"Mifare 1k Classic ABS Pro Rouge \u2013 2,9 mm Num\u00e9ros de syst\u00e8me pr\u00eats \u00e0 l&#039;emploi (Mifare 13,56 MHz)"},"content":{"rendered":"<h1>Mifare 1k Classic ABS Pro Rouge \u2013 2,9 mm Num\u00e9ros de syst\u00e8me pr\u00eats \u00e0 l&#039;emploi (Mifare 13,56 MHz)<\/h1>\n<p><strong>L&#039;\u00e9tiquette Mifare \u00abpr\u00eate \u00e0 l&#039;emploi\u00bb la plus achet\u00e9e en Su\u00e8de - fonctionne directement dans 99 syst\u00e8mes Mifare su\u00e9dois (code postal %).<\/strong><br \/>\nD\u00e9j\u00e0 grav\u00e9s avec les num\u00e9ros MFD, MFR, MFL ou MFV, ces produits sont pr\u00eats \u00e0 \u00eatre distribu\u00e9s d\u00e8s leur r\u00e9ception. Vous pouvez y ajouter votre logo, des num\u00e9ros hexad\u00e9cimaux ou des num\u00e9ros de s\u00e9rie suppl\u00e9mentaires si vous le souhaitez.<\/p>\n<p><strong>Utilisez-vous un syst\u00e8me Mifare diff\u00e9rent ou souhaitez-vous le m\u00eame num\u00e9ro sur toutes les \u00e9tiquettes\u00a0?<\/strong><br \/>\nPas de probl\u00e8me \u2013 l&#039;\u00e9tiquette fonctionne dans <u>tous<\/u> Syst\u00e8me Mifare 13,56 MHz (dans ce cas, ignorez simplement le num\u00e9ro grav\u00e9).<br \/>\nPr\u00e9f\u00e9reriez-vous avoir <strong>\u00c9tiquettes enti\u00e8rement vierges o\u00f9 vous contr\u00f4lez tout vous-m\u00eame 100 %<\/strong>Alors vous choisissez <a href=\"\/fr\/mifare1k-anpassningsbara\/\">\u00c9tiquettes Mifare personnalisables ici<\/a> \u2013 le m\u00eame mod\u00e8le, compl\u00e8tement vide et programm\u00e9 exactement comme vous le souhaitez.<\/p>\n<div style=\"background: #e8f5e8;border: 2px solid #2e7d32;border-radius: 12px;padding: 20px;margin: 30px 0;text-align: center\">\n<h3 style=\"margin: 0 0 12px 0;color: #1b5e20\">Num\u00e9ros du syst\u00e8me Mifare lus en temps r\u00e9el<\/h3>\n<p style=\"margin: 8px 0;font-size: 1.1em;line-height: 1.5\">MFD = Aptus \u2219 MFR = RCO (9 chiffres) \u2219 MFV = Axema VAKA<br \/>\n\u2192 Les num\u00e9ros sont lus et test\u00e9s physiquement dans des installations r\u00e9elles, puis grav\u00e9s sur l&#039;\u00e9tiquette \u2013 fonctionnement imm\u00e9diat garanti<\/p>\n<\/div>\n<div style=\"background: #fff3e0;border-left: 5px solid #ff9800;padding: 18px;margin: 30px 0\">\n<p style=\"margin: 0;font-size: 1.05em\"><strong>Souhaitez-vous les rendre encore plus jolies ou y apposer des num\u00e9ros de s\u00e9rie\u00a0?<\/strong><br \/>\nCliquez sur \u00ab Personnaliser le produit \u00bb en haut de la page\u00a0:<br \/>\n\u2713 Logo grav\u00e9 au laser<br \/>\n\u2713 Num\u00e9ro de s\u00e9rie suppl\u00e9mentaire en plus du num\u00e9ro standard<br \/>\n\u2713 Impression couleur du logo (min. 500 pi\u00e8ces)<br \/>\n\u2192 Nous envoyons toujours des \u00e9preuves avant la production<\/p>\n<\/div>\n<div style=\"background: #f4f9ff;border: 2px solid #0066cc;border-radius: 12px;padding: 20px;margin: 30px 0;text-align: center\">\n<h3 style=\"margin: 0 0 12px 0;color: #003366\">Vous h\u00e9sitez entre EM et Mifare ?<\/h3>\n<p style=\"margin: 8px 0;font-size: 1.05em;color: #333\">Essayez les deux techniques \u00e0 la maison pour seulement <strong>69 SEK. Livraison gratuite.<\/strong><br \/>\nRemboursement garanti pour l&#039;achat de 100 unit\u00e9s ou plus<\/p>\n<p><a style=\"display: inline-block;background: #0066cc;color: white;font-weight: bold;padding: 14px 32px;border-radius: 8px;text-decoration: none;margin: 15px 0;font-size: 1.1em\" href=\"\/fr\/testtagg-em-mifare\/\">Achetez l&#039;\u00e9tiquette de test maintenant \u2013 69 kr<\/a><\/p>\n<\/div>\n<h2>Syst\u00e8mes compatibles (d\u00e9j\u00e0 disponibles)<\/h2>\n<ul>\n<li>Aptus (MFD)<\/li>\n<li>S\u00e9curit\u00e9 RCO (Fabricant)<\/li>\n<li>Axema VAKA (MFV)<\/li>\n<li>ASSA ARX \/ Vanderbilt \/ Bewator (MFD)<\/li>\n<li>Pacom, Tidomat, etc. \u2013 et tous les autres syst\u00e8mes Mifare<\/li>\n<\/ul>\n<h2>C\u2019est pourquoi les gestionnaires immobiliers, les serruriers et les soci\u00e9t\u00e9s de gestion de patrimoine choisissent celui-ci.<\/h2>\n<ul>\n<li>Num\u00e9ros pr\u00eats \u00e0 l&#039;emploi \u2013 sans programmation ni cl\u00e9s, sans attente<\/li>\n<li>ABS extr\u00eamement r\u00e9sistant de 2,9 mm, \u00e0 la fois durable et flexible<\/li>\n<li>Puce d&#039;origine NXP (Mifare Classic 1k)<\/li>\n<li>Toujours des milliers d&#039;articles en stock \u2013 livraison en 1 \u00e0 2 jours<\/li>\n<\/ul>\n<h2>Sp\u00e9cification technique<\/h2>\n<table style=\"width: 100%;border-collapse: collapse;margin: 20px 0\">\n<tbody>\n<tr>\n<td><strong>Couleurs<\/strong><\/td>\n<td>Noir \u2219 Blanc \u2219 Rouge \u2219 Bleu \u2219 Vert \u2219 Jaune<\/td>\n<\/tr>\n<tr>\n<td><strong>\u00c9br\u00e9cher<\/strong><\/td>\n<td>Mifare Classic 1k original (NXP)<\/td>\n<\/tr>\n<tr>\n<td><strong>Fr\u00e9quence<\/strong><\/td>\n<td>13,56 MHz<\/td>\n<\/tr>\n<tr>\n<td><strong>M\u00e9moire<\/strong><\/td>\n<td>1 Ko (16 secteurs)<\/td>\n<\/tr>\n<tr>\n<td><strong>Mat\u00e9riel<\/strong><\/td>\n<td>Plastique ABS durable<\/td>\n<\/tr>\n<tr>\n<td><strong>\u00c9paisseur<\/strong><\/td>\n<td>2,9 mm<\/td>\n<\/tr>\n<tr>\n<td><strong>Num\u00e9ro standard<\/strong><\/td>\n<td>MFD\/MFR\/MFV grav\u00e9s (inclus)<\/td>\n<\/tr>\n<tr>\n<td><strong>Gravure\/logo suppl\u00e9mentaire<\/strong><\/td>\n<td>Possible \u2013 s\u00e9lectionnez l&#039;option ci-dessus<\/td>\n<\/tr>\n<\/tbody>\n<\/table>\n<h2>Livraison<\/h2>\n<ul>\n<li><strong>1 \u00e0 2 jours<\/strong> sur le produit en stock<\/li>\n<li>Avec gravure\/logo suppl\u00e9mentaire\u00a0: 2 \u00e0 4 jours + \u00e9preuve<\/li>\n<li>Livraison gratuite pour toute commande sup\u00e9rieure \u00e0 1000 SEK.<\/li>\n<\/ul>","protected":false},"excerpt":{"rendered":"<p><strong>Mifare 1k Classic ABS Pro - Num\u00e9ros de syst\u00e8me finis (Mifare 13,56 MHz)<\/strong><br \/>\n2,9 mm \u2219 Num\u00e9ros MFD\/MFR\/MFV d\u00e9j\u00e0 grav\u00e9s<br \/>\nFonctionne directement dans Aptus, RCO, Axema VAKA, etc. \u2219 Possibilit\u00e9 d'ajouter un logo ou un num\u00e9ro de s\u00e9rie<\/p>","protected":false},"featured_media":163688,"template":"","meta":{"_acf_changed":false},"product_brand":[],"product_cat":[1340,4784,2354],"product_tag":[2074,4146,2958,2991],"class_list":{"0":"post-41538","1":"product","2":"type-product","3":"status-publish","4":"has-post-thumbnail","6":"product_cat-rfid-tagg-abs-pro","7":"product_cat-mifare1k","8":"product_cat-rfid-taggar","9":"product_tag-ej-lagerfraga","10":"product_tag-nxp","11":"product_tag-stonehouse-produkt","12":"product_tag-std-nr-taggar","13":"product_shipping_class-postnord-varubrev","14":"pa_brands-stonehouse-security","15":"pa_chip-teknik-mifare1k","16":"pa_farg-rod","17":"tm-has-options","19":"first","20":"instock","21":"sale","22":"featured","23":"taxable","24":"shipping-taxable","25":"purchasable","26":"product-type-simple"},"acf":[],"_links":{"self":[{"href":"https:\/\/secureus.se\/fr\/wp-json\/wp\/v2\/product\/41538","targetHints":{"allow":["GET"]}}],"collection":[{"href":"https:\/\/secureus.se\/fr\/wp-json\/wp\/v2\/product"}],"about":[{"href":"https:\/\/secureus.se\/fr\/wp-json\/wp\/v2\/types\/product"}],"wp:featuredmedia":[{"embeddable":true,"href":"https:\/\/secureus.se\/fr\/wp-json\/wp\/v2\/media\/163688"}],"wp:attachment":[{"href":"https:\/\/secureus.se\/fr\/wp-json\/wp\/v2\/media?parent=41538"}],"wp:term":[{"taxonomy":"product_brand","embeddable":true,"href":"https:\/\/secureus.se\/fr\/wp-json\/wp\/v2\/product_brand?post=41538"},{"taxonomy":"product_cat","embeddable":true,"href":"https:\/\/secureus.se\/fr\/wp-json\/wp\/v2\/product_cat?post=41538"},{"taxonomy":"product_tag","embeddable":true,"href":"https:\/\/secureus.se\/fr\/wp-json\/wp\/v2\/product_tag?post=41538"}],"curies":[{"name":"wp","href":"https:\/\/api.w.org\/{rel}","templated":true}]}}