{"id":41549,"date":"2022-07-12T11:17:29","date_gmt":"2022-07-12T09:17:29","guid":{"rendered":"https:\/\/secureus.se\/produkt\/tagg-nyckelbricka-abs-pro-em4200-std-nr-2\/"},"modified":"2026-03-27T15:02:54","modified_gmt":"2026-03-27T14:02:54","slug":"tagg-em4200-vit-abs-pro-fardiga-systemnummer","status":"publish","type":"product","link":"https:\/\/secureus.se\/fr\/tagg-em4200-vit-abs-pro-fardiga-systemnummer\/","title":{"rendered":"EM4200 ABS Pro White - 2,9 mm Num\u00e9ros de syst\u00e8me finis (EM 125 kHz)"},"content":{"rendered":"<h1>EM4200 ABS Pro White - 2,9 mm Num\u00e9ros de syst\u00e8me finis (EM 125 kHz)<\/h1>\n<p><strong>L&#039;\u00e9tiquette \u00abpr\u00eate \u00e0 l&#039;emploi\u00bb la plus achet\u00e9e en Su\u00e8de - fonctionne directement dans 99 % de tous les syst\u00e8mes EM su\u00e9dois.<\/strong><br \/>\nD\u00e9j\u00e0 grav\u00e9es avec les num\u00e9ros A, R, S, AX, V ou B, elles sont pr\u00eates \u00e0 \u00eatre distribu\u00e9es d\u00e8s leur r\u00e9ception. Vous pouvez y ajouter votre logo ou des num\u00e9ros de s\u00e9rie suppl\u00e9mentaires si vous le souhaitez.<\/p>\n<p><strong>Utilisez-vous un syst\u00e8me EM diff\u00e9rent ou souhaitez-vous que le m\u00eame num\u00e9ro figure sur toutes les \u00e9tiquettes\u00a0?<\/strong><br \/>\nPas de probl\u00e8me \u2013 l&#039;\u00e9tiquette fonctionne dans <u>tous<\/u> Syst\u00e8me EM 125 kHz (ignorez alors simplement le num\u00e9ro grav\u00e9).<br \/>\nPr\u00e9f\u00e9reriez-vous avoir <strong>\u00c9tiquettes enti\u00e8rement vierges o\u00f9 vous contr\u00f4lez le design, le nombre et le pr\u00e9fixe jusqu&#039;\u00e0 100 %<\/strong>Alors vous choisissez <a href=\"\/fr\/em4200-anpassningsbara\/\">\u00c9tiquettes personnalisables ici<\/a> \u2013 le m\u00eame mod\u00e8le, mais compl\u00e8tement vide et programm\u00e9 exactement comme vous le souhaitez.<\/p>\n<div style=\"background: #e8f5e8;border: 2px solid #2e7d32;border-radius: 12px;padding: 20px;margin: 30px 0;text-align: center\">\n<h3 style=\"margin: 0 0 12px 0;color: #1b5e20\">Lecture correcte des num\u00e9ros de syst\u00e8me<\/h3>\n<p style=\"margin: 8px 0;font-size: 1.1em;line-height: 1.5\">A = Aptus \u2219 R = RCO \u2219 S = ASSA\/ARX \u2219 AX = Axema \u2219 V = VAKA \u2219 B = Bewator\/Vanderbilt<br \/>\n\u2192 Les num\u00e9ros sont lus physiquement par programmation \u00e0 partir de syst\u00e8mes r\u00e9els et grav\u00e9s sur l&#039;\u00e9tiquette \u2013 fonctionnement imm\u00e9diat garanti<\/p>\n<\/div>\n<div style=\"background: #fff3e0;border-left: 5px solid #ff9800;padding: 18px;margin: 30px 0\">\n<p style=\"margin: 0;font-size: 1.05em\"><strong>Souhaitez-vous les rendre encore plus jolies ou y apposer des num\u00e9ros de s\u00e9rie\u00a0?<\/strong><br \/>\nCliquez sur \u00ab Personnaliser le produit \u00bb en haut de la page\u00a0:<br \/>\n\u2713 Logo grav\u00e9 au laser<br \/>\n\u2713 Num\u00e9ro de s\u00e9rie suppl\u00e9mentaire en plus du num\u00e9ro standard<br \/>\n\u2713 Impression couleur du logo (min. 500 pi\u00e8ces)<br \/>\n\u2192 Nous envoyons toujours des \u00e9preuves avant la production<\/p>\n<\/div>\n<div style=\"background: #f4f9ff;border: 2px solid #0066cc;border-radius: 12px;padding: 20px;margin: 30px 0;text-align: center\">\n<h3 style=\"margin: 0 0 12px 0;color: #003366\">Vous h\u00e9sitez entre EM et Mifare ?<\/h3>\n<p style=\"margin: 8px 0;font-size: 1.05em;color: #333\">Essayez les deux techniques \u00e0 la maison pour seulement <strong>69 SEK. Livraison gratuite.<\/strong><br \/>\nRemboursement garanti pour l&#039;achat de 100 unit\u00e9s ou plus<\/p>\n<p><a style=\"display: inline-block;background: #0066cc;color: white;font-weight: bold;padding: 14px 32px;border-radius: 8px;text-decoration: none;margin: 15px 0;font-size: 1.1em\" href=\"\/fr\/testtagg-em-mifare\/\">Achetez l&#039;\u00e9tiquette de test maintenant \u2013 69 kr<\/a><\/p>\n<\/div>\n<h2>Syst\u00e8mes compatibles (d\u00e9j\u00e0 disponibles)<\/h2>\n<ul>\n<li>Championnat d&#039;Europe Aptus<\/li>\n<li>RCO Security EM<\/li>\n<li>ASSA ARX \/ Solide \/ Entr\u00e9e<\/li>\n<li>Axema et Axema REGARDER<\/li>\n<li>Championnat d&#039;Europe Bewator \/ Vanderbilt<\/li>\n<li>Paxton, Tidomat et autres \u2013 et tous les autres syst\u00e8mes EM<\/li>\n<\/ul>\n<h2>C\u2019est pourquoi les gestionnaires immobiliers, les serruriers et les soci\u00e9t\u00e9s de gestion de patrimoine choisissent celui-ci.<\/h2>\n<ul>\n<li>Num\u00e9ros pr\u00eats \u00e0 l&#039;emploi \u2013 aucune programmation ni r\u00e9glage, aucune attente<\/li>\n<li>ABS extr\u00eamement r\u00e9sistant de 2,9 mm, \u00e0 la fois durable et flexible<\/li>\n<li>Puce originale d&#039;EM Microelectronics<\/li>\n<li>Toujours des milliers d&#039;articles en stock \u2013 livraison en 1 \u00e0 2 jours<\/li>\n<\/ul>\n<h2>Sp\u00e9cification technique<\/h2>\n<table style=\"width: 100%;border-collapse: collapse;margin: 20px 0\">\n<tbody>\n<tr>\n<td><strong>Couleurs<\/strong><\/td>\n<td>Noir \u2219 Blanc \u2219 Rouge \u2219 Bleu \u2219 Vert \u2219 Jaune<\/td>\n<\/tr>\n<tr>\n<td><strong>\u00c9br\u00e9cher<\/strong><\/td>\n<td>EM4200 original (EM Micro\u00e9lectronique)<\/td>\n<\/tr>\n<tr>\n<td><strong>Fr\u00e9quence<\/strong><\/td>\n<td>125 kHz<\/td>\n<\/tr>\n<tr>\n<td><strong>Mat\u00e9riel<\/strong><\/td>\n<td>Plastique ABS durable<\/td>\n<\/tr>\n<tr>\n<td><strong>\u00c9paisseur<\/strong><\/td>\n<td>2,9 mm<\/td>\n<\/tr>\n<tr>\n<td><strong>Num\u00e9ro standard<\/strong><\/td>\n<td>Gravure A\/R\/S\/AX\/V\/B (incluse)<\/td>\n<\/tr>\n<tr>\n<td><strong>Gravure\/logo suppl\u00e9mentaire<\/strong><\/td>\n<td>Possible \u2013 s\u00e9lectionnez l&#039;option ci-dessus<\/td>\n<\/tr>\n<\/tbody>\n<\/table>\n<h2>Livraison<\/h2>\n<ul>\n<li><strong>1 \u00e0 2 jours<\/strong> sur le produit en stock<\/li>\n<li>Avec gravure\/logo suppl\u00e9mentaire\u00a0: 2 \u00e0 4 jours + \u00e9preuve<\/li>\n<li>Livraison gratuite pour toute commande sup\u00e9rieure \u00e0 1000 SEK.<\/li>\n<\/ul>","protected":false},"excerpt":{"rendered":"<p><strong>EM4200 ABS Pro - Num\u00e9ros de syst\u00e8me finalis\u00e9s (EM 125 kHz)<\/strong><\/p>\n<p>ABS robuste de 2,9 mm \u2219 Num\u00e9ros A\/R\/S\/AX\/V\/B d\u00e9j\u00e0 grav\u00e9s<br \/>\nFonctionne instantan\u00e9ment + possibilit\u00e9 d'ajouter votre propre logo ou num\u00e9ro de s\u00e9rie<\/p>\n<p style=\"color: #d32f2f;font-size: 0.95em;margin-top: 8px\">Syst\u00e8mes EM uniquement - pas Mifare<\/p>","protected":false},"featured_media":163684,"template":"","meta":{"_acf_changed":false},"product_brand":[],"product_cat":[1340,4783,2354],"product_tag":[2074,2405,2958,2991,2964],"class_list":{"0":"post-41549","1":"product","2":"type-product","3":"status-publish","4":"has-post-thumbnail","6":"product_cat-rfid-tagg-abs-pro","7":"product_cat-em4200-tagg","8":"product_cat-rfid-taggar","9":"product_tag-ej-lagerfraga","10":"product_tag-rel-rfid","11":"product_tag-stonehouse-produkt","12":"product_tag-std-nr-taggar","13":"product_tag-utvalda-taggar-em4200-4102","14":"product_shipping_class-postnord-varubrev","15":"pa_brands-stonehouse-security","16":"pa_chip-teknik-em4200-kompatibelt-med-4100-4102-och-4305","17":"pa_farg-vit","18":"tm-has-options","20":"first","21":"instock","22":"sale","23":"featured","24":"taxable","25":"shipping-taxable","26":"purchasable","27":"product-type-simple"},"acf":[],"_links":{"self":[{"href":"https:\/\/secureus.se\/fr\/wp-json\/wp\/v2\/product\/41549","targetHints":{"allow":["GET"]}}],"collection":[{"href":"https:\/\/secureus.se\/fr\/wp-json\/wp\/v2\/product"}],"about":[{"href":"https:\/\/secureus.se\/fr\/wp-json\/wp\/v2\/types\/product"}],"wp:featuredmedia":[{"embeddable":true,"href":"https:\/\/secureus.se\/fr\/wp-json\/wp\/v2\/media\/163684"}],"wp:attachment":[{"href":"https:\/\/secureus.se\/fr\/wp-json\/wp\/v2\/media?parent=41549"}],"wp:term":[{"taxonomy":"product_brand","embeddable":true,"href":"https:\/\/secureus.se\/fr\/wp-json\/wp\/v2\/product_brand?post=41549"},{"taxonomy":"product_cat","embeddable":true,"href":"https:\/\/secureus.se\/fr\/wp-json\/wp\/v2\/product_cat?post=41549"},{"taxonomy":"product_tag","embeddable":true,"href":"https:\/\/secureus.se\/fr\/wp-json\/wp\/v2\/product_tag?post=41549"}],"curies":[{"name":"wp","href":"https:\/\/api.w.org\/{rel}","templated":true}]}}