{"id":52102,"date":"2022-06-29T13:06:27","date_gmt":"2022-06-29T11:06:27","guid":{"rendered":"https:\/\/secureus.se\/produkt\/byglingspl-2x-1-5-par-sl\/"},"modified":"2026-03-26T11:40:14","modified_gmt":"2026-03-26T10:40:14","slug":"byglingspl-2x-1-5-par-sl","status":"publish","type":"product","link":"https:\/\/secureus.se\/fr\/byglingspl-2x-1-5-par-sl\/","title":{"rendered":"Parglingpl. 2X 1-5 Par SL"},"content":{"rendered":"<p>Borne de cavalier avec borne de connexion s\u00e9par\u00e9e pour le c\u00e2ble d&#039;alimentation entrant connect\u00e9 en parall\u00e8le avec borne de connexion s\u00e9par\u00e9e pour les c\u00e2bles de distribution sortants. Une paire pour 10 paires ou 1 paire pour 5 paires sur 2 sections. Borne de connexion s\u00e9par\u00e9e pour \u00e9cran.<\/p>","protected":false},"excerpt":{"rendered":"<p>Borne de cavalier avec borne de connexion s\u00e9par\u00e9e pour le c\u00e2ble d&#039;alimentation entrant connect\u00e9 en parall\u00e8le avec borne de connexion s\u00e9par\u00e9e pour les c\u00e2bles de distribution sortants. Une paire entrante pour 10 paires sortantes ou 1 paire entrante pour 5 paires sortantes 2<\/p>","protected":false},"featured_media":142519,"template":"","meta":{"_acf_changed":false},"product_brand":[],"product_cat":[1547],"product_tag":[2212],"class_list":{"0":"post-52102","1":"product","2":"type-product","3":"status-publish","4":"has-post-thumbnail","6":"product_cat-plint-larm-telebox","7":"product_tag-box-bygling-buss","8":"product_shipping_class-postnord-varubrev","9":"pa_brands-alarmtech","10":"tm-no-options","12":"first","13":"outofstock","14":"sale","15":"taxable","16":"shipping-taxable","17":"purchasable","18":"product-type-simple"},"acf":[],"_links":{"self":[{"href":"https:\/\/secureus.se\/fr\/wp-json\/wp\/v2\/product\/52102","targetHints":{"allow":["GET"]}}],"collection":[{"href":"https:\/\/secureus.se\/fr\/wp-json\/wp\/v2\/product"}],"about":[{"href":"https:\/\/secureus.se\/fr\/wp-json\/wp\/v2\/types\/product"}],"wp:featuredmedia":[{"embeddable":true,"href":"https:\/\/secureus.se\/fr\/wp-json\/wp\/v2\/media\/142519"}],"wp:attachment":[{"href":"https:\/\/secureus.se\/fr\/wp-json\/wp\/v2\/media?parent=52102"}],"wp:term":[{"taxonomy":"product_brand","embeddable":true,"href":"https:\/\/secureus.se\/fr\/wp-json\/wp\/v2\/product_brand?post=52102"},{"taxonomy":"product_cat","embeddable":true,"href":"https:\/\/secureus.se\/fr\/wp-json\/wp\/v2\/product_cat?post=52102"},{"taxonomy":"product_tag","embeddable":true,"href":"https:\/\/secureus.se\/fr\/wp-json\/wp\/v2\/product_tag?post=52102"}],"curies":[{"name":"wp","href":"https:\/\/api.w.org\/{rel}","templated":true}]}}