{"id":52130,"date":"2022-06-29T12:49:00","date_gmt":"2022-06-29T10:49:00","guid":{"rendered":"https:\/\/secureus.se\/produkt\/karmoverforing-dl-6\/"},"modified":"2026-04-08T16:50:11","modified_gmt":"2026-04-08T14:50:11","slug":"karmoverforing-dl-6","status":"publish","type":"product","link":"https:\/\/secureus.se\/fr\/karmoverforing-dl-6\/","title":{"rendered":"Cadre de transmission Dl 6 avec spirale"},"content":{"rendered":"<p>Transmission \u00e0 cadre avec cordon spiral\u00e9 dot\u00e9 de connecteurs modulaires aux deux extr\u00e9mit\u00e9s de la transmission pour faciliter l&#039;installation. Les bo\u00eetes de jonction fournies disposent de v\u00e9ritables bornes \u00e0 vis pour une installation s\u00fbre et soign\u00e9e.<\/p>","protected":false},"excerpt":{"rendered":"<p>Transmission \u00e0 cadre avec cordon spiral\u00e9 dot\u00e9 de connecteurs modulaires aux deux extr\u00e9mit\u00e9s de la transmission pour faciliter l&#039;installation. Les bo\u00eetes de jonction fournies disposent de v\u00e9ritables bornes \u00e0 vis pour une installation s\u00fbre et soign\u00e9e.<\/p>","protected":false},"featured_media":142727,"template":"","meta":{"_acf_changed":false},"product_brand":[],"product_cat":[1546],"product_tag":[],"class_list":{"0":"post-52130","1":"product","2":"type-product","3":"status-publish","4":"has-post-thumbnail","6":"product_cat-kabeloverforing","7":"product_shipping_class-postnord-varubrev","8":"pa_farg-vit","9":"tm-no-options","11":"first","12":"instock","13":"sale","14":"taxable","15":"shipping-taxable","16":"purchasable","17":"product-type-simple"},"acf":[],"_links":{"self":[{"href":"https:\/\/secureus.se\/fr\/wp-json\/wp\/v2\/product\/52130","targetHints":{"allow":["GET"]}}],"collection":[{"href":"https:\/\/secureus.se\/fr\/wp-json\/wp\/v2\/product"}],"about":[{"href":"https:\/\/secureus.se\/fr\/wp-json\/wp\/v2\/types\/product"}],"wp:featuredmedia":[{"embeddable":true,"href":"https:\/\/secureus.se\/fr\/wp-json\/wp\/v2\/media\/142727"}],"wp:attachment":[{"href":"https:\/\/secureus.se\/fr\/wp-json\/wp\/v2\/media?parent=52130"}],"wp:term":[{"taxonomy":"product_brand","embeddable":true,"href":"https:\/\/secureus.se\/fr\/wp-json\/wp\/v2\/product_brand?post=52130"},{"taxonomy":"product_cat","embeddable":true,"href":"https:\/\/secureus.se\/fr\/wp-json\/wp\/v2\/product_cat?post=52130"},{"taxonomy":"product_tag","embeddable":true,"href":"https:\/\/secureus.se\/fr\/wp-json\/wp\/v2\/product_tag?post=52130"}],"curies":[{"name":"wp","href":"https:\/\/api.w.org\/{rel}","templated":true}]}}