{"id":52150,"date":"2022-06-29T13:09:47","date_gmt":"2022-06-29T11:09:47","guid":{"rendered":"https:\/\/secureus.se\/produkt\/larmset-k-dosa-16pol-sl-sl\/"},"modified":"2026-04-08T16:56:21","modified_gmt":"2026-04-08T14:56:21","slug":"larmset-k-dosa-16pol-sl-sl","status":"publish","type":"product","link":"https:\/\/secureus.se\/fr\/larmset-k-dosa-16pol-sl-sl\/","title":{"rendered":"Ensemble d&#039;alarme K-Dosa 16Pol Sl\/Sl"},"content":{"rendered":"<p>Borne de connexion pour montage encastr\u00e9 dans une bo\u00eete de jonction (dimensions ext\u00e9rieures 82 mm) avec espacement des trous c\/c 67 mm. Bornier avec bornes \u00e0 fente (LSA) pour fil multiconducteur de 0,4 \u00e0 0,7 mm (surface 0,14 \u00e0 0,4 mm2), 16 pi\u00e8ces pour le c\u00e2ble entrant et 16 pi\u00e8ces pour le c\u00e2ble sortant. Livr\u00e9 avec un couvercle carr\u00e9 92\u00d792 mm en plastique blanc UL94-V0.<\/p>","protected":false},"excerpt":{"rendered":"<p>Borne de connexion pour montage encastr\u00e9 dans une bo\u00eete de jonction (dimensions ext\u00e9rieures 82 mm) avec espacement des trous c\/c 67 mm. Bornier avec bornes \u00e0 fente (LSA) pour fil multiconducteur 0,4-0,7 mm (zone 0,14-0,4 mm2) 16 pi\u00e8ces pour c\u00e2ble entrant et 16 pi\u00e8ces<\/p>","protected":false},"featured_media":142280,"template":"","meta":{"_acf_changed":false},"product_brand":[],"product_cat":[1545],"product_tag":[2216,2222],"class_list":{"0":"post-52150","1":"product","2":"type-product","3":"status-publish","4":"has-post-thumbnail","6":"product_cat-kopplingsdosa-larmdosa","7":"product_tag-dosa-16-polig","8":"product_tag-dosa-for-kopplingsdosa-k-dosa","9":"product_shipping_class-postnord-varubrev","10":"pa_brands-alarmtech","11":"pa_farg-ovrigt","12":"tm-no-options","14":"first","15":"outofstock","16":"sale","17":"taxable","18":"shipping-taxable","19":"purchasable","20":"product-type-simple"},"acf":[],"_links":{"self":[{"href":"https:\/\/secureus.se\/fr\/wp-json\/wp\/v2\/product\/52150","targetHints":{"allow":["GET"]}}],"collection":[{"href":"https:\/\/secureus.se\/fr\/wp-json\/wp\/v2\/product"}],"about":[{"href":"https:\/\/secureus.se\/fr\/wp-json\/wp\/v2\/types\/product"}],"wp:featuredmedia":[{"embeddable":true,"href":"https:\/\/secureus.se\/fr\/wp-json\/wp\/v2\/media\/142280"}],"wp:attachment":[{"href":"https:\/\/secureus.se\/fr\/wp-json\/wp\/v2\/media?parent=52150"}],"wp:term":[{"taxonomy":"product_brand","embeddable":true,"href":"https:\/\/secureus.se\/fr\/wp-json\/wp\/v2\/product_brand?post=52150"},{"taxonomy":"product_cat","embeddable":true,"href":"https:\/\/secureus.se\/fr\/wp-json\/wp\/v2\/product_cat?post=52150"},{"taxonomy":"product_tag","embeddable":true,"href":"https:\/\/secureus.se\/fr\/wp-json\/wp\/v2\/product_tag?post=52150"}],"curies":[{"name":"wp","href":"https:\/\/api.w.org\/{rel}","templated":true}]}}