{"id":52152,"date":"2022-06-29T13:09:19","date_gmt":"2022-06-29T11:09:19","guid":{"rendered":"https:\/\/secureus.se\/produkt\/aterstallningsbox-infalld\/"},"modified":"2026-03-26T11:40:02","modified_gmt":"2026-03-26T10:40:02","slug":"aterstallningsbox-infalld","status":"publish","type":"product","link":"https:\/\/secureus.se\/fr\/aterstallningsbox-infalld\/","title":{"rendered":"Bo\u00eete de r\u00e9cup\u00e9ration \u00e0 encastrer"},"content":{"rendered":"<p>L&#039;interrupteur coupe le chemin entre les connexions 02 et 12 lorsqu&#039;il est enfonc\u00e9, par exemple pour r\u00e9initialiser les d\u00e9tecteurs de verre du relais. Avec LED et Buzzer. Borne \u00e0 vis connect\u00e9e aux p\u00f4les avec fonction de levage pour fil de 0,14 \u00e0 1 mm2. \u00c9galement disponible en bo\u00eetier de montage, voir art. n\u00b0 28319.03 (E. n\u00b0 5015207). Livr\u00e9 avec cache, blanc 86x86mm.<\/p>","protected":false},"excerpt":{"rendered":"<p>L&#039;interrupteur coupe le chemin entre les connexions 02 et 12 lorsqu&#039;il est enfonc\u00e9, par exemple pour r\u00e9initialiser les d\u00e9tecteurs de verre du relais. Avec LED et Buzzer. Borne \u00e0 vis connect\u00e9e aux p\u00f4les avec fonction de levage pour fil de 0,14 \u00e0 1 mm2. \u00c9galement disponible en montage en surface<\/p>","protected":false},"featured_media":142507,"template":"","meta":{"_acf_changed":false},"product_brand":[],"product_cat":[1545],"product_tag":[2218],"class_list":{"0":"post-52152","1":"product","2":"type-product","3":"status-publish","4":"has-post-thumbnail","6":"product_cat-kopplingsdosa-larmdosa","7":"product_tag-dosa-glaskross","8":"product_shipping_class-postnord-varubrev","9":"pa_brands-alarmtech","10":"pa_farg-vit","11":"tm-no-options","13":"first","14":"outofstock","15":"sale","16":"taxable","17":"shipping-taxable","18":"purchasable","19":"product-type-simple"},"acf":[],"_links":{"self":[{"href":"https:\/\/secureus.se\/fr\/wp-json\/wp\/v2\/product\/52152","targetHints":{"allow":["GET"]}}],"collection":[{"href":"https:\/\/secureus.se\/fr\/wp-json\/wp\/v2\/product"}],"about":[{"href":"https:\/\/secureus.se\/fr\/wp-json\/wp\/v2\/types\/product"}],"wp:featuredmedia":[{"embeddable":true,"href":"https:\/\/secureus.se\/fr\/wp-json\/wp\/v2\/media\/142507"}],"wp:attachment":[{"href":"https:\/\/secureus.se\/fr\/wp-json\/wp\/v2\/media?parent=52152"}],"wp:term":[{"taxonomy":"product_brand","embeddable":true,"href":"https:\/\/secureus.se\/fr\/wp-json\/wp\/v2\/product_brand?post=52152"},{"taxonomy":"product_cat","embeddable":true,"href":"https:\/\/secureus.se\/fr\/wp-json\/wp\/v2\/product_cat?post=52152"},{"taxonomy":"product_tag","embeddable":true,"href":"https:\/\/secureus.se\/fr\/wp-json\/wp\/v2\/product_tag?post=52152"}],"curies":[{"name":"wp","href":"https:\/\/api.w.org\/{rel}","templated":true}]}}