{"id":52159,"date":"2022-06-29T13:06:55","date_gmt":"2022-06-29T11:06:55","guid":{"rendered":"https:\/\/secureus.se\/produkt\/bussplint-2x-1-3-par-avsak\/"},"modified":"2026-04-08T16:57:47","modified_gmt":"2026-04-08T14:57:47","slug":"bussplint-2x-1-3-par-avsak","status":"publish","type":"product","link":"https:\/\/secureus.se\/fr\/bussplint-2x-1-3-par-avsak\/","title":{"rendered":"Terminal de bus 2X 1-3 paires Dep"},"content":{"rendered":"<p>Terminal de bus 6 broches\u00a0: 3 \u00d7 1 paire de c\u00e2ble entrant r\u00e9partie sur 3 x 3 paires de sortie. La troisi\u00e8me paire est s\u00e9curis\u00e9e \u00e0 deux endroits o\u00f9 sont s\u00e9curis\u00e9es les deux derni\u00e8res paires sortantes (08+09). Bornes \u00e0 vis avec fonction \u00e9l\u00e9vateur pour fil 0,14-1 mm2. Borne s\u00e9par\u00e9e pour la connexion de l&#039;\u00e9cran. Complet avec terminal de signature 3131.01 (Enr. 5015386). Le socle s&#039;inscrit dans le programme plastique et t\u00f4le de Fatum.<\/p>","protected":false},"excerpt":{"rendered":"<p>Terminal de bus 6 broches\u00a0: 3 \u00d7 1 paire de c\u00e2ble entrant r\u00e9partie sur 3 x 3 paires de sortie. La troisi\u00e8me paire est s\u00e9curis\u00e9e \u00e0 deux endroits o\u00f9 les deux derni\u00e8res paires sortantes (08+09)<\/p>","protected":false},"featured_media":142144,"template":"","meta":{"_acf_changed":false},"product_brand":[],"product_cat":[1547],"product_tag":[2212],"class_list":{"0":"post-52159","1":"product","2":"type-product","3":"status-publish","4":"has-post-thumbnail","6":"product_cat-plint-larm-telebox","7":"product_tag-box-bygling-buss","8":"product_shipping_class-postnord-varubrev","9":"pa_brands-alarmtech","10":"tm-no-options","12":"first","13":"instock","14":"sale","15":"taxable","16":"shipping-taxable","17":"purchasable","18":"product-type-simple"},"acf":[],"_links":{"self":[{"href":"https:\/\/secureus.se\/fr\/wp-json\/wp\/v2\/product\/52159","targetHints":{"allow":["GET"]}}],"collection":[{"href":"https:\/\/secureus.se\/fr\/wp-json\/wp\/v2\/product"}],"about":[{"href":"https:\/\/secureus.se\/fr\/wp-json\/wp\/v2\/types\/product"}],"wp:featuredmedia":[{"embeddable":true,"href":"https:\/\/secureus.se\/fr\/wp-json\/wp\/v2\/media\/142144"}],"wp:attachment":[{"href":"https:\/\/secureus.se\/fr\/wp-json\/wp\/v2\/media?parent=52159"}],"wp:term":[{"taxonomy":"product_brand","embeddable":true,"href":"https:\/\/secureus.se\/fr\/wp-json\/wp\/v2\/product_brand?post=52159"},{"taxonomy":"product_cat","embeddable":true,"href":"https:\/\/secureus.se\/fr\/wp-json\/wp\/v2\/product_cat?post=52159"},{"taxonomy":"product_tag","embeddable":true,"href":"https:\/\/secureus.se\/fr\/wp-json\/wp\/v2\/product_tag?post=52159"}],"curies":[{"name":"wp","href":"https:\/\/api.w.org\/{rel}","templated":true}]}}