{"id":52180,"date":"2022-06-29T13:00:43","date_gmt":"2022-06-29T11:00:43","guid":{"rendered":"https:\/\/secureus.se\/produkt\/kk-lada-for-20-plint\/"},"modified":"2026-03-26T11:40:48","modified_gmt":"2026-03-26T10:40:48","slug":"kk-lada-for-20-plint","status":"publish","type":"product","link":"https:\/\/secureus.se\/fr\/kk-lada-for-20-plint\/","title":{"rendered":"Bo\u00eete Kk pour 20 bornes"},"content":{"rendered":"<p>Coffret robuste en t\u00f4le galvanis\u00e9e avec couvercle laqu\u00e9 blanc et sorties de c\u00e2bles pr\u00e9-perfor\u00e9es recouvertes de fiches en plastique. Dimensions 422x528x38mm. S&#039;adapte \u00e0 tous les terminaux de module du programme Fatum et est pr\u00e9par\u00e9 pour 20 modules. A compl\u00e9ter avec plaque de signalisation pour mur 3132.01 (5015560), prise suppl\u00e9mentaire 0905.18 (5015540) et entretoises murales 2590.04 (5015360) ou borne de signalisation r\u00e9f.<\/p>","protected":false},"excerpt":{"rendered":"<p>Coffret robuste en t\u00f4le galvanis\u00e9e avec couvercle laqu\u00e9 blanc et sorties de c\u00e2bles pr\u00e9-perfor\u00e9es recouvertes de fiches en plastique. Dimensions 422x528x38mm. S&#039;adapte \u00e0 tous les terminaux de module du programme Fatum et est pr\u00e9par\u00e9 pour 20 modules. Complet avec plaque de signature<\/p>","protected":false},"featured_media":142934,"template":"","meta":{"_acf_changed":false},"product_brand":[],"product_cat":[1547],"product_tag":[],"class_list":{"0":"post-52180","1":"product","2":"type-product","3":"status-publish","4":"has-post-thumbnail","6":"product_cat-plint-larm-telebox","7":"product_shipping_class-postnord-varubrev","8":"pa_brands-alarmtech","9":"tm-no-options","11":"first","12":"outofstock","13":"sale","14":"taxable","15":"shipping-taxable","16":"purchasable","17":"product-type-simple"},"acf":[],"_links":{"self":[{"href":"https:\/\/secureus.se\/fr\/wp-json\/wp\/v2\/product\/52180","targetHints":{"allow":["GET"]}}],"collection":[{"href":"https:\/\/secureus.se\/fr\/wp-json\/wp\/v2\/product"}],"about":[{"href":"https:\/\/secureus.se\/fr\/wp-json\/wp\/v2\/types\/product"}],"wp:featuredmedia":[{"embeddable":true,"href":"https:\/\/secureus.se\/fr\/wp-json\/wp\/v2\/media\/142934"}],"wp:attachment":[{"href":"https:\/\/secureus.se\/fr\/wp-json\/wp\/v2\/media?parent=52180"}],"wp:term":[{"taxonomy":"product_brand","embeddable":true,"href":"https:\/\/secureus.se\/fr\/wp-json\/wp\/v2\/product_brand?post=52180"},{"taxonomy":"product_cat","embeddable":true,"href":"https:\/\/secureus.se\/fr\/wp-json\/wp\/v2\/product_cat?post=52180"},{"taxonomy":"product_tag","embeddable":true,"href":"https:\/\/secureus.se\/fr\/wp-json\/wp\/v2\/product_tag?post=52180"}],"curies":[{"name":"wp","href":"https:\/\/api.w.org\/{rel}","templated":true}]}}