{"id":52183,"date":"2022-06-29T12:59:36","date_gmt":"2022-06-29T10:59:36","guid":{"rendered":"https:\/\/secureus.se\/produkt\/kopplingsbox-plat-4-plint\/"},"modified":"2026-03-26T11:40:56","modified_gmt":"2026-03-26T10:40:56","slug":"kopplingsbox-plat-4-plint","status":"publish","type":"product","link":"https:\/\/secureus.se\/fr\/kopplingsbox-plat-4-plint\/","title":{"rendered":"Bo\u00eete de jonction Plaque 4 Borne"},"content":{"rendered":"<p>Coffret robuste en t\u00f4le galvanis\u00e9e avec couvercle laqu\u00e9 blanc et sorties de c\u00e2bles pr\u00e9-perfor\u00e9es recouvertes de fiches en plastique. Dimensions 128x207x38mm. S&#039;adapte \u00e0 tous les terminaux de modules du programme Fatum et est pr\u00e9par\u00e9 pour 4 modules. La bo\u00eete est \u00e9galement disponible dans la m\u00eame taille mais avec une ouverture signature, voir 3204.03 (5015261). A compl\u00e9ter avec plaque de signature pour mur num\u00e9ro d&#039;article 3132.01 (5015560), cheville suppl\u00e9mentaire 0905.18 (5015540) et entretoises murales 2590.04 (5015360)<\/p>","protected":false},"excerpt":{"rendered":"<p>Coffret robuste en t\u00f4le galvanis\u00e9e avec couvercle laqu\u00e9 blanc et sorties de c\u00e2bles pr\u00e9-perfor\u00e9es recouvertes de fiches en plastique. Dimensions 128x207x38mm. S&#039;adapte \u00e0 tous les terminaux de module du programme Fatum et est pr\u00e9par\u00e9 pour 4 modules. Le coffret est \u00e9galement disponible<\/p>","protected":false},"featured_media":142371,"template":"","meta":{"_acf_changed":false},"product_brand":[],"product_cat":[1547],"product_tag":[2210],"class_list":{"0":"post-52183","1":"product","2":"type-product","3":"status-publish","4":"has-post-thumbnail","6":"product_cat-plint-larm-telebox","7":"product_tag-box-plat","8":"product_shipping_class-postnord-varubrev","9":"pa_brands-alarmtech","10":"tm-no-options","12":"first","13":"outofstock","14":"sale","15":"taxable","16":"shipping-taxable","17":"purchasable","18":"product-type-simple"},"acf":[],"_links":{"self":[{"href":"https:\/\/secureus.se\/fr\/wp-json\/wp\/v2\/product\/52183","targetHints":{"allow":["GET"]}}],"collection":[{"href":"https:\/\/secureus.se\/fr\/wp-json\/wp\/v2\/product"}],"about":[{"href":"https:\/\/secureus.se\/fr\/wp-json\/wp\/v2\/types\/product"}],"wp:featuredmedia":[{"embeddable":true,"href":"https:\/\/secureus.se\/fr\/wp-json\/wp\/v2\/media\/142371"}],"wp:attachment":[{"href":"https:\/\/secureus.se\/fr\/wp-json\/wp\/v2\/media?parent=52183"}],"wp:term":[{"taxonomy":"product_brand","embeddable":true,"href":"https:\/\/secureus.se\/fr\/wp-json\/wp\/v2\/product_brand?post=52183"},{"taxonomy":"product_cat","embeddable":true,"href":"https:\/\/secureus.se\/fr\/wp-json\/wp\/v2\/product_cat?post=52183"},{"taxonomy":"product_tag","embeddable":true,"href":"https:\/\/secureus.se\/fr\/wp-json\/wp\/v2\/product_tag?post=52183"}],"curies":[{"name":"wp","href":"https:\/\/api.w.org\/{rel}","templated":true}]}}