{"id":52184,"date":"2022-06-29T12:59:25","date_gmt":"2022-06-29T10:59:25","guid":{"rendered":"https:\/\/secureus.se\/produkt\/aterstallningsbox-sab\/"},"modified":"2026-03-26T11:40:57","modified_gmt":"2026-03-26T10:40:57","slug":"aterstallningsbox-sab","status":"publish","type":"product","link":"https:\/\/secureus.se\/fr\/aterstallningsbox-sab\/","title":{"rendered":"R\u00e9initialiser la bo\u00eete samedi"},"content":{"rendered":"<p>Utilis\u00e9 avantageusement pour r\u00e9initialiser divers types de d\u00e9tecteurs 12 V (par exemple, les d\u00e9tecteurs de relais-brise-verre) ou de lignes \u00e0 faible courant que vous souhaitez d\u00e9connecter de mani\u00e8re contr\u00f4l\u00e9e. Produit complet dans une petite bo\u00eete en plastique UL94-V0 (ignifug\u00e9, sans halog\u00e8ne) qui peut \u00eatre compl\u00e9t\u00e9e par des entretoises murales empilables 6 mm (2581.06, Enr 5015236) ou 13 mm (2581.13, Enr 5015238) ou une plaque signal\u00e9tique murale (3132.01, Num\u00e9ro 5015560). \u00c9galement disponible en version encastr\u00e9e (6139.03, Enr 5015501).<\/p>","protected":false},"excerpt":{"rendered":"<p>Utilis\u00e9 avantageusement pour r\u00e9initialiser divers types de d\u00e9tecteurs 12 V (par exemple les d\u00e9tecteurs de relais-brise-verre) ou de lignes \u00e0 faible courant que vous souhaitez d\u00e9connecter de mani\u00e8re contr\u00f4l\u00e9e. Produit complet dans une petite bo\u00eete en plastique UL94-V0 (ignifug\u00e9, sans halog\u00e8ne) comme<\/p>","protected":false},"featured_media":142379,"template":"","meta":{"_acf_changed":false},"product_brand":[],"product_cat":[1545],"product_tag":[2218],"class_list":{"0":"post-52184","1":"product","2":"type-product","3":"status-publish","4":"has-post-thumbnail","6":"product_cat-kopplingsdosa-larmdosa","7":"product_tag-dosa-glaskross","8":"product_shipping_class-postnord-varubrev","9":"pa_brands-alarmtech","10":"pa_farg-vit","11":"tm-no-options","13":"first","14":"outofstock","15":"sale","16":"taxable","17":"shipping-taxable","18":"purchasable","19":"product-type-simple"},"acf":[],"_links":{"self":[{"href":"https:\/\/secureus.se\/fr\/wp-json\/wp\/v2\/product\/52184","targetHints":{"allow":["GET"]}}],"collection":[{"href":"https:\/\/secureus.se\/fr\/wp-json\/wp\/v2\/product"}],"about":[{"href":"https:\/\/secureus.se\/fr\/wp-json\/wp\/v2\/types\/product"}],"wp:featuredmedia":[{"embeddable":true,"href":"https:\/\/secureus.se\/fr\/wp-json\/wp\/v2\/media\/142379"}],"wp:attachment":[{"href":"https:\/\/secureus.se\/fr\/wp-json\/wp\/v2\/media?parent=52184"}],"wp:term":[{"taxonomy":"product_brand","embeddable":true,"href":"https:\/\/secureus.se\/fr\/wp-json\/wp\/v2\/product_brand?post=52184"},{"taxonomy":"product_cat","embeddable":true,"href":"https:\/\/secureus.se\/fr\/wp-json\/wp\/v2\/product_cat?post=52184"},{"taxonomy":"product_tag","embeddable":true,"href":"https:\/\/secureus.se\/fr\/wp-json\/wp\/v2\/product_tag?post=52184"}],"curies":[{"name":"wp","href":"https:\/\/api.w.org\/{rel}","templated":true}]}}