{"id":52185,"date":"2022-06-29T12:59:18","date_gmt":"2022-06-29T10:59:18","guid":{"rendered":"https:\/\/secureus.se\/produkt\/larmbox-16-pol-10-kohm\/"},"modified":"2026-04-23T10:46:03","modified_gmt":"2026-04-23T08:46:03","slug":"larmbox-16-pol-10-kohm","status":"publish","type":"product","link":"https:\/\/secureus.se\/fr\/larmbox-16-pol-10-kohm\/","title":{"rendered":"Bo\u00eete d&#039;alarme 16 p\u00f4les 1,0 Kohm"},"content":{"rendered":"<p>Connexion du conducteur pour un diam\u00e8tre de fil de 0,4 \u00e0 0,7 mm. Bornier s\u00e9par\u00e9 pour les c\u00e2bles entrants et sortants. Produit complet dans une petite bo\u00eete blanche en plastique UL94-V0 (ignifug\u00e9 et sans halog\u00e8ne) d&#039;\u00e9paisseur stable. La bo\u00eete de jonction peut \u00eatre compl\u00e9t\u00e9e par des entretoises murales empilables de 6 mm ou 13 mm de long, voir 2581.06 (Enr. 5015236) ou 2581.13 (Enr. 5015238) et une petite plaque signal\u00e9tique murale, voir 3132.01 (Enr. 5015560).<\/p>","protected":false},"excerpt":{"rendered":"<p>Connexion du conducteur pour un diam\u00e8tre de fil de 0,4 \u00e0 0,7 mm. Bornier s\u00e9par\u00e9 pour les c\u00e2bles entrants et sortants. Produit complet dans une petite bo\u00eete blanche en plastique UL94-V0 (ignifug\u00e9 et sans halog\u00e8ne) d&#039;\u00e9paisseur stable. La bo\u00eete de jonction peut \u00eatre compl\u00e9t\u00e9e<\/p>","protected":false},"featured_media":142395,"template":"","meta":{"_acf_changed":false},"product_brand":[],"product_cat":[1545],"product_tag":[2216],"class_list":{"0":"post-52185","1":"product","2":"type-product","3":"status-publish","4":"has-post-thumbnail","6":"product_cat-kopplingsdosa-larmdosa","7":"product_tag-dosa-16-polig","8":"product_shipping_class-postnord-varubrev","9":"pa_brands-alarmtech","10":"pa_farg-vit","11":"tm-no-options","13":"first","14":"outofstock","15":"sale","16":"taxable","17":"shipping-taxable","18":"purchasable","19":"product-type-simple"},"acf":[],"_links":{"self":[{"href":"https:\/\/secureus.se\/fr\/wp-json\/wp\/v2\/product\/52185","targetHints":{"allow":["GET"]}}],"collection":[{"href":"https:\/\/secureus.se\/fr\/wp-json\/wp\/v2\/product"}],"about":[{"href":"https:\/\/secureus.se\/fr\/wp-json\/wp\/v2\/types\/product"}],"wp:featuredmedia":[{"embeddable":true,"href":"https:\/\/secureus.se\/fr\/wp-json\/wp\/v2\/media\/142395"}],"wp:attachment":[{"href":"https:\/\/secureus.se\/fr\/wp-json\/wp\/v2\/media?parent=52185"}],"wp:term":[{"taxonomy":"product_brand","embeddable":true,"href":"https:\/\/secureus.se\/fr\/wp-json\/wp\/v2\/product_brand?post=52185"},{"taxonomy":"product_cat","embeddable":true,"href":"https:\/\/secureus.se\/fr\/wp-json\/wp\/v2\/product_cat?post=52185"},{"taxonomy":"product_tag","embeddable":true,"href":"https:\/\/secureus.se\/fr\/wp-json\/wp\/v2\/product_tag?post=52185"}],"curies":[{"name":"wp","href":"https:\/\/api.w.org\/{rel}","templated":true}]}}